{"id":10289,"date":"2024-03-14T13:24:21","date_gmt":"2024-03-14T12:24:21","guid":{"rendered":"http:\/\/delikatesy.wineport.pl\/?product=wino-la-celia-cabernet-sauvignon-reserva-czerwone-wytrawne-argentyna-075l"},"modified":"2026-05-10T17:57:05","modified_gmt":"2026-05-10T15:57:05","slug":"wino-la-celia-cabernet-sauvignon-reserva-czerwone-wytrawne-argentyna-075l","status":"publish","type":"product","link":"http:\/\/delikatesy.wineport.pl\/?product=wino-la-celia-cabernet-sauvignon-reserva-czerwone-wytrawne-argentyna-075l","title":{"rendered":"Wino La Celia Cabernet Sauvignon RESERVA &#8211; Czerwone Wytrawne Argentyna 0,75L"},"content":{"rendered":"<p><span style=\"color: #ff0000; font-size: 16px; font-family: arial, helvetica, sans-serif;\">UWAGA!!! NIE WYSY\u0141AMY ALKOHOLU W PRZYPADKU ZAM\u00d3WIE\u0143 OD OS\u00d3B PRYWATNYCH, TYLKO ODBI\u00d3R OSOBISTY NA UL. \u015aW. STANIS\u0141AWA 12 W WARSZAWIE!!! W przypadku op\u0142acenia zam\u00f3wienia alkoholu z wysy\u0142k\u0105, przy zwrocie pieni\u0119dzy zostanie potr\u0105cona prowizja dotpay!<\/span><\/p>\n<p>La Celia \u2013 Reserva Cabernet Sauvignon<br \/>Wino wyprodukowane ze starannie wybranych winogron pochodz\u0105cych z naszych winnic w dolinie Uco po\u0142o\u017conej w prowincji Mendoza . Sw\u00f3j charakter zawdzi\u0119cza dojrzewaniu przez 12 miesi\u0119cy w d\u0119bowych beczkach. W jego wspania\u0142ym aromacie dominuje nuta czerwonych owoc\u00f3w oraz s\u0142odkiej papryki i wanilii. W palacie wyczuwa si\u0119 s\u0142odk\u0105, jedwabist\u0105 tanin\u0119. Wino ma dobr\u0105 struktur\u0119 i d\u0142ugie wyko\u0144czenie. Nale\u017cy\u00a0podawa\u0107\u00a0w\u00a0temperaturze\u00a020\u00a0C. <\/p>\n<p>butelka 075l<\/p>\n","protected":false},"excerpt":{"rendered":"<p>La Celia \u2013 Reserva Cabernet Sauvignon Wino wyprodukowane ze starannie wybranych winogron pochodz\u0105cych z naszych winnic w dolinie Uco po\u0142o\u017conej w prowincji Mendoza . Sw\u00f3j charakter zawdzi\u0119cza dojrzewaniu przez 12 miesi\u0119cy w d\u0119bowych beczkach. W jego w&#8230;<\/p>\n","protected":false},"featured_media":10288,"comment_status":"open","ping_status":"closed","template":"","meta":[],"product_cat":[81,80],"product_tag":[],"class_list":{"0":"post-10289","1":"product","2":"type-product","3":"status-publish","4":"has-post-thumbnail","6":"product_cat-argentyna","7":"product_cat-wina-swiata","9":"first","10":"instock","11":"shipping-taxable","12":"purchasable","13":"product-type-simple"},"_links":{"self":[{"href":"http:\/\/delikatesy.wineport.pl\/index.php?rest_route=\/wp\/v2\/product\/10289","targetHints":{"allow":["GET"]}}],"collection":[{"href":"http:\/\/delikatesy.wineport.pl\/index.php?rest_route=\/wp\/v2\/product"}],"about":[{"href":"http:\/\/delikatesy.wineport.pl\/index.php?rest_route=\/wp\/v2\/types\/product"}],"replies":[{"embeddable":true,"href":"http:\/\/delikatesy.wineport.pl\/index.php?rest_route=%2Fwp%2Fv2%2Fcomments&post=10289"}],"wp:featuredmedia":[{"embeddable":true,"href":"http:\/\/delikatesy.wineport.pl\/index.php?rest_route=\/wp\/v2\/media\/10288"}],"wp:attachment":[{"href":"http:\/\/delikatesy.wineport.pl\/index.php?rest_route=%2Fwp%2Fv2%2Fmedia&parent=10289"}],"wp:term":[{"taxonomy":"product_cat","embeddable":true,"href":"http:\/\/delikatesy.wineport.pl\/index.php?rest_route=%2Fwp%2Fv2%2Fproduct_cat&post=10289"},{"taxonomy":"product_tag","embeddable":true,"href":"http:\/\/delikatesy.wineport.pl\/index.php?rest_route=%2Fwp%2Fv2%2Fproduct_tag&post=10289"}],"curies":[{"name":"wp","href":"https:\/\/api.w.org\/{rel}","templated":true}]}}