{"id":10293,"date":"2024-03-14T13:24:25","date_gmt":"2024-03-14T12:24:25","guid":{"rendered":"http:\/\/delikatesy.wineport.pl\/?product=wino-la-consulta-malbec-czerwone-wytrawne-argentyna-075l"},"modified":"2026-05-10T17:57:05","modified_gmt":"2026-05-10T15:57:05","slug":"wino-la-consulta-malbec-czerwone-wytrawne-argentyna-075l","status":"publish","type":"product","link":"http:\/\/delikatesy.wineport.pl\/?product=wino-la-consulta-malbec-czerwone-wytrawne-argentyna-075l","title":{"rendered":"Wino La Consulta Malbec &#8211; Czerwone Wytrawne Argentyna 0,75L"},"content":{"rendered":"<p><span style=\"color: #ff0000; font-size: 16px; font-family: arial, helvetica, sans-serif;\">UWAGA!!! NIE WYSY\u0141AMY ALKOHOLU W PRZYPADKU ZAM\u00d3WIE\u0143 OD OS\u00d3B PRYWATNYCH, TYLKO ODBI\u00d3R OSOBISTY NA UL. \u015aW. STANIS\u0141AWA 12 W WARSZAWIE!!! W przypadku op\u0142acenia zam\u00f3wienia alkoholu z wysy\u0142k\u0105, przy zwrocie pieni\u0119dzy zostanie potr\u0105cona prowizja dotpay!<\/span><\/p>\n<p>La Consulta \u2013 Malbec<br \/>Wino Malbec o g\u0142\u0119bokim fioletowym kolorze wytwarzane jest w winnicach w Uco Valley w Mendozie. Sw\u00f3j wspania\u0142y aromat zawdzi\u0119cza idealnej kombinacji czerwonych owoc\u00f3w i przypraw wzbogaconych nut\u0105 francuskiego d\u0119bu. Jego s\u0142odkawy i idealny smak nie wymagaj\u0105cy le\u017cakowania na d\u0142ugo pozostaje w ustach. Wspaniale komponuje si\u0119 ze wszystkimi rodzajami mi\u0119s, makaron\u00f3w i pikantnych da\u0144.\u00a0Nale\u017cy\u00a0podawa\u0107\u00a0w\u00a0temperaturze\u00a018\u00a0C. <\/p>\n<p>butelka 0,75l<\/p>\n","protected":false},"excerpt":{"rendered":"<p>La Consulta \u2013 Malbec Wino Malbec o g\u0142\u0119bokim fioletowym kolorze wytwarzane jest w winnicach w Uco Valley w Mendozie. Sw\u00f3j wspania\u0142y aromat zawdzi\u0119cza idealnej kombinacji czerwonych owoc\u00f3w i przypraw wzbogaconych nut\u0105 francuskiego d\u0119bu. Jego s\u0142odkawy i&#8230;<\/p>\n","protected":false},"featured_media":10292,"comment_status":"open","ping_status":"closed","template":"","meta":[],"product_cat":[81,80],"product_tag":[],"class_list":{"0":"post-10293","1":"product","2":"type-product","3":"status-publish","4":"has-post-thumbnail","6":"product_cat-argentyna","7":"product_cat-wina-swiata","9":"first","10":"instock","11":"shipping-taxable","12":"purchasable","13":"product-type-simple"},"_links":{"self":[{"href":"http:\/\/delikatesy.wineport.pl\/index.php?rest_route=\/wp\/v2\/product\/10293","targetHints":{"allow":["GET"]}}],"collection":[{"href":"http:\/\/delikatesy.wineport.pl\/index.php?rest_route=\/wp\/v2\/product"}],"about":[{"href":"http:\/\/delikatesy.wineport.pl\/index.php?rest_route=\/wp\/v2\/types\/product"}],"replies":[{"embeddable":true,"href":"http:\/\/delikatesy.wineport.pl\/index.php?rest_route=%2Fwp%2Fv2%2Fcomments&post=10293"}],"wp:featuredmedia":[{"embeddable":true,"href":"http:\/\/delikatesy.wineport.pl\/index.php?rest_route=\/wp\/v2\/media\/10292"}],"wp:attachment":[{"href":"http:\/\/delikatesy.wineport.pl\/index.php?rest_route=%2Fwp%2Fv2%2Fmedia&parent=10293"}],"wp:term":[{"taxonomy":"product_cat","embeddable":true,"href":"http:\/\/delikatesy.wineport.pl\/index.php?rest_route=%2Fwp%2Fv2%2Fproduct_cat&post=10293"},{"taxonomy":"product_tag","embeddable":true,"href":"http:\/\/delikatesy.wineport.pl\/index.php?rest_route=%2Fwp%2Fv2%2Fproduct_tag&post=10293"}],"curies":[{"name":"wp","href":"https:\/\/api.w.org\/{rel}","templated":true}]}}