{"id":10297,"date":"2024-03-14T13:24:26","date_gmt":"2024-03-14T12:24:26","guid":{"rendered":"http:\/\/delikatesy.wineport.pl\/?product=wino-la-consulta-chardonnay-biale-wytrawne-argentyna-075l"},"modified":"2026-05-10T17:57:06","modified_gmt":"2026-05-10T15:57:06","slug":"wino-la-consulta-chardonnay-biale-wytrawne-argentyna-075l","status":"publish","type":"product","link":"http:\/\/delikatesy.wineport.pl\/?product=wino-la-consulta-chardonnay-biale-wytrawne-argentyna-075l","title":{"rendered":"Wino La Consulta Chardonnay &#8211; Bia\u0142e Wytrawne Argentyna 0,75L"},"content":{"rendered":"<p><span style=\"color: #ff0000; font-size: 16px; font-family: arial, helvetica, sans-serif;\">UWAGA!!! NIE WYSY\u0141AMY ALKOHOLU W PRZYPADKU ZAM\u00d3WIE\u0143 OD OS\u00d3B PRYWATNYCH, TYLKO ODBI\u00d3R OSOBISTY NA UL. \u015aW. STANIS\u0141AWA 12 W WARSZAWIE!!! W przypadku op\u0142acenia zam\u00f3wienia alkoholu z wysy\u0142k\u0105, przy zwrocie pieni\u0119dzy zostanie potr\u0105cona prowizja dotpay!<\/span><\/p>\n<p>La Consulta \u2013 Chardonnay<br \/> Wino Chardonnay, o intensywnej, \u017c\u00f3\u0142tozielonej barwie, jest produkowane z winogron z naszej winnicy po\u0142o\u017conej w dolinie Uco w Mendozie. Ma intensywny aromat, w kt\u00f3rym dominuj\u0105 owoce pestkowe i cytrusowe \u2013 gruszka, zielone jab\u0142ka i cytryny. Palat jest delikatny i s\u0142odki z lekko wyczuwalnym kwa\u015bnym posmakiem. Wino ma dobr\u0105 struktur\u0119 oraz d\u0142ugi, wykwintne wyko\u0144czenie. Chardonnay nadaje si\u0119 idealnie do ryb i owoc\u00f3w morza.\u00a0Nale\u017cy\u00a0podawa\u0107\u00a0w\u00a0temperaturze\u00a012\u00a0C. <\/p>\n<p> butelka 0,75l<\/p>\n","protected":false},"excerpt":{"rendered":"<p>La Consulta \u2013 Chardonnay Wino Chardonnay, o intensywnej, \u017c\u00f3\u0142tozielonej barwie, jest produkowane z winogron z naszej winnicy po\u0142o\u017conej w dolinie Uco w Mendozie. Ma intensywny aromat, w kt\u00f3rym dominuj\u0105 owoce pestkowe i cytrusowe \u2013 gruszka, zielone jab\u0142&#8230;<\/p>\n","protected":false},"featured_media":10296,"comment_status":"open","ping_status":"closed","template":"","meta":[],"product_cat":[81,80],"product_tag":[],"class_list":{"0":"post-10297","1":"product","2":"type-product","3":"status-publish","4":"has-post-thumbnail","6":"product_cat-argentyna","7":"product_cat-wina-swiata","9":"first","10":"instock","11":"shipping-taxable","12":"purchasable","13":"product-type-simple"},"_links":{"self":[{"href":"http:\/\/delikatesy.wineport.pl\/index.php?rest_route=\/wp\/v2\/product\/10297","targetHints":{"allow":["GET"]}}],"collection":[{"href":"http:\/\/delikatesy.wineport.pl\/index.php?rest_route=\/wp\/v2\/product"}],"about":[{"href":"http:\/\/delikatesy.wineport.pl\/index.php?rest_route=\/wp\/v2\/types\/product"}],"replies":[{"embeddable":true,"href":"http:\/\/delikatesy.wineport.pl\/index.php?rest_route=%2Fwp%2Fv2%2Fcomments&post=10297"}],"wp:featuredmedia":[{"embeddable":true,"href":"http:\/\/delikatesy.wineport.pl\/index.php?rest_route=\/wp\/v2\/media\/10296"}],"wp:attachment":[{"href":"http:\/\/delikatesy.wineport.pl\/index.php?rest_route=%2Fwp%2Fv2%2Fmedia&parent=10297"}],"wp:term":[{"taxonomy":"product_cat","embeddable":true,"href":"http:\/\/delikatesy.wineport.pl\/index.php?rest_route=%2Fwp%2Fv2%2Fproduct_cat&post=10297"},{"taxonomy":"product_tag","embeddable":true,"href":"http:\/\/delikatesy.wineport.pl\/index.php?rest_route=%2Fwp%2Fv2%2Fproduct_tag&post=10297"}],"curies":[{"name":"wp","href":"https:\/\/api.w.org\/{rel}","templated":true}]}}