{"id":10301,"date":"2024-03-14T13:24:27","date_gmt":"2024-03-14T12:24:27","guid":{"rendered":"http:\/\/delikatesy.wineport.pl\/?product=wino-pacific-coast-red-czerwone-wytrawne-chile-075l"},"modified":"2026-05-10T17:57:06","modified_gmt":"2026-05-10T15:57:06","slug":"wino-pacific-coast-red-czerwone-wytrawne-chile-075l","status":"publish","type":"product","link":"http:\/\/delikatesy.wineport.pl\/?product=wino-pacific-coast-red-czerwone-wytrawne-chile-075l","title":{"rendered":"Wino Pacific Coast Red &#8211; Czerwone Wytrawne Chile 0,75L"},"content":{"rendered":"<p><span style=\"color: #ff0000;\">UWAGA!!! NIE WYSY\u0141AMY ALKOHOLU KURIEREM W PRZYPADKU ZAM\u00d3WIE\u0143 OD OS\u00d3B PRYWATNYCH, TYLKO ODBI\u00d3R OSOBISTY NA UL. \u015aW. STANIS\u0141AWA 12 W WARSZAWIE!!! W przypadku op\u0142acenia zam\u00f3wienia alkoholu z wysy\u0142k\u0105, przy zwrocie pieni\u0119dzy zostanie potr\u0105cona prowizja\u00a0<\/span><strong style=\"color: #ff0000;\">DOTPAY<\/strong><span style=\"color: #ff0000;\">!<\/span><\/p>\n<p>Pacific Coast &#8211; Red<br \/>Pomi\u0119dzy Andami a wybrze\u017cem Pacyfiku znajduje si\u0119 \u017cyzna dolina, daj\u0105ca pocz\u0105tek dla Pacific Coast. Duma i majestat chilijskiego wybrze\u017ca dodaje mu charakteru, ducha i osobowo\u015bci. Wino to ze swym \u0142agodnym smakiem jest doskona\u0142ym towarzyszem na ka\u017cd\u0105 okazj\u0119.\u00a0Nale\u017cy\u00a0podawa\u0107\u00a0w\u00a0temperaturze\u00a017\u00a0C. <\/p>\n","protected":false},"excerpt":{"rendered":"<p>Pacific Coast &#8211; Red Pomi\u0119dzy Andami a wybrze\u017cem Pacyfiku znajduje si\u0119 \u017cyzna dolina, daj\u0105ca pocz\u0105tek dla Pacific Coast. Duma i majestat chilijskiego wybrze\u017ca dodaje mu charakteru, ducha i osobowo\u015bci. Wino to ze swym \u0142agodnym smakiem jest doskona\u0142ym to&#8230;<\/p>\n","protected":false},"featured_media":10300,"comment_status":"open","ping_status":"closed","template":"","meta":[],"product_cat":[82,80],"product_tag":[],"class_list":{"0":"post-10301","1":"product","2":"type-product","3":"status-publish","4":"has-post-thumbnail","6":"product_cat-chile","7":"product_cat-wina-swiata","9":"first","10":"instock","11":"shipping-taxable","12":"purchasable","13":"product-type-simple"},"_links":{"self":[{"href":"http:\/\/delikatesy.wineport.pl\/index.php?rest_route=\/wp\/v2\/product\/10301","targetHints":{"allow":["GET"]}}],"collection":[{"href":"http:\/\/delikatesy.wineport.pl\/index.php?rest_route=\/wp\/v2\/product"}],"about":[{"href":"http:\/\/delikatesy.wineport.pl\/index.php?rest_route=\/wp\/v2\/types\/product"}],"replies":[{"embeddable":true,"href":"http:\/\/delikatesy.wineport.pl\/index.php?rest_route=%2Fwp%2Fv2%2Fcomments&post=10301"}],"wp:featuredmedia":[{"embeddable":true,"href":"http:\/\/delikatesy.wineport.pl\/index.php?rest_route=\/wp\/v2\/media\/10300"}],"wp:attachment":[{"href":"http:\/\/delikatesy.wineport.pl\/index.php?rest_route=%2Fwp%2Fv2%2Fmedia&parent=10301"}],"wp:term":[{"taxonomy":"product_cat","embeddable":true,"href":"http:\/\/delikatesy.wineport.pl\/index.php?rest_route=%2Fwp%2Fv2%2Fproduct_cat&post=10301"},{"taxonomy":"product_tag","embeddable":true,"href":"http:\/\/delikatesy.wineport.pl\/index.php?rest_route=%2Fwp%2Fv2%2Fproduct_tag&post=10301"}],"curies":[{"name":"wp","href":"https:\/\/api.w.org\/{rel}","templated":true}]}}