{"id":10305,"date":"2024-03-14T13:24:27","date_gmt":"2024-03-14T12:24:27","guid":{"rendered":"http:\/\/delikatesy.wineport.pl\/?product=wino-gato-negro-merlot-czerwone-wytrawne-chile-075l"},"modified":"2026-05-10T17:57:06","modified_gmt":"2026-05-10T15:57:06","slug":"wino-gato-negro-merlot-czerwone-wytrawne-chile-075l","status":"publish","type":"product","link":"http:\/\/delikatesy.wineport.pl\/?product=wino-gato-negro-merlot-czerwone-wytrawne-chile-075l","title":{"rendered":"Wino Gato Negro Merlot &#8211; Czerwone Wytrawne Chile 0,75L"},"content":{"rendered":"<p><span style=\"color: #ff0000;\">UWAGA!!! NIE WYSY\u0141AMY ALKOHOLU KURIEREM W PRZYPADKU ZAM\u00d3WIE\u0143 OD OS\u00d3B PRYWATNYCH, TYLKO ODBI\u00d3R OSOBISTY NA UL. \u015aW. STANIS\u0141AWA 12 W WARSZAWIE!!! W przypadku op\u0142acenia zam\u00f3wienia alkoholu z wysy\u0142k\u0105, przy zwrocie pieni\u0119dzy zostanie potr\u0105cona prowizja\u00a0<\/span><strong style=\"color: #ff0000;\">DOTPAY<\/strong><span style=\"color: #ff0000;\">!<\/span><\/p>\n<p>Gato Negro Merlot &#8211; wino o aromatach dojrza\u0142ych ciemnych owoc\u00f3w: truskawek, \u015bliwek i jag\u00f3d. Po\u0142\u0105czenie tych aromat\u00f3w z mi\u0119kkimi taninami daje doskona\u0142e wino dobre na ka\u017cd\u0105 okazj\u0119.\u00a0Nale\u017cy\u00a0podawa\u0107\u00a0w\u00a0temperaturze\u00a018\u00a0C.  <\/p>\n<div>\n<p class=\"MsoNormal\">Producent wina Gato Vina San Pedro otrzyma\u0142 presti\u017cow\u0105 nagrod\u0119 w 2011 roku jako najlepsza winiarnia z ca\u0142ego nowego \u015bwiata &#8220;New World Winery of the Year 2011&#8221; poni\u017cej filmik na youtube.<\/p>\n<p class=\"MsoNormal\"><iframe title=\"New World Winery of the Year - Vi\u00f1a San Pedro (Javier Bitar)\" width=\"1300\" height=\"731\" src=\"https:\/\/www.youtube.com\/embed\/RlkNyIfTbcE?feature=oembed\" frameborder=\"0\" allow=\"accelerometer; autoplay; clipboard-write; encrypted-media; gyroscope; picture-in-picture; web-share\" allowfullscreen><\/iframe><\/p>\n<\/p><\/div>\n","protected":false},"excerpt":{"rendered":"<p>Gato Negro Merlot &#8211; wino o aromatach dojrza\u0142ych ciemnych owoc\u00f3w: truskawek, \u015bliwek i jag\u00f3d. Po\u0142\u0105czenie tych aromat\u00f3w z mi\u0119kkimi taninami daje doskona\u0142e wino dobre na ka\u017cd\u0105 okazj\u0119. Nale\u017cy podawa\u0107 w temperaturze 18 C. Producent wina Gato Vina San Pedro&#8230;<\/p>\n","protected":false},"featured_media":10304,"comment_status":"open","ping_status":"closed","template":"","meta":[],"product_cat":[82,80],"product_tag":[],"class_list":{"0":"post-10305","1":"product","2":"type-product","3":"status-publish","4":"has-post-thumbnail","6":"product_cat-chile","7":"product_cat-wina-swiata","9":"first","10":"instock","11":"shipping-taxable","12":"purchasable","13":"product-type-simple"},"_links":{"self":[{"href":"http:\/\/delikatesy.wineport.pl\/index.php?rest_route=\/wp\/v2\/product\/10305","targetHints":{"allow":["GET"]}}],"collection":[{"href":"http:\/\/delikatesy.wineport.pl\/index.php?rest_route=\/wp\/v2\/product"}],"about":[{"href":"http:\/\/delikatesy.wineport.pl\/index.php?rest_route=\/wp\/v2\/types\/product"}],"replies":[{"embeddable":true,"href":"http:\/\/delikatesy.wineport.pl\/index.php?rest_route=%2Fwp%2Fv2%2Fcomments&post=10305"}],"wp:featuredmedia":[{"embeddable":true,"href":"http:\/\/delikatesy.wineport.pl\/index.php?rest_route=\/wp\/v2\/media\/10304"}],"wp:attachment":[{"href":"http:\/\/delikatesy.wineport.pl\/index.php?rest_route=%2Fwp%2Fv2%2Fmedia&parent=10305"}],"wp:term":[{"taxonomy":"product_cat","embeddable":true,"href":"http:\/\/delikatesy.wineport.pl\/index.php?rest_route=%2Fwp%2Fv2%2Fproduct_cat&post=10305"},{"taxonomy":"product_tag","embeddable":true,"href":"http:\/\/delikatesy.wineport.pl\/index.php?rest_route=%2Fwp%2Fv2%2Fproduct_tag&post=10305"}],"curies":[{"name":"wp","href":"https:\/\/api.w.org\/{rel}","templated":true}]}}