{"id":10327,"date":"2024-03-14T13:24:32","date_gmt":"2024-03-14T12:24:32","guid":{"rendered":"http:\/\/delikatesy.wineport.pl\/?product=wino-castillo-de-molina-merlot-reserva-czerwone-wytrawne-chile-075l"},"modified":"2026-05-10T17:57:08","modified_gmt":"2026-05-10T15:57:08","slug":"wino-castillo-de-molina-merlot-reserva-czerwone-wytrawne-chile-075l","status":"publish","type":"product","link":"http:\/\/delikatesy.wineport.pl\/?product=wino-castillo-de-molina-merlot-reserva-czerwone-wytrawne-chile-075l","title":{"rendered":"Wino Castillo de Molina Merlot Reserva &#8211; Czerwone Wytrawne Chile 0,75L"},"content":{"rendered":"<p><span style=\"color: #ff0000;\">UWAGA!!! NIE WYSY\u0141AMY ALKOHOLU KURIEREM W PRZYPADKU ZAM\u00d3WIE\u0143 OD OS\u00d3B PRYWATNYCH, TYLKO ODBI\u00d3R OSOBISTY NA UL. \u015aW. STANIS\u0141AWA 12 W WARSZAWIE!!! W przypadku op\u0142acenia zam\u00f3wienia alkoholu z wysy\u0142k\u0105, przy zwrocie pieni\u0119dzy zostanie potr\u0105cona prowizja\u00a0<\/span><strong style=\"color: #ff0000;\">DOTPAY<\/strong><span style=\"color: #ff0000;\">!<\/span><\/p>\n<p>Castillo de Molina Merlot &#8211; do winifikacji win reserva w San Pedro u\u017cywa si\u0119 wyselekcjonowanych winogron. To wino by\u0142o starzone przez 12 miesi\u0119cy w beczkach z francuskiego i ameryka\u0144skiego d\u0119bu. To wysmienite wino jest dealnym uwie\u0144czeniem wa\u017cnych okazji. Nale\u017cy\u00a0podawa\u0107\u00a0w\u00a0temperaturze\u00a020\u00a0C.<\/p>\n<div>\u00a0Wino Castillo de Molina Merlot Reserva ma intensywny purpurowy kolor i bogaty, z\u0142o\u017cony aromat z nutami dojrza\u0142ych owoc\u00f3w, takich jak czarna porzeczka, jagoda i \u015bliwka, z dodatkiem nut wanilii, kakao i lekkiej d\u0119bowej nuty. W smaku jest pe\u0142ne, z dobrze zr\u00f3wnowa\u017con\u0105 kwasowo\u015bci\u0105 i taninami, co nadaje mu wytrawny, d\u0142ugi finisz.<\/p>\n<p>Wino\u00a0najlepiej podawa\u0107 w temperaturze pokojowej lub lekko sch\u0142odzone, w temperaturze od 16 do 18 stopni Celsjusza. Doskonale komponuje si\u0119 z czerwonym mi\u0119sem, dziczyzn\u0105, grillowanymi potrawami oraz serami o intensywnym smaku.<\/p><\/div>\n<div>\n<p class=\"MsoNormal\">Producent wina Castillo de Molina Vina San Pedro otrzyma\u0142 presti\u017cow\u0105 nagrod\u0119 w 2011 roku jako najlepsza winiarnia z ca\u0142ego nowego \u015bwiata &#8220;New World Winery of the Year 2011&#8221; poni\u017cej filmik na youtube.<\/p>\n<p class=\"MsoNormal\"><iframe title=\"New World Winery of the Year - Vi\u00f1a San Pedro (Javier Bitar)\" width=\"1300\" height=\"731\" src=\"https:\/\/www.youtube.com\/embed\/RlkNyIfTbcE?feature=oembed\" frameborder=\"0\" allow=\"accelerometer; autoplay; clipboard-write; encrypted-media; gyroscope; picture-in-picture; web-share\" referrerpolicy=\"strict-origin-when-cross-origin\" allowfullscreen><\/iframe><\/p>\n<\/p><\/div>\n","protected":false},"excerpt":{"rendered":"<p><span>UWAGA!!! NIE WYSY\u0141AMY ALKOHOLU KURIEREM W PRZYPADKU ZAM\u00d3WIE\u0143 OD OS\u00d3B PRYWATNYCH, TYLKO ODBI\u00d3R OSOBISTY NA UL. \u015aW. STANIS\u0141AWA 12 W WARSZAWIE!!! W przypadku op\u0142acenia zam\u00f3wienia alkoholu z wysy\u0142k\u0105, przy zwrocie pieni\u0119dzy zostanie potr\u0105cona prowizja\u00a0<\/span><strong>DOTPAY<\/strong><span>!<\/span><\/p>\n<p>Castillo de Molina Merlot &#8211; do winifikacji win reserva w San Pedro u\u017cywa si\u0119 wyselekcjonowanych winogron. To wino by\u0142o starzone przez 12 miesi\u0119cy w beczkach z francuskiego i ameryka\u0144skiego d\u0119bu. To wysmienite wino jest dealnym uwie\u0144czeniem wa\u017cnych okazji. Nale\u017cy\u00a0podawa\u0107\u00a0w\u00a0temperaturze\u00a020\u00a0C.<\/p>\n<p>\u00a0Wino Castillo de Molina Merlot Reserva ma intensywny purpurowy kolor i bogaty, z\u0142o\u017cony aromat z nutami dojrza\u0142ych owoc\u00f3w, takich jak czarna porzeczka, jagoda i \u015bliwka, z dodatkiem nut wanilii, kakao i lekkiej d\u0119bowej nuty. W smaku jest pe\u0142ne, z dobrze zr\u00f3wnowa\u017con\u0105 kwasowo\u015bci\u0105 i taninami, co nadaje mu wytrawny, d\u0142ugi finisz.<\/p>\n<p>Wino\u00a0najlepiej podawa\u0107 w temperaturze pokojowej lub lekko sch\u0142odzone, w temperaturze od 16 do 18 stopni Celsjusza. Doskonale komponuje si\u0119 z czerwonym mi\u0119sem, dziczyzn\u0105, grillowanymi potrawami oraz serami o intensywnym smaku.<\/p>\n<p>Producent wina Castillo de Molina Vina San Pedro otrzyma\u0142 presti\u017cow\u0105 nagrod\u0119 w 2011 roku jako najlepsza winiarnia z ca\u0142ego nowego \u015bwiata &#8220;New World Winery of the Year 2011&#8221; poni\u017cej filmik na youtube.<\/p>\n<p>http:\/\/www.youtube.com\/watch?v=RlkNyIfTbcE<\/p>\n","protected":false},"featured_media":10326,"comment_status":"open","ping_status":"closed","template":"","meta":[],"product_cat":[82,80],"product_tag":[],"class_list":{"0":"post-10327","1":"product","2":"type-product","3":"status-publish","4":"has-post-thumbnail","6":"product_cat-chile","7":"product_cat-wina-swiata","9":"first","10":"instock","11":"shipping-taxable","12":"purchasable","13":"product-type-simple"},"_links":{"self":[{"href":"http:\/\/delikatesy.wineport.pl\/index.php?rest_route=\/wp\/v2\/product\/10327","targetHints":{"allow":["GET"]}}],"collection":[{"href":"http:\/\/delikatesy.wineport.pl\/index.php?rest_route=\/wp\/v2\/product"}],"about":[{"href":"http:\/\/delikatesy.wineport.pl\/index.php?rest_route=\/wp\/v2\/types\/product"}],"replies":[{"embeddable":true,"href":"http:\/\/delikatesy.wineport.pl\/index.php?rest_route=%2Fwp%2Fv2%2Fcomments&post=10327"}],"wp:featuredmedia":[{"embeddable":true,"href":"http:\/\/delikatesy.wineport.pl\/index.php?rest_route=\/wp\/v2\/media\/10326"}],"wp:attachment":[{"href":"http:\/\/delikatesy.wineport.pl\/index.php?rest_route=%2Fwp%2Fv2%2Fmedia&parent=10327"}],"wp:term":[{"taxonomy":"product_cat","embeddable":true,"href":"http:\/\/delikatesy.wineport.pl\/index.php?rest_route=%2Fwp%2Fv2%2Fproduct_cat&post=10327"},{"taxonomy":"product_tag","embeddable":true,"href":"http:\/\/delikatesy.wineport.pl\/index.php?rest_route=%2Fwp%2Fv2%2Fproduct_tag&post=10327"}],"curies":[{"name":"wp","href":"https:\/\/api.w.org\/{rel}","templated":true}]}}