{"id":10331,"date":"2024-03-14T13:24:32","date_gmt":"2024-03-14T12:24:32","guid":{"rendered":"http:\/\/delikatesy.wineport.pl\/?product=wino-1865-sav-blanche-075l"},"modified":"2026-05-10T17:57:09","modified_gmt":"2026-05-10T15:57:09","slug":"wino-1865-sav-blanche-075l","status":"publish","type":"product","link":"http:\/\/delikatesy.wineport.pl\/?product=wino-1865-sav-blanche-075l","title":{"rendered":"Wino 1865 Sav blanche 0,75L"},"content":{"rendered":"<p class=\"MsoNormal\"><span class=\"Apple-style-span\" style=\"font-family: 'Times New Roman', serif;\"><span style=\"color: #ff0000;\">UWAGA!!! NIE WYSY\u0141AMY ALKOHOLU KURIEREM W PRZYPADKU ZAM\u00d3WIE\u0143 OD OS\u00d3B PRYWATNYCH, TYLKO ODBI\u00d3R OSOBISTY NA UL. \u015aW. STANIS\u0141AWA 12 W WARSZAWIE!!! W przypadku op\u0142acenia zam\u00f3wienia alkoholu z wysy\u0142k\u0105, przy zwrocie pieni\u0119dzy zostanie potr\u0105cona prowizja\u00a0<\/span><strong style=\"color: #ff0000;\">DOTPAY<\/strong><span style=\"color: #ff0000;\">!<\/span><\/span><\/p>\n<p class=\"MsoNormal\"><span class=\"Apple-style-span\" style=\"font-family: 'Times New Roman', serif;\">1865 &#8211; Sav. Blanc\u00a0to wino dla najbardziej wymagaj\u0105cych entuzjast\u00f3w bia\u0142ego wina.<\/span> <span class=\"Apple-style-span\" style=\"font-family: 'Times New Roman', serif;\">\u00a0<\/span> <span class=\"Apple-style-span\" style=\"font-family: 'Times New Roman', serif;\">W smaku bogate,pe\u0142nocieliste, w czasem ujawnia warstwow\u0105 z\u0142o\u017cono\u015b\u0107 zbudowan\u0105 z tropokalnych owoc\u00f3w,zi\u00f3\u0142 i czystych mienra\u0142\u00f3w,zako\u0144czon\u0105 smakowit\u0105 kwasowo\u015bci\u0105 oraz chojnym w swej r\u00f3\u017cnorodno\u015bci finiszem<\/span><\/p>\n<p class=\"MsoNormal\">Producent wina &#8220;1865&#8221; Vina San Pedro otrzyma\u0142 presti\u017cow\u0105 nagrod\u0119 w 2011 roku jako najlepsza winiarnia z ca\u0142ego nowego \u015bwiata &#8220;New World Winery of the Year 2011&#8221; poni\u017cej filmik na youtube.<\/p>\n<p class=\"MsoNormal\"><iframe title=\"New World Winery of the Year - Vi\u00f1a San Pedro (Javier Bitar)\" width=\"1300\" height=\"731\" src=\"https:\/\/www.youtube.com\/embed\/RlkNyIfTbcE?feature=oembed\" frameborder=\"0\" allow=\"accelerometer; autoplay; clipboard-write; encrypted-media; gyroscope; picture-in-picture; web-share\" allowfullscreen><\/iframe><\/p>\n","protected":false},"excerpt":{"rendered":"<p>1865 &#8211; Sav. Blanc to wino dla najbardziej wymagaj\u0105cych entuzjast\u00f3w bia\u0142ego wina. W smaku bogate,pe\u0142nocieliste, w czasem ujawnia warstwow\u0105 z\u0142o\u017cono\u015b\u0107 zbudowan\u0105 z tropokalnych owoc\u00f3w,zi\u00f3\u0142 i czystych mienra\u0142\u00f3w,zako\u0144czon\u0105 smakowit\u0105 kwasowo\u015bci\u0105 oraz chojny&#8230;<\/p>\n","protected":false},"featured_media":10330,"comment_status":"open","ping_status":"closed","template":"","meta":[],"product_cat":[82,80],"product_tag":[],"class_list":{"0":"post-10331","1":"product","2":"type-product","3":"status-publish","4":"has-post-thumbnail","6":"product_cat-chile","7":"product_cat-wina-swiata","9":"first","10":"instock","11":"shipping-taxable","12":"purchasable","13":"product-type-simple"},"_links":{"self":[{"href":"http:\/\/delikatesy.wineport.pl\/index.php?rest_route=\/wp\/v2\/product\/10331","targetHints":{"allow":["GET"]}}],"collection":[{"href":"http:\/\/delikatesy.wineport.pl\/index.php?rest_route=\/wp\/v2\/product"}],"about":[{"href":"http:\/\/delikatesy.wineport.pl\/index.php?rest_route=\/wp\/v2\/types\/product"}],"replies":[{"embeddable":true,"href":"http:\/\/delikatesy.wineport.pl\/index.php?rest_route=%2Fwp%2Fv2%2Fcomments&post=10331"}],"wp:featuredmedia":[{"embeddable":true,"href":"http:\/\/delikatesy.wineport.pl\/index.php?rest_route=\/wp\/v2\/media\/10330"}],"wp:attachment":[{"href":"http:\/\/delikatesy.wineport.pl\/index.php?rest_route=%2Fwp%2Fv2%2Fmedia&parent=10331"}],"wp:term":[{"taxonomy":"product_cat","embeddable":true,"href":"http:\/\/delikatesy.wineport.pl\/index.php?rest_route=%2Fwp%2Fv2%2Fproduct_cat&post=10331"},{"taxonomy":"product_tag","embeddable":true,"href":"http:\/\/delikatesy.wineport.pl\/index.php?rest_route=%2Fwp%2Fv2%2Fproduct_tag&post=10331"}],"curies":[{"name":"wp","href":"https:\/\/api.w.org\/{rel}","templated":true}]}}