{"id":10339,"date":"2024-03-14T13:24:33","date_gmt":"2024-03-14T12:24:33","guid":{"rendered":"http:\/\/delikatesy.wineport.pl\/?product=wino-l-sipp-2003-riesling-aoc-alsace-biale-wytrawne"},"modified":"2026-05-10T17:57:10","modified_gmt":"2026-05-10T15:57:10","slug":"wino-l-sipp-2003-riesling-aoc-alsace-biale-wytrawne","status":"publish","type":"product","link":"http:\/\/delikatesy.wineport.pl\/?product=wino-l-sipp-2003-riesling-aoc-alsace-biale-wytrawne","title":{"rendered":"Wino L.Sipp 2003 Riesling AOC Alsace &#8211; Bia\u0142e Wytrawne"},"content":{"rendered":"<p><span style=\"color: #ff0000;\">UWAGA!!! NIE WYSY\u0141AMY ALKOHOLU KURIEREM W PRZYPADKU ZAM\u00d3WIE\u0143 OD OS\u00d3B PRYWATNYCH, TYLKO ODBI\u00d3R OSOBISTY NA UL. \u015aW. STANIS\u0141AWA 12 W WARSZAWIE!!! W przypadku op\u0142acenia zam\u00f3wienia alkoholu z wysy\u0142k\u0105, przy zwrocie pieni\u0119dzy zostanie potr\u0105cona prowizja\u00a0<\/span><strong style=\"color: #ff0000;\">DOTPAY<\/strong><span style=\"color: #ff0000;\">!<\/span><\/p>\n<p>Louis Sipp \u2013 Riesling<br \/>Alzacja<\/p>\n<p>Bia\u0142e wytrawne wino alzackie. W 100% powstaje ze szczepu Riesling. Ma bardzo wykwintny bukiet z nutami owoc\u00f3w i kwiat\u00f3w. W ustach rozwija si\u0119 \u015bwie\u017co, mocno i obiecuj\u0105co. Doskonale komponuje si\u0119 z sushi, owocami morza, drobiem i serami.<\/p>\n","protected":false},"excerpt":{"rendered":"<p>Louis Sipp \u2013 Riesling Alzacja Bia\u0142e wytrawne wino alzackie. W 100% powstaje ze szczepu Riesling. Ma bardzo wykwintny bukiet z nutami owoc\u00f3w i kwiat\u00f3w. W ustach rozwija si\u0119 \u015bwie\u017co, mocno i obiecuj\u0105co. Doskonale komponuje si\u0119 z sushi, owocami morza, dr&#8230;<\/p>\n","protected":false},"featured_media":10338,"comment_status":"open","ping_status":"closed","template":"","meta":[],"product_cat":[83,84,80],"product_tag":[],"class_list":{"0":"post-10339","1":"product","2":"type-product","3":"status-publish","4":"has-post-thumbnail","6":"product_cat-francja","7":"product_cat-francja-alzacja","8":"product_cat-wina-swiata","10":"first","11":"instock","12":"shipping-taxable","13":"purchasable","14":"product-type-simple"},"_links":{"self":[{"href":"http:\/\/delikatesy.wineport.pl\/index.php?rest_route=\/wp\/v2\/product\/10339","targetHints":{"allow":["GET"]}}],"collection":[{"href":"http:\/\/delikatesy.wineport.pl\/index.php?rest_route=\/wp\/v2\/product"}],"about":[{"href":"http:\/\/delikatesy.wineport.pl\/index.php?rest_route=\/wp\/v2\/types\/product"}],"replies":[{"embeddable":true,"href":"http:\/\/delikatesy.wineport.pl\/index.php?rest_route=%2Fwp%2Fv2%2Fcomments&post=10339"}],"wp:featuredmedia":[{"embeddable":true,"href":"http:\/\/delikatesy.wineport.pl\/index.php?rest_route=\/wp\/v2\/media\/10338"}],"wp:attachment":[{"href":"http:\/\/delikatesy.wineport.pl\/index.php?rest_route=%2Fwp%2Fv2%2Fmedia&parent=10339"}],"wp:term":[{"taxonomy":"product_cat","embeddable":true,"href":"http:\/\/delikatesy.wineport.pl\/index.php?rest_route=%2Fwp%2Fv2%2Fproduct_cat&post=10339"},{"taxonomy":"product_tag","embeddable":true,"href":"http:\/\/delikatesy.wineport.pl\/index.php?rest_route=%2Fwp%2Fv2%2Fproduct_tag&post=10339"}],"curies":[{"name":"wp","href":"https:\/\/api.w.org\/{rel}","templated":true}]}}