{"id":10343,"date":"2024-03-14T13:24:34","date_gmt":"2024-03-14T12:24:34","guid":{"rendered":"http:\/\/delikatesy.wineport.pl\/?product=wino-aoc-sauternes-plaisir-des-dames-2004-biale-slodkie"},"modified":"2026-05-10T17:57:10","modified_gmt":"2026-05-10T15:57:10","slug":"wino-aoc-sauternes-plaisir-des-dames-2004-biale-slodkie","status":"publish","type":"product","link":"http:\/\/delikatesy.wineport.pl\/?product=wino-aoc-sauternes-plaisir-des-dames-2004-biale-slodkie","title":{"rendered":"Wino AOC Sauternes Plaisir Des Dames 2004 &#8211; Bia\u0142e S\u0142odkie"},"content":{"rendered":"<p><span style=\"color: #ff0000;\">UWAGA!!! NIE WYSY\u0141AMY ALKOHOLU KURIEREM W PRZYPADKU ZAM\u00d3WIE\u0143 OD OS\u00d3B PRYWATNYCH, TYLKO ODBI\u00d3R OSOBISTY NA UL. \u015aW. STANIS\u0141AWA 12 W WARSZAWIE!!! W przypadku op\u0142acenia zam\u00f3wienia alkoholu z wysy\u0142k\u0105, przy zwrocie pieni\u0119dzy zostanie potr\u0105cona prowizja\u00a0<\/span><strong style=\"color: #ff0000;\">DOTPAY<\/strong><span style=\"color: #ff0000;\">!<\/span><\/p>\n<p>biale\/s\u0142odkie<br \/>Sauternes &#8211; Plaisir Des Dames 2004<br \/>Barwa: bardzo przyjemna, ciep\u0142a \u017c\u00f3\u0142ta<br \/>Aromat: intensywny i finezyjny zapach palonego drewna i wanilii<br \/>Palat: zr\u00f3wnowa\u017cony, harmonijny, d\u0142ugi<br \/>Polecany: jako ap\u00e9ritif, do foie gras, deser\u00f3w, ser\u00f3w ple\u015bniowych<br \/>Temperatura serwowania: 6-7\u00b0C<br \/>Zawarto\u015b\u0107 alkoholu: 12.5 %<\/p>\n","protected":false},"excerpt":{"rendered":"<p>bia\u0142e\/s\u0142odkie Sauternes &#8211; Plaisir Des Dames 2004 Barwa: bardzo przyjemna, ciep\u0142a \u017c\u00f3\u0142ta Aromat: intensywny i finezyjny zapach palonego drewna i wanilii Palat: zr\u00f3wnowa\u017cony, harmonijny, d\u0142ugi Polecany: jako ap\u00e9ritif, do foie gras, deser\u00f3w, ser\u00f3w ple\u015bni&#8230;<\/p>\n","protected":false},"featured_media":10342,"comment_status":"open","ping_status":"closed","template":"","meta":[],"product_cat":[83,85,80],"product_tag":[],"class_list":{"0":"post-10343","1":"product","2":"type-product","3":"status-publish","4":"has-post-thumbnail","6":"product_cat-francja","7":"product_cat-francja-bordeaux","8":"product_cat-wina-swiata","10":"first","11":"instock","12":"shipping-taxable","13":"purchasable","14":"product-type-simple"},"_links":{"self":[{"href":"http:\/\/delikatesy.wineport.pl\/index.php?rest_route=\/wp\/v2\/product\/10343","targetHints":{"allow":["GET"]}}],"collection":[{"href":"http:\/\/delikatesy.wineport.pl\/index.php?rest_route=\/wp\/v2\/product"}],"about":[{"href":"http:\/\/delikatesy.wineport.pl\/index.php?rest_route=\/wp\/v2\/types\/product"}],"replies":[{"embeddable":true,"href":"http:\/\/delikatesy.wineport.pl\/index.php?rest_route=%2Fwp%2Fv2%2Fcomments&post=10343"}],"wp:featuredmedia":[{"embeddable":true,"href":"http:\/\/delikatesy.wineport.pl\/index.php?rest_route=\/wp\/v2\/media\/10342"}],"wp:attachment":[{"href":"http:\/\/delikatesy.wineport.pl\/index.php?rest_route=%2Fwp%2Fv2%2Fmedia&parent=10343"}],"wp:term":[{"taxonomy":"product_cat","embeddable":true,"href":"http:\/\/delikatesy.wineport.pl\/index.php?rest_route=%2Fwp%2Fv2%2Fproduct_cat&post=10343"},{"taxonomy":"product_tag","embeddable":true,"href":"http:\/\/delikatesy.wineport.pl\/index.php?rest_route=%2Fwp%2Fv2%2Fproduct_tag&post=10343"}],"curies":[{"name":"wp","href":"https:\/\/api.w.org\/{rel}","templated":true}]}}