{"id":10347,"date":"2024-03-14T13:24:34","date_gmt":"2024-03-14T12:24:34","guid":{"rendered":"http:\/\/delikatesy.wineport.pl\/?product=wino-aoc-chateauneuf-du-papes-oratorio-cuvee-dexcellence-czerwone-wytrawne"},"modified":"2026-05-10T17:57:11","modified_gmt":"2026-05-10T15:57:11","slug":"wino-aoc-chateauneuf-du-papes-oratorio-cuvee-dexcellence-czerwone-wytrawne","status":"publish","type":"product","link":"http:\/\/delikatesy.wineport.pl\/?product=wino-aoc-chateauneuf-du-papes-oratorio-cuvee-dexcellence-czerwone-wytrawne","title":{"rendered":"Wino AOC Chateauneuf du Papes &#8220;Oratorio&#8221; Cuvee d&#8217;Excellence &#8216; &#8211; Czerwone Wytrawne"},"content":{"rendered":"<p><span style=\"color: #ff0000;\">UWAGA!!! NIE WYSY\u0141AMY ALKOHOLU KURIEREM W PRZYPADKU ZAM\u00d3WIE\u0143 OD OS\u00d3B PRYWATNYCH, TYLKO ODBI\u00d3R OSOBISTY NA UL. \u015aW. STANIS\u0141AWA 12 W WARSZAWIE!!! W przypadku op\u0142acenia zam\u00f3wienia alkoholu z wysy\u0142k\u0105, przy zwrocie pieni\u0119dzy zostanie potr\u0105cona prowizja\u00a0<\/span><strong style=\"color: #ff0000;\">DOTPAY<\/strong><span style=\"color: #ff0000;\">!<\/span><\/p>\n<p>AOC Chateauneuf du Pape ORATORIO<br \/>Francukie, jako\u015bciowe wino gronowe, czerwone, wytrawne pochodz\u0105ce z apelacji kontrolowanej Chateauneuf du Pape.<br \/>Pi\u0119kny rubinowy kolor, bogaty, z\u0142o\u017cony bukiet owocowy, w kt\u00f3rym dominuj\u0105 owoce czerwone z nut\u0105 lukrecji i przypraw orientalnych<br \/>Temperatura serwowania : 20-220C<\/p>\n","protected":false},"excerpt":{"rendered":"<p>AOC Chateauneuf du Pape ORATORIO Francukie, jako\u015bciowe wino gronowe, czerwone, wytrawne pochodz\u0105ce z apelacji kontrolowanej Chateauneuf du Pape. Pi\u0119kny rubinowy kolor, bogaty, z\u0142o\u017cony bukiet owocowy, w kt\u00f3rym dominuj\u0105 owoce czerwone z nut\u0105 lukrecji i&#8230;<\/p>\n","protected":false},"featured_media":10346,"comment_status":"open","ping_status":"closed","template":"","meta":[],"product_cat":[83,86,80],"product_tag":[],"class_list":{"0":"post-10347","1":"product","2":"type-product","3":"status-publish","4":"has-post-thumbnail","6":"product_cat-francja","7":"product_cat-francja-cotes-du-rhone","8":"product_cat-wina-swiata","10":"first","11":"instock","12":"shipping-taxable","13":"purchasable","14":"product-type-simple"},"_links":{"self":[{"href":"http:\/\/delikatesy.wineport.pl\/index.php?rest_route=\/wp\/v2\/product\/10347","targetHints":{"allow":["GET"]}}],"collection":[{"href":"http:\/\/delikatesy.wineport.pl\/index.php?rest_route=\/wp\/v2\/product"}],"about":[{"href":"http:\/\/delikatesy.wineport.pl\/index.php?rest_route=\/wp\/v2\/types\/product"}],"replies":[{"embeddable":true,"href":"http:\/\/delikatesy.wineport.pl\/index.php?rest_route=%2Fwp%2Fv2%2Fcomments&post=10347"}],"wp:featuredmedia":[{"embeddable":true,"href":"http:\/\/delikatesy.wineport.pl\/index.php?rest_route=\/wp\/v2\/media\/10346"}],"wp:attachment":[{"href":"http:\/\/delikatesy.wineport.pl\/index.php?rest_route=%2Fwp%2Fv2%2Fmedia&parent=10347"}],"wp:term":[{"taxonomy":"product_cat","embeddable":true,"href":"http:\/\/delikatesy.wineport.pl\/index.php?rest_route=%2Fwp%2Fv2%2Fproduct_cat&post=10347"},{"taxonomy":"product_tag","embeddable":true,"href":"http:\/\/delikatesy.wineport.pl\/index.php?rest_route=%2Fwp%2Fv2%2Fproduct_tag&post=10347"}],"curies":[{"name":"wp","href":"https:\/\/api.w.org\/{rel}","templated":true}]}}