{"id":10349,"date":"2024-03-14T13:24:36","date_gmt":"2024-03-14T12:24:36","guid":{"rendered":"http:\/\/delikatesy.wineport.pl\/?product=wino-aoc-gigondas-oratorio-cuvee-dexcellence-2001-czerwone-wytrawne"},"modified":"2026-05-10T17:58:13","modified_gmt":"2026-05-10T15:58:13","slug":"wino-aoc-gigondas-oratorio-cuvee-dexcellence-2001-czerwone-wytrawne","status":"publish","type":"product","link":"http:\/\/delikatesy.wineport.pl\/?product=wino-aoc-gigondas-oratorio-cuvee-dexcellence-2001-czerwone-wytrawne","title":{"rendered":"Wino AOC Gigondas &#8220;Oratorio&#8221; Cuvee d&#8217;Excellence &#8216;2001 &#8211; Czerwone Wytrawne"},"content":{"rendered":"<h1 style=\"margin-top: 0cm;\"><span style=\"font-size: 11.0pt;\"><span style=\"color: #ff0000;\">UWAGA!!! NIE WYSY\u0141AMY ALKOHOLU KURIEREM W PRZYPADKU ZAM\u00d3WIE\u0143 OD OS\u00d3B PRYWATNYCH, TYLKO ODBI\u00d3R OSOBISTY NA UL. \u015aW. STANIS\u0141AWA 12 W WARSZAWIE!!! W przypadku op\u0142acenia zam\u00f3wienia alkoholu z wysy\u0142k\u0105, przy zwrocie pieni\u0119dzy zostanie potr\u0105cona prowizja\u00a0<\/span><strong style=\"color: #ff0000;\">DOTPAY<\/strong><span style=\"color: #ff0000;\">!<\/span><\/span><\/h1>\n<h1 style=\"margin-top: 0cm;\"><span style=\"font-size: 11.0pt;\">Wino AOC Gigondas &#8220;Oratorio&#8221; Cuvee d&#8217;Excellence &#8216;2001 to wyjatkowe wino z apelacji Gigondas, tworzone raz na kilka lat wtedy gdy jako\u015b\u0107 winogron jest najwy\u017csza. Stare krzewy tradycyjnych po\u0142udnioworoda\u0144skich odmian winoro\u015bli przykurczone na kamienistej glebie nie wygl\u0105daj\u0105 tak imponuj\u0105co jak to szlachetne Gigondas w kieliszku. Mistrzowski kupa\u017c, bukiet ewoluuj\u0105cy od suszonych pomidor\u00f3w po dojrza\u0142e ciemne owoce. Krzepkie na j\u0119zyku, zyska wraz z osi\u0105gni\u0119ciem wi\u0119kszej dojrza\u0142o\u015bci po ok. pi\u0119ciu latach. Potencja\u0142 dojrzewania wina w butelce, przechowywanej w\u00a0odpowiednich warunkach wynosi\u00a05 do 15 lat, liczony od podanego rocznika zbioru.\u00a0 <\/span><\/h1>\n","protected":false},"excerpt":{"rendered":"<p>Wino AOC Gigondas &#8220;Oratorio&#8221; Cuvee d&#8217;Excellence &#8216;2001 to wyjatkowe wino z apelacji Gigondas, tworzone raz na kilka lat wtedy gdy jako\u015b\u0107 winogron jest najwy\u017csza. Stare krzewy tradycyjnych po\u0142udnioworoda\u0144skich odmian winoro\u015bli przykurczone na kamienist&#8230;<\/p>\n","protected":false},"featured_media":10348,"comment_status":"open","ping_status":"closed","template":"","meta":[],"product_cat":[83,86,80],"product_tag":[],"class_list":{"0":"post-10349","1":"product","2":"type-product","3":"status-publish","4":"has-post-thumbnail","6":"product_cat-francja","7":"product_cat-francja-cotes-du-rhone","8":"product_cat-wina-swiata","10":"first","11":"instock","12":"shipping-taxable","13":"purchasable","14":"product-type-simple"},"_links":{"self":[{"href":"http:\/\/delikatesy.wineport.pl\/index.php?rest_route=\/wp\/v2\/product\/10349","targetHints":{"allow":["GET"]}}],"collection":[{"href":"http:\/\/delikatesy.wineport.pl\/index.php?rest_route=\/wp\/v2\/product"}],"about":[{"href":"http:\/\/delikatesy.wineport.pl\/index.php?rest_route=\/wp\/v2\/types\/product"}],"replies":[{"embeddable":true,"href":"http:\/\/delikatesy.wineport.pl\/index.php?rest_route=%2Fwp%2Fv2%2Fcomments&post=10349"}],"wp:featuredmedia":[{"embeddable":true,"href":"http:\/\/delikatesy.wineport.pl\/index.php?rest_route=\/wp\/v2\/media\/10348"}],"wp:attachment":[{"href":"http:\/\/delikatesy.wineport.pl\/index.php?rest_route=%2Fwp%2Fv2%2Fmedia&parent=10349"}],"wp:term":[{"taxonomy":"product_cat","embeddable":true,"href":"http:\/\/delikatesy.wineport.pl\/index.php?rest_route=%2Fwp%2Fv2%2Fproduct_cat&post=10349"},{"taxonomy":"product_tag","embeddable":true,"href":"http:\/\/delikatesy.wineport.pl\/index.php?rest_route=%2Fwp%2Fv2%2Fproduct_tag&post=10349"}],"curies":[{"name":"wp","href":"https:\/\/api.w.org\/{rel}","templated":true}]}}