{"id":10357,"date":"2024-03-14T13:24:37","date_gmt":"2024-03-14T12:24:37","guid":{"rendered":"http:\/\/delikatesy.wineport.pl\/?product=wino-aoc-cotes-languedocchateau-valoussiere-czerwone-wytrawne"},"modified":"2026-05-10T17:58:17","modified_gmt":"2026-05-10T15:58:17","slug":"wino-aoc-cotes-languedocchateau-valoussiere-czerwone-wytrawne","status":"publish","type":"product","link":"http:\/\/delikatesy.wineport.pl\/?product=wino-aoc-cotes-languedocchateau-valoussiere-czerwone-wytrawne","title":{"rendered":"Wino AOC Cotes Languedoc&#8221;Chateau Valoussiere&#8221; &#8211; Czerwone Wytrawne"},"content":{"rendered":"<p><span style=\"color: #ff0000;\">UWAGA!!! NIE WYSY\u0141AMY ALKOHOLU KURIEREM W PRZYPADKU ZAM\u00d3WIE\u0143 OD OS\u00d3B PRYWATNYCH, TYLKO ODBI\u00d3R OSOBISTY NA UL. \u015aW. STANIS\u0141AWA 12 W WARSZAWIE!!! W przypadku op\u0142acenia zam\u00f3wienia alkoholu z wysy\u0142k\u0105, przy zwrocie pieni\u0119dzy zostanie potr\u0105cona prowizja\u00a0<\/span><strong style=\"color: #ff0000;\">DOTPAY<\/strong><span style=\"color: #ff0000;\">!<\/span><\/p>\n<p>AOC Coteaux du Languedoc<br \/>Francuskie, jako\u015bciowe wino gronowe, czerwone, wytrawne pochodz\u0105ce z apelacji kontrolowanej Coteaux du Languedoc.<br \/>Pi\u0119kny rubinowy kolor, z\u0142o\u017cone aromaty owoc\u00f3w czerwonych z domieszk\u0105 wanilii I przypraw. Dobra struktura, d\u0142ugie. Starzone w beczkach d\u0119bowych<br \/>Temperatura serwowania : 18C<\/p>\n","protected":false},"excerpt":{"rendered":"<p>AOC Coteaux du Languedoc Francuskie, jako\u015bciowe wino gronowe, czerwone, wytrawne pochodz\u0105ce z apelacji kontrolowanej Coteaux du Languedoc. Pi\u0119kny rubinowy kolor, z\u0142o\u017cone aromaty owoc\u00f3w czerwonych z domieszk\u0105 wanilii I przypraw. Dobra struktura, d\u0142ugi&#8230;<\/p>\n","protected":false},"featured_media":10356,"comment_status":"open","ping_status":"closed","template":"","meta":[],"product_cat":[83,86,80],"product_tag":[],"class_list":{"0":"post-10357","1":"product","2":"type-product","3":"status-publish","4":"has-post-thumbnail","6":"product_cat-francja","7":"product_cat-francja-cotes-du-rhone","8":"product_cat-wina-swiata","10":"first","11":"instock","12":"shipping-taxable","13":"purchasable","14":"product-type-simple"},"_links":{"self":[{"href":"http:\/\/delikatesy.wineport.pl\/index.php?rest_route=\/wp\/v2\/product\/10357","targetHints":{"allow":["GET"]}}],"collection":[{"href":"http:\/\/delikatesy.wineport.pl\/index.php?rest_route=\/wp\/v2\/product"}],"about":[{"href":"http:\/\/delikatesy.wineport.pl\/index.php?rest_route=\/wp\/v2\/types\/product"}],"replies":[{"embeddable":true,"href":"http:\/\/delikatesy.wineport.pl\/index.php?rest_route=%2Fwp%2Fv2%2Fcomments&post=10357"}],"wp:featuredmedia":[{"embeddable":true,"href":"http:\/\/delikatesy.wineport.pl\/index.php?rest_route=\/wp\/v2\/media\/10356"}],"wp:attachment":[{"href":"http:\/\/delikatesy.wineport.pl\/index.php?rest_route=%2Fwp%2Fv2%2Fmedia&parent=10357"}],"wp:term":[{"taxonomy":"product_cat","embeddable":true,"href":"http:\/\/delikatesy.wineport.pl\/index.php?rest_route=%2Fwp%2Fv2%2Fproduct_cat&post=10357"},{"taxonomy":"product_tag","embeddable":true,"href":"http:\/\/delikatesy.wineport.pl\/index.php?rest_route=%2Fwp%2Fv2%2Fproduct_tag&post=10357"}],"curies":[{"name":"wp","href":"https:\/\/api.w.org\/{rel}","templated":true}]}}