{"id":10363,"date":"2024-03-14T13:24:38","date_gmt":"2024-03-14T12:24:38","guid":{"rendered":"http:\/\/delikatesy.wineport.pl\/?product=wino-vin-de-pays-merlot-czerwone-wytrawne"},"modified":"2026-05-10T17:58:22","modified_gmt":"2026-05-10T15:58:22","slug":"wino-vin-de-pays-merlot-czerwone-wytrawne","status":"publish","type":"product","link":"http:\/\/delikatesy.wineport.pl\/?product=wino-vin-de-pays-merlot-czerwone-wytrawne","title":{"rendered":"Wino Vin de Pays Merlot &#8211; Czerwone Wytrawne"},"content":{"rendered":"<p><span style=\"color: #ff0000;\">UWAGA!!! NIE WYSY\u0141AMY ALKOHOLU KURIEREM W PRZYPADKU ZAM\u00d3WIE\u0143 OD OS\u00d3B PRYWATNYCH, TYLKO ODBI\u00d3R OSOBISTY NA UL. \u015aW. STANIS\u0141AWA 12 W WARSZAWIE!!! W przypadku op\u0142acenia zam\u00f3wienia alkoholu z wysy\u0142k\u0105, przy zwrocie pieni\u0119dzy zostanie potr\u0105cona prowizja\u00a0<\/span><strong style=\"color: #ff0000;\">DOTPAY<\/strong><span style=\"color: #ff0000;\">!<\/span><\/p>\n<p>Merlot<br \/>To wino zosta\u0142o wyprodukowane w 100% ze szczepu Merlot, kt\u00f3ry uprawiany jest w s\u0142onecznej francuskiej Langwedocji Roussillon po\u0142o\u017conej nad Morzem \u015ar\u00f3dziemnym. Jest to region, w kt\u00f3rym zapocz\u0105tkowano produkcj\u0119 r\u00f3\u017cnorodnych francuskich win regionalnych (Vin De Pays). Szczep Merlot daje wina delikatne, aksamitne o owocowym aromacie soczystej \u015bliwki i je\u017cyny. Dobrze wywa\u017cone i tre\u015bciwe znakomicie nadaje si\u0119 jako dodatek do wszelkich potraw zar\u00f3wno z bia\u0142ego jak i czerwonego mi\u0119sa, a w szczeg\u00f3lno\u015bci do pieczonej jagni\u0119ciny, a tak\u017ce do lekkich ser\u00f3w, makaron\u00f3w, da\u0144 jarskich w delikatnych sosach. Podawa\u0107 w temperaturze pokojowej.<\/p>\n","protected":false},"excerpt":{"rendered":"<p>Merlot To wino zosta\u0142o wyprodukowane w 100% ze szczepu Merlot, kt\u00f3ry uprawiany jest w s\u0142onecznej francuskiej Langwedocji Roussillon po\u0142o\u017conej nad Morzem \u015ar\u00f3dziemnym. Jest to region, w kt\u00f3rym zapocz\u0105tkowano produkcj\u0119 r\u00f3\u017cnorodnych francuskich win regio&#8230;<\/p>\n","protected":false},"featured_media":10362,"comment_status":"open","ping_status":"closed","template":"","meta":[],"product_cat":[83,88,80],"product_tag":[],"class_list":{"0":"post-10363","1":"product","2":"type-product","3":"status-publish","4":"has-post-thumbnail","6":"product_cat-francja","7":"product_cat-francja-langwedocja-roussillion","8":"product_cat-wina-swiata","10":"first","11":"instock","12":"shipping-taxable","13":"purchasable","14":"product-type-simple"},"_links":{"self":[{"href":"http:\/\/delikatesy.wineport.pl\/index.php?rest_route=\/wp\/v2\/product\/10363","targetHints":{"allow":["GET"]}}],"collection":[{"href":"http:\/\/delikatesy.wineport.pl\/index.php?rest_route=\/wp\/v2\/product"}],"about":[{"href":"http:\/\/delikatesy.wineport.pl\/index.php?rest_route=\/wp\/v2\/types\/product"}],"replies":[{"embeddable":true,"href":"http:\/\/delikatesy.wineport.pl\/index.php?rest_route=%2Fwp%2Fv2%2Fcomments&post=10363"}],"wp:featuredmedia":[{"embeddable":true,"href":"http:\/\/delikatesy.wineport.pl\/index.php?rest_route=\/wp\/v2\/media\/10362"}],"wp:attachment":[{"href":"http:\/\/delikatesy.wineport.pl\/index.php?rest_route=%2Fwp%2Fv2%2Fmedia&parent=10363"}],"wp:term":[{"taxonomy":"product_cat","embeddable":true,"href":"http:\/\/delikatesy.wineport.pl\/index.php?rest_route=%2Fwp%2Fv2%2Fproduct_cat&post=10363"},{"taxonomy":"product_tag","embeddable":true,"href":"http:\/\/delikatesy.wineport.pl\/index.php?rest_route=%2Fwp%2Fv2%2Fproduct_tag&post=10363"}],"curies":[{"name":"wp","href":"https:\/\/api.w.org\/{rel}","templated":true}]}}