{"id":10401,"date":"2024-03-14T13:24:44","date_gmt":"2024-03-14T12:24:44","guid":{"rendered":"http:\/\/delikatesy.wineport.pl\/?product=cesari-bardolino-clasico-doc-czerwone-wytrawne"},"modified":"2026-05-10T17:59:55","modified_gmt":"2026-05-10T15:59:55","slug":"cesari-bardolino-clasico-doc-czerwone-wytrawne","status":"publish","type":"product","link":"http:\/\/delikatesy.wineport.pl\/?product=cesari-bardolino-clasico-doc-czerwone-wytrawne","title":{"rendered":"CESARI Bardolino Clasico DOC &#8211; Czerwone Wytrawne"},"content":{"rendered":"<p><span style=\"color: #ff0000;\">UWAGA!!! NIE WYSY\u0141AMY ALKOHOLU KURIEREM W PRZYPADKU ZAM\u00d3WIE\u0143 OD OS\u00d3B PRYWATNYCH, TYLKO ODBI\u00d3R OSOBISTY NA UL. \u015aW. STANIS\u0141AWA 12 W WARSZAWIE!!! W przypadku op\u0142acenia zam\u00f3wienia alkoholu z wysy\u0142k\u0105, przy zwrocie pieni\u0119dzy zostanie potr\u0105cona prowizja\u00a0<\/span><strong style=\"color: #ff0000;\">DOTPAY<\/strong><span style=\"color: #ff0000;\">!<\/span><\/p>\n<p>Bardolino Classico<br \/>Wino otrzymywane z winogron hodowanych na urokliwej wschodniej riwierze jeziora Garda. Bardolino Classico to wytrawne wino o harmonijnym aromacie, kt\u00f3re stanowi doskona\u0142e uzupe\u0142nienie lekkich przek\u0105sek, potraw sma\u017conych i da\u0144 g\u0142\u00f3wnych. Wino to smakuje dobrze gdy jest m\u0142ode i doskonale, gdy lekko dojrzeje. Podawa\u0107 w temperaturze pokojowej.<\/p>\n","protected":false},"excerpt":{"rendered":"<p>Bardolino Classico Wino otrzymywane z winogron hodowanych na urokliwej wschodniej riwierze jeziora Garda. Bardolino Classico to wytrawne wino o harmonijnym aromacie, kt\u00f3re stanowi doskona\u0142e uzupe\u0142nienie lekkich przek\u0105sek, potraw sma\u017conych i da\u0144 g\u0142\u00f3wn&#8230;<\/p>\n","protected":false},"featured_media":10400,"comment_status":"open","ping_status":"closed","template":"","meta":[],"product_cat":[80,95,97],"product_tag":[],"class_list":{"0":"post-10401","1":"product","2":"type-product","3":"status-publish","4":"has-post-thumbnail","6":"product_cat-wina-swiata","7":"product_cat-wlochy","8":"product_cat-wlochy-veneto","10":"first","11":"instock","12":"shipping-taxable","13":"purchasable","14":"product-type-simple"},"_links":{"self":[{"href":"http:\/\/delikatesy.wineport.pl\/index.php?rest_route=\/wp\/v2\/product\/10401","targetHints":{"allow":["GET"]}}],"collection":[{"href":"http:\/\/delikatesy.wineport.pl\/index.php?rest_route=\/wp\/v2\/product"}],"about":[{"href":"http:\/\/delikatesy.wineport.pl\/index.php?rest_route=\/wp\/v2\/types\/product"}],"replies":[{"embeddable":true,"href":"http:\/\/delikatesy.wineport.pl\/index.php?rest_route=%2Fwp%2Fv2%2Fcomments&post=10401"}],"wp:featuredmedia":[{"embeddable":true,"href":"http:\/\/delikatesy.wineport.pl\/index.php?rest_route=\/wp\/v2\/media\/10400"}],"wp:attachment":[{"href":"http:\/\/delikatesy.wineport.pl\/index.php?rest_route=%2Fwp%2Fv2%2Fmedia&parent=10401"}],"wp:term":[{"taxonomy":"product_cat","embeddable":true,"href":"http:\/\/delikatesy.wineport.pl\/index.php?rest_route=%2Fwp%2Fv2%2Fproduct_cat&post=10401"},{"taxonomy":"product_tag","embeddable":true,"href":"http:\/\/delikatesy.wineport.pl\/index.php?rest_route=%2Fwp%2Fv2%2Fproduct_tag&post=10401"}],"curies":[{"name":"wp","href":"https:\/\/api.w.org\/{rel}","templated":true}]}}