{"id":10403,"date":"2024-03-14T13:24:44","date_gmt":"2024-03-14T12:24:44","guid":{"rendered":"http:\/\/delikatesy.wineport.pl\/?product=cesari-valpolicella-clasico-superiore-doc"},"modified":"2026-05-10T17:59:56","modified_gmt":"2026-05-10T15:59:56","slug":"cesari-valpolicella-clasico-superiore-doc","status":"publish","type":"product","link":"http:\/\/delikatesy.wineport.pl\/?product=cesari-valpolicella-clasico-superiore-doc","title":{"rendered":"CESARI Valpolicella Clasico Superiore DOC"},"content":{"rendered":"<p><span style=\"color: #ff0000;\">UWAGA!!! NIE WYSY\u0141AMY ALKOHOLU KURIEREM W PRZYPADKU ZAM\u00d3WIE\u0143 OD OS\u00d3B PRYWATNYCH, TYLKO ODBI\u00d3R OSOBISTY NA UL. \u015aW. STANIS\u0141AWA 12 W WARSZAWIE!!! W przypadku op\u0142acenia zam\u00f3wienia alkoholu z wysy\u0142k\u0105, przy zwrocie pieni\u0119dzy zostanie potr\u0105cona prowizja\u00a0<\/span><strong style=\"color: #ff0000;\">DOTPAY<\/strong><span style=\"color: #ff0000;\">!<\/span><\/p>\n<p>Valpolicella Classico Superiore<br \/>Wino otrzymywane z winogron hodowanych w s\u0142yn\u0105cym z produkcji win w regionie administracyjnym Valpolicella. Wino o pe\u0142nej budowie, odznacza si\u0119 rubinow\u0105 barw\u0105 z refleksami granatu. Polecane jako dodatek do pieczonych mi\u0119s i dziczyzny. Wino to nale\u017cy otworzy\u0107 godzin\u0119 przed podaniem. Najlepiej serwowa\u0107 w temperaturze pokojowej (18oC)<\/p>\n","protected":false},"excerpt":{"rendered":"<p>Valpolicella Classico Superiore Wino otrzymywane z winogron hodowanych w s\u0142yn\u0105cym z produkcji win w regionie administracyjnym Valpolicella. Wino o pe\u0142nej budowie, odznacza si\u0119 rubinow\u0105 barw\u0105 z refleksami granatu. Polecane jako dodatek do pieczonych m&#8230;<\/p>\n","protected":false},"featured_media":10402,"comment_status":"open","ping_status":"closed","template":"","meta":[],"product_cat":[80,95,97],"product_tag":[],"class_list":{"0":"post-10403","1":"product","2":"type-product","3":"status-publish","4":"has-post-thumbnail","6":"product_cat-wina-swiata","7":"product_cat-wlochy","8":"product_cat-wlochy-veneto","10":"first","11":"instock","12":"shipping-taxable","13":"purchasable","14":"product-type-simple"},"_links":{"self":[{"href":"http:\/\/delikatesy.wineport.pl\/index.php?rest_route=\/wp\/v2\/product\/10403","targetHints":{"allow":["GET"]}}],"collection":[{"href":"http:\/\/delikatesy.wineport.pl\/index.php?rest_route=\/wp\/v2\/product"}],"about":[{"href":"http:\/\/delikatesy.wineport.pl\/index.php?rest_route=\/wp\/v2\/types\/product"}],"replies":[{"embeddable":true,"href":"http:\/\/delikatesy.wineport.pl\/index.php?rest_route=%2Fwp%2Fv2%2Fcomments&post=10403"}],"wp:featuredmedia":[{"embeddable":true,"href":"http:\/\/delikatesy.wineport.pl\/index.php?rest_route=\/wp\/v2\/media\/10402"}],"wp:attachment":[{"href":"http:\/\/delikatesy.wineport.pl\/index.php?rest_route=%2Fwp%2Fv2%2Fmedia&parent=10403"}],"wp:term":[{"taxonomy":"product_cat","embeddable":true,"href":"http:\/\/delikatesy.wineport.pl\/index.php?rest_route=%2Fwp%2Fv2%2Fproduct_cat&post=10403"},{"taxonomy":"product_tag","embeddable":true,"href":"http:\/\/delikatesy.wineport.pl\/index.php?rest_route=%2Fwp%2Fv2%2Fproduct_tag&post=10403"}],"curies":[{"name":"wp","href":"https:\/\/api.w.org\/{rel}","templated":true}]}}