{"id":10407,"date":"2024-03-14T13:24:45","date_gmt":"2024-03-14T12:24:45","guid":{"rendered":"http:\/\/delikatesy.wineport.pl\/?product=cesari-valpolicellla-ripasso-doc-czerwone-wytrawne"},"modified":"2026-05-10T17:59:58","modified_gmt":"2026-05-10T15:59:58","slug":"cesari-valpolicellla-ripasso-doc-czerwone-wytrawne","status":"publish","type":"product","link":"http:\/\/delikatesy.wineport.pl\/?product=cesari-valpolicellla-ripasso-doc-czerwone-wytrawne","title":{"rendered":"CESARI Valpolicellla Ripasso DOC &#8211; Czerwone Wytrawne"},"content":{"rendered":"<p><span style=\"color: #ff0000;\">UWAGA!!! NIE WYSY\u0141AMY ALKOHOLU KURIEREM W PRZYPADKU ZAM\u00d3WIE\u0143 OD OS\u00d3B PRYWATNYCH, TYLKO ODBI\u00d3R OSOBISTY NA UL. \u015aW. STANIS\u0141AWA 12 W WARSZAWIE!!! W przypadku op\u0142acenia zam\u00f3wienia alkoholu z wysy\u0142k\u0105, przy zwrocie pieni\u0119dzy zostanie potr\u0105cona prowizja\u00a0<\/span><strong style=\"color: #ff0000;\">DOTPAY<\/strong><span style=\"color: #ff0000;\">!<\/span><\/p>\n<p>Mara Vino Di Ripaso Valpolicella Superiore<br \/>Sekret delikatnej i aksamitnej natury wina Mara le\u017cy w przeprowadzanej wiosn\u0105 ponownej lekkiej fermentacji wina z dodatkiem wyci\u015bni\u0119tych gron i dro\u017cd\u017cy z produkcji Amarone. Za spraw\u0105 tej klasycznej techniki winifikacji zwanej Ripasso, a tak\u017ce dzi\u0119ki umiej\u0119tno\u015bciom winiarskim producenta wina Franco Cesari Mara jest pe\u0142nym tre\u015bci winem o \u0142agodnym smaku. Dojrzewa w d\u0119bowych beczkach przez 6 -12 miesi\u0119cy, a nast\u0119pnie w butelkach przez co najmniej 6 miesi\u0119cy. Wino to nale\u017cy podawa\u0107 w temperaturze pokojowej. Dobrze komponuje si\u0119 z dziczyzn\u0105, grilowanym mi\u0119sem i dojrza\u0142ymi serami.<\/p>\n","protected":false},"excerpt":{"rendered":"<p>Mara Vino Di Ripaso Valpolicella Superiore Sekret delikatnej i aksamitnej natury wina Mara le\u017cy w przeprowadzanej wiosn\u0105 ponownej lekkiej fermentacji wina z dodatkiem wyci\u015bni\u0119tych gron i dro\u017cd\u017cy z produkcji Amarone. Za spraw\u0105 tej klasycznej techniki &#8230;<\/p>\n","protected":false},"featured_media":10406,"comment_status":"open","ping_status":"closed","template":"","meta":[],"product_cat":[80,95,97],"product_tag":[],"class_list":{"0":"post-10407","1":"product","2":"type-product","3":"status-publish","4":"has-post-thumbnail","6":"product_cat-wina-swiata","7":"product_cat-wlochy","8":"product_cat-wlochy-veneto","10":"first","11":"instock","12":"shipping-taxable","13":"purchasable","14":"product-type-simple"},"_links":{"self":[{"href":"http:\/\/delikatesy.wineport.pl\/index.php?rest_route=\/wp\/v2\/product\/10407","targetHints":{"allow":["GET"]}}],"collection":[{"href":"http:\/\/delikatesy.wineport.pl\/index.php?rest_route=\/wp\/v2\/product"}],"about":[{"href":"http:\/\/delikatesy.wineport.pl\/index.php?rest_route=\/wp\/v2\/types\/product"}],"replies":[{"embeddable":true,"href":"http:\/\/delikatesy.wineport.pl\/index.php?rest_route=%2Fwp%2Fv2%2Fcomments&post=10407"}],"wp:featuredmedia":[{"embeddable":true,"href":"http:\/\/delikatesy.wineport.pl\/index.php?rest_route=\/wp\/v2\/media\/10406"}],"wp:attachment":[{"href":"http:\/\/delikatesy.wineport.pl\/index.php?rest_route=%2Fwp%2Fv2%2Fmedia&parent=10407"}],"wp:term":[{"taxonomy":"product_cat","embeddable":true,"href":"http:\/\/delikatesy.wineport.pl\/index.php?rest_route=%2Fwp%2Fv2%2Fproduct_cat&post=10407"},{"taxonomy":"product_tag","embeddable":true,"href":"http:\/\/delikatesy.wineport.pl\/index.php?rest_route=%2Fwp%2Fv2%2Fproduct_tag&post=10407"}],"curies":[{"name":"wp","href":"https:\/\/api.w.org\/{rel}","templated":true}]}}