{"id":10429,"date":"2024-03-14T13:24:54","date_gmt":"2024-03-14T12:24:54","guid":{"rendered":"http:\/\/delikatesy.wineport.pl\/?product=wino-magellanes-czerwone-polslodkie-argentyna-075l"},"modified":"2026-05-10T18:01:00","modified_gmt":"2026-05-10T16:01:00","slug":"wino-magellanes-czerwone-polslodkie-argentyna-075l","status":"publish","type":"product","link":"http:\/\/delikatesy.wineport.pl\/?product=wino-magellanes-czerwone-polslodkie-argentyna-075l","title":{"rendered":"Wino Magellanes &#8211; Czerwone P\u00f3\u0142s\u0142odkie &#8211; Argentyna 0,75L"},"content":{"rendered":"<p><span style=\"color: #ff0000; font-size: 16px; font-family: arial, helvetica, sans-serif;\">UWAGA!!! NIE WYSY\u0141AMY ALKOHOLU KURIEREM W PRZYPADKU ZAM\u00d3WIE\u0143 OD OS\u00d3B PRYWATNYCH, TYLKO ODBI\u00d3R OSOBISTY NA UL. \u015aW. STANIS\u0141AWA 12 W WARSZAWIE!!! W przypadku op\u0142acenia zam\u00f3wienia alkoholu z wysy\u0142k\u0105, przy zwrocie pieni\u0119dzy zostanie potr\u0105cona prowizja dotpay!<\/span><\/p>\n<p>Portugalski marynarz\u2013odkrywca Fernando de Magellanes w 1522 r wraz ze swoj\u0105 za\u0142og\u0105 jako pierwszy op\u0142yn\u0105\u0142 \u015bwiat i jako pierwszy odnalaz\u0142 w Ameryce Po\u0142udniowej drog\u0119 \u0142\u0105cz\u0105c\u0105 Atlantyk z Pacyfikiem. To wino powsta\u0142o w ho\u0142dzie dla tego dzielnego cz\u0142owieka.<br \/>Sw\u0105 naturaln\u0105 s\u0142odycz wino to zawdzi\u0119cza winogronom odmiany Malbec, kt\u00f3re zbiera si\u0119 dopiero, gdy przejrzej\u0105. Idealne bez dodatk\u00f3w, wino to stanowi r\u00f3wnie\u017c doskona\u0142e uzupe\u0142nienie deser\u00f3w czekoladowych, kozich ser\u00f3w oraz suszonych owoc\u00f3w.<br \/>Serwowa\u0107 w temperaturze 16oC<\/p>\n","protected":false},"excerpt":{"rendered":"<p>Portugalski marynarz\u2013odkrywca Fernando de Magellanes w 1522 r wraz ze swoj\u0105 za\u0142og\u0105 jako pierwszy op\u0142yn\u0105\u0142 \u015bwiat i jako pierwszy odnalaz\u0142 w Ameryce Po\u0142udniowej drog\u0119 \u0142\u0105cz\u0105c\u0105 Atlantyk z Pacyfikiem. To wino powsta\u0142o w ho\u0142dzie dla tego dzielnego cz\u0142owieka&#8230;<\/p>\n","protected":false},"featured_media":10428,"comment_status":"open","ping_status":"closed","template":"","meta":[],"product_cat":[81,80],"product_tag":[],"class_list":{"0":"post-10429","1":"product","2":"type-product","3":"status-publish","4":"has-post-thumbnail","6":"product_cat-argentyna","7":"product_cat-wina-swiata","9":"first","10":"instock","11":"shipping-taxable","12":"purchasable","13":"product-type-simple"},"_links":{"self":[{"href":"http:\/\/delikatesy.wineport.pl\/index.php?rest_route=\/wp\/v2\/product\/10429","targetHints":{"allow":["GET"]}}],"collection":[{"href":"http:\/\/delikatesy.wineport.pl\/index.php?rest_route=\/wp\/v2\/product"}],"about":[{"href":"http:\/\/delikatesy.wineport.pl\/index.php?rest_route=\/wp\/v2\/types\/product"}],"replies":[{"embeddable":true,"href":"http:\/\/delikatesy.wineport.pl\/index.php?rest_route=%2Fwp%2Fv2%2Fcomments&post=10429"}],"wp:featuredmedia":[{"embeddable":true,"href":"http:\/\/delikatesy.wineport.pl\/index.php?rest_route=\/wp\/v2\/media\/10428"}],"wp:attachment":[{"href":"http:\/\/delikatesy.wineport.pl\/index.php?rest_route=%2Fwp%2Fv2%2Fmedia&parent=10429"}],"wp:term":[{"taxonomy":"product_cat","embeddable":true,"href":"http:\/\/delikatesy.wineport.pl\/index.php?rest_route=%2Fwp%2Fv2%2Fproduct_cat&post=10429"},{"taxonomy":"product_tag","embeddable":true,"href":"http:\/\/delikatesy.wineport.pl\/index.php?rest_route=%2Fwp%2Fv2%2Fproduct_tag&post=10429"}],"curies":[{"name":"wp","href":"https:\/\/api.w.org\/{rel}","templated":true}]}}