{"id":10431,"date":"2024-03-14T13:24:54","date_gmt":"2024-03-14T12:24:54","guid":{"rendered":"http:\/\/delikatesy.wineport.pl\/?product=wino-sweet-boa-czerwone-polslodkie-chile-075l"},"modified":"2026-05-10T18:01:01","modified_gmt":"2026-05-10T16:01:01","slug":"wino-sweet-boa-czerwone-polslodkie-chile-075l","status":"publish","type":"product","link":"http:\/\/delikatesy.wineport.pl\/?product=wino-sweet-boa-czerwone-polslodkie-chile-075l","title":{"rendered":"Wino Sweet Boa &#8211; Czerwone P\u00f3\u0142s\u0142odkie &#8211; Chile 0,75L"},"content":{"rendered":"<p><span style=\"color: #ff0000;\">UWAGA!!! NIE WYSY\u0141AMY ALKOHOLU KURIEREM W PRZYPADKU ZAM\u00d3WIE\u0143 OD OS\u00d3B PRYWATNYCH, TYLKO ODBI\u00d3R OSOBISTY NA UL. \u015aW. STANIS\u0141AWA 12 W WARSZAWIE!!! W przypadku op\u0142acenia zam\u00f3wienia alkoholu z wysy\u0142k\u0105, przy zwrocie pieni\u0119dzy zostanie potr\u0105cona prowizja\u00a0<\/span><strong style=\"color: #ff0000;\">DOTPAY<\/strong><span style=\"color: #ff0000;\">!<\/span><\/p>\n<p>Miejscowa legenda g\u0142osi, \u017ce Boa chroni pola winogronowe przed wszelkim z\u0142em, jakie mo\u017ce je spotka\u0107 podczas zbior\u00f3w. Rytua\u0142 oddawania czci i sk\u0142adania dar\u00f3w Boa na pocz\u0105tku zbior\u00f3w zapewnia ich bogactwo.<br \/>Boa to przyjazne wino o przyjemnej, czerwonej barwie z refleksami fioletu. Odznacza si\u0119 intensywnym aromatem \u015bwie\u017cych je\u017cyn, zaokr\u0105glonymi taninami oraz d\u0142ugotrwa\u0142ym, \u0142agodnym zako\u0144czeniem.<br \/>Wino to stanowi doskona\u0142e uzupe\u0142nienie da\u0144 kuchni chi\u0144skiej, wietnamskiej, tajskiej, a w szczeg\u00f3lno\u015bci mi\u0119s ze s\u0142odkim zio\u0142owym sosem. Mo\u017cna je podawa\u0107 r\u00f3wnie\u017c z czekoladowymi deserami.<br \/>Serwowa\u0107 w temperaturze 16oC.<\/p>\n<p><\/p>\n","protected":false},"excerpt":{"rendered":"<p>Miejscowa legenda g\u0142osi, \u017ce Boa chroni pola winogronowe przed wszelkim z\u0142em, jakie mo\u017ce je spotka\u0107 podczas zbior\u00f3w. Rytua\u0142 oddawania czci i sk\u0142adania dar\u00f3w Boa na pocz\u0105tku zbior\u00f3w zapewnia ich bogactwo. Boa to przyjazne wino o przyjemnej, czerwonej b&#8230;<\/p>\n","protected":false},"featured_media":10430,"comment_status":"open","ping_status":"closed","template":"","meta":[],"product_cat":[82,80],"product_tag":[],"class_list":{"0":"post-10431","1":"product","2":"type-product","3":"status-publish","4":"has-post-thumbnail","6":"product_cat-chile","7":"product_cat-wina-swiata","9":"first","10":"instock","11":"shipping-taxable","12":"purchasable","13":"product-type-simple"},"_links":{"self":[{"href":"http:\/\/delikatesy.wineport.pl\/index.php?rest_route=\/wp\/v2\/product\/10431","targetHints":{"allow":["GET"]}}],"collection":[{"href":"http:\/\/delikatesy.wineport.pl\/index.php?rest_route=\/wp\/v2\/product"}],"about":[{"href":"http:\/\/delikatesy.wineport.pl\/index.php?rest_route=\/wp\/v2\/types\/product"}],"replies":[{"embeddable":true,"href":"http:\/\/delikatesy.wineport.pl\/index.php?rest_route=%2Fwp%2Fv2%2Fcomments&post=10431"}],"wp:featuredmedia":[{"embeddable":true,"href":"http:\/\/delikatesy.wineport.pl\/index.php?rest_route=\/wp\/v2\/media\/10430"}],"wp:attachment":[{"href":"http:\/\/delikatesy.wineport.pl\/index.php?rest_route=%2Fwp%2Fv2%2Fmedia&parent=10431"}],"wp:term":[{"taxonomy":"product_cat","embeddable":true,"href":"http:\/\/delikatesy.wineport.pl\/index.php?rest_route=%2Fwp%2Fv2%2Fproduct_cat&post=10431"},{"taxonomy":"product_tag","embeddable":true,"href":"http:\/\/delikatesy.wineport.pl\/index.php?rest_route=%2Fwp%2Fv2%2Fproduct_tag&post=10431"}],"curies":[{"name":"wp","href":"https:\/\/api.w.org\/{rel}","templated":true}]}}