{"id":10433,"date":"2024-03-14T13:24:55","date_gmt":"2024-03-14T12:24:55","guid":{"rendered":"http:\/\/delikatesy.wineport.pl\/?product=wino-sweet-boa-biale-polslodkie-chile-075l"},"modified":"2026-05-10T18:01:02","modified_gmt":"2026-05-10T16:01:02","slug":"wino-sweet-boa-biale-polslodkie-chile-075l","status":"publish","type":"product","link":"http:\/\/delikatesy.wineport.pl\/?product=wino-sweet-boa-biale-polslodkie-chile-075l","title":{"rendered":"Wino Sweet Boa &#8211; Bia\u0142e P\u00f3\u0142s\u0142odkie &#8211; Chile 0,75L"},"content":{"rendered":"<p><span style=\"color: #ff0000;\">UWAGA!!! NIE WYSY\u0141AMY ALKOHOLU KURIEREM W PRZYPADKU ZAM\u00d3WIE\u0143 OD OS\u00d3B PRYWATNYCH, TYLKO ODBI\u00d3R OSOBISTY NA UL. \u015aW. STANIS\u0141AWA 12 W WARSZAWIE!!! W przypadku op\u0142acenia zam\u00f3wienia alkoholu z wysy\u0142k\u0105, przy zwrocie pieni\u0119dzy zostanie potr\u0105cona prowizja\u00a0<\/span><strong style=\"color: #ff0000;\">DOTPAY<\/strong><span style=\"color: #ff0000;\">!<\/span><\/p>\n<p>Miejscowa legenda g\u0142osi, \u017ce Boa chroni pola winogronowe przed wszelkim z\u0142em, jakie mo\u017ce je spotka\u0107 podczas zbior\u00f3w. Rytua\u0142 oddawania czci i sk\u0142adania dar\u00f3w Boa na pocz\u0105tku zbior\u00f3w zapewnia ich bogactwo.<br \/>Boa to przyjazne wino o przyjemnej, jasno\u017c\u00f3\u0142tej barwie z zielonymi refleksami. Odznacza si\u0119 intensywnym aromatem \u015bwie\u017cych owoc\u00f3w tropikalnych oraz zaokr\u0105glonym i s\u0142odkim, d\u0142ugotrwa\u0142ym zako\u0144czeniem. <br \/>Najlepiej smakuje w towarzystwie deser\u00f3w owocowych, ser\u00f3w ple\u015bniowych typu Roquefort oraz suszonych owoc\u00f3w.<\/p>\n<p>Serwowa\u0107 w temperaturze 10oC<\/p>\n<p><\/p>\n","protected":false},"excerpt":{"rendered":"<p>Miejscowa legenda g\u0142osi, \u017ce Boa chroni pola winogronowe przed wszelkim z\u0142em, jakie mo\u017ce je spotka\u0107 podczas zbior\u00f3w. Rytua\u0142 oddawania czci i sk\u0142adania dar\u00f3w Boa na pocz\u0105tku zbior\u00f3w zapewnia ich bogactwo. Boa to przyjazne wino o przyjemnej, jasno\u017c\u00f3\u0142tej&#8230;<\/p>\n","protected":false},"featured_media":10432,"comment_status":"open","ping_status":"closed","template":"","meta":[],"product_cat":[82,80],"product_tag":[],"class_list":{"0":"post-10433","1":"product","2":"type-product","3":"status-publish","4":"has-post-thumbnail","6":"product_cat-chile","7":"product_cat-wina-swiata","9":"first","10":"instock","11":"shipping-taxable","12":"purchasable","13":"product-type-simple"},"_links":{"self":[{"href":"http:\/\/delikatesy.wineport.pl\/index.php?rest_route=\/wp\/v2\/product\/10433","targetHints":{"allow":["GET"]}}],"collection":[{"href":"http:\/\/delikatesy.wineport.pl\/index.php?rest_route=\/wp\/v2\/product"}],"about":[{"href":"http:\/\/delikatesy.wineport.pl\/index.php?rest_route=\/wp\/v2\/types\/product"}],"replies":[{"embeddable":true,"href":"http:\/\/delikatesy.wineport.pl\/index.php?rest_route=%2Fwp%2Fv2%2Fcomments&post=10433"}],"wp:featuredmedia":[{"embeddable":true,"href":"http:\/\/delikatesy.wineport.pl\/index.php?rest_route=\/wp\/v2\/media\/10432"}],"wp:attachment":[{"href":"http:\/\/delikatesy.wineport.pl\/index.php?rest_route=%2Fwp%2Fv2%2Fmedia&parent=10433"}],"wp:term":[{"taxonomy":"product_cat","embeddable":true,"href":"http:\/\/delikatesy.wineport.pl\/index.php?rest_route=%2Fwp%2Fv2%2Fproduct_cat&post=10433"},{"taxonomy":"product_tag","embeddable":true,"href":"http:\/\/delikatesy.wineport.pl\/index.php?rest_route=%2Fwp%2Fv2%2Fproduct_tag&post=10433"}],"curies":[{"name":"wp","href":"https:\/\/api.w.org\/{rel}","templated":true}]}}