{"id":10435,"date":"2024-03-14T13:24:55","date_gmt":"2024-03-14T12:24:55","guid":{"rendered":"http:\/\/delikatesy.wineport.pl\/?product=wino-cabernet-sauvignon-basvinex-czerwone-polslodkie-moldawia-075l"},"modified":"2026-05-10T18:01:03","modified_gmt":"2026-05-10T16:01:03","slug":"wino-cabernet-sauvignon-basvinex-czerwone-polslodkie-moldawia-075l","status":"publish","type":"product","link":"http:\/\/delikatesy.wineport.pl\/?product=wino-cabernet-sauvignon-basvinex-czerwone-polslodkie-moldawia-075l","title":{"rendered":"Wino Cabernet Sauvignon BASVINEX &#8211; Czerwone P\u00f3\u0142s\u0142odkie &#8211; Mo\u0142dawia 0,75L"},"content":{"rendered":"<p><span style=\"color: #ff0000;\">UWAGA!!! NIE WYSY\u0141AMY ALKOHOLU KURIEREM W PRZYPADKU ZAM\u00d3WIE\u0143 OD OS\u00d3B PRYWATNYCH, TYLKO ODBI\u00d3R OSOBISTY NA UL. \u015aW. STANIS\u0141AWA 12 W WARSZAWIE!!! W przypadku op\u0142acenia zam\u00f3wienia alkoholu z wysy\u0142k\u0105, przy zwrocie pieni\u0119dzy zostanie potr\u0105cona prowizja\u00a0<\/span><strong style=\"color: #ff0000;\">DOTPAY<\/strong><span style=\"color: #ff0000;\">!<\/span><\/p>\n<p>Wino gronowe naturalne p\u00f3\u0142s\u0142odkie czerwone. Barwa rubinowa. Wyrabiane z winogron odmiany Cabernet Sauvignon. Wino posiada aksamitny smak z przyjemnym aromatem w\u0142a\u015bciwym gatunkowi.<br \/>Serwowa\u0107 w temperaturze 17- 18oC.<\/p>\n<p><\/p>\n","protected":false},"excerpt":{"rendered":"<p>Wino gronowe naturalne p\u00f3\u0142s\u0142odkie czerwone. Barwa rubinowa. Wyrabiane z winogron odmiany Cabernet Sauvignon. Wino posiada aksamitny smak z przyjemnym aromatem w\u0142a\u015bciwym gatunkowi. Serwowa\u0107 w temperaturze 17- 18oC.<\/p>\n","protected":false},"featured_media":10434,"comment_status":"open","ping_status":"closed","template":"","meta":[],"product_cat":[102,80],"product_tag":[],"class_list":{"0":"post-10435","1":"product","2":"type-product","3":"status-publish","4":"has-post-thumbnail","6":"product_cat-moldawia","7":"product_cat-wina-swiata","9":"first","10":"instock","11":"shipping-taxable","12":"purchasable","13":"product-type-simple"},"_links":{"self":[{"href":"http:\/\/delikatesy.wineport.pl\/index.php?rest_route=\/wp\/v2\/product\/10435","targetHints":{"allow":["GET"]}}],"collection":[{"href":"http:\/\/delikatesy.wineport.pl\/index.php?rest_route=\/wp\/v2\/product"}],"about":[{"href":"http:\/\/delikatesy.wineport.pl\/index.php?rest_route=\/wp\/v2\/types\/product"}],"replies":[{"embeddable":true,"href":"http:\/\/delikatesy.wineport.pl\/index.php?rest_route=%2Fwp%2Fv2%2Fcomments&post=10435"}],"wp:featuredmedia":[{"embeddable":true,"href":"http:\/\/delikatesy.wineport.pl\/index.php?rest_route=\/wp\/v2\/media\/10434"}],"wp:attachment":[{"href":"http:\/\/delikatesy.wineport.pl\/index.php?rest_route=%2Fwp%2Fv2%2Fmedia&parent=10435"}],"wp:term":[{"taxonomy":"product_cat","embeddable":true,"href":"http:\/\/delikatesy.wineport.pl\/index.php?rest_route=%2Fwp%2Fv2%2Fproduct_cat&post=10435"},{"taxonomy":"product_tag","embeddable":true,"href":"http:\/\/delikatesy.wineport.pl\/index.php?rest_route=%2Fwp%2Fv2%2Fproduct_tag&post=10435"}],"curies":[{"name":"wp","href":"https:\/\/api.w.org\/{rel}","templated":true}]}}