{"id":10439,"date":"2024-03-14T13:24:56","date_gmt":"2024-03-14T12:24:56","guid":{"rendered":"http:\/\/delikatesy.wineport.pl\/?product=wino-chardonnay-basvinex-biale-polslodkie-moldawia"},"modified":"2026-05-10T18:01:05","modified_gmt":"2026-05-10T16:01:05","slug":"wino-chardonnay-basvinex-biale-polslodkie-moldawia","status":"publish","type":"product","link":"http:\/\/delikatesy.wineport.pl\/?product=wino-chardonnay-basvinex-biale-polslodkie-moldawia","title":{"rendered":"Wino Chardonnay BASVINEX &#8211; Bia\u0142e P\u00f3\u0142s\u0142odkie &#8211; Mo\u0142dawia"},"content":{"rendered":"<div><span style=\"color: #ff0000;\">UWAGA!!! NIE WYSY\u0141AMY ALKOHOLU KURIEREM W PRZYPADKU ZAM\u00d3WIE\u0143 OD OS\u00d3B PRYWATNYCH, TYLKO ODBI\u00d3R OSOBISTY NA UL. \u015aW. STANIS\u0141AWA 12 W WARSZAWIE!!! W przypadku op\u0142acenia zam\u00f3wienia alkoholu z wysy\u0142k\u0105, przy zwrocie pieni\u0119dzy zostanie potr\u0105cona prowizja\u00a0<\/span><strong style=\"color: #ff0000;\">DOTPAY<\/strong><span style=\"color: #ff0000;\">!<\/span><\/div>\n<div>Wino gronowe naturalne p\u00f3\u0142s\u0142odkie bia\u0142e. Barwa rubinowa. Wyrabiane z winogron odmiany Chardonnay. Barwa jasno-s\u0142omiana. Bukiet bogaty z subtelnymi nutami kwiatowymi, smak mi\u0119kki zharmonizowany z lekk\u0105 goryczk\u0105 migda\u0142ow\u0105.<br \/>Serwowa\u0107 w temperaturze 11oC.<\/div>\n<div>\u00a0<\/div>\n<div><em>Alc. 11% vol. 0,75 l. .<br \/>Producent: <br \/>Basarabia Lwin Invest, Republika Mo\u0142dowy.<\/em><\/p>\n<\/div>\n","protected":false},"excerpt":{"rendered":"<p>Wino gronowe naturalne p\u00f3\u0142s\u0142odkie bia\u0142e. Barwa rubinowa. Wyrabiane z winogron odmiany Chardonnay. Barwa jasno-s\u0142omiana. Bukiet bogaty z subtelnymi nutami kwiatowymi, smak mi\u0119kki zharmonizowany z lekk\u0105 goryczk\u0105 migda\u0142ow\u0105. Serwowa\u0107 w temperaturze 11oC&#8230;.<\/p>\n","protected":false},"featured_media":10438,"comment_status":"open","ping_status":"closed","template":"","meta":[],"product_cat":[102,80],"product_tag":[],"class_list":{"0":"post-10439","1":"product","2":"type-product","3":"status-publish","4":"has-post-thumbnail","6":"product_cat-moldawia","7":"product_cat-wina-swiata","9":"first","10":"instock","11":"shipping-taxable","12":"purchasable","13":"product-type-simple"},"_links":{"self":[{"href":"http:\/\/delikatesy.wineport.pl\/index.php?rest_route=\/wp\/v2\/product\/10439","targetHints":{"allow":["GET"]}}],"collection":[{"href":"http:\/\/delikatesy.wineport.pl\/index.php?rest_route=\/wp\/v2\/product"}],"about":[{"href":"http:\/\/delikatesy.wineport.pl\/index.php?rest_route=\/wp\/v2\/types\/product"}],"replies":[{"embeddable":true,"href":"http:\/\/delikatesy.wineport.pl\/index.php?rest_route=%2Fwp%2Fv2%2Fcomments&post=10439"}],"wp:featuredmedia":[{"embeddable":true,"href":"http:\/\/delikatesy.wineport.pl\/index.php?rest_route=\/wp\/v2\/media\/10438"}],"wp:attachment":[{"href":"http:\/\/delikatesy.wineport.pl\/index.php?rest_route=%2Fwp%2Fv2%2Fmedia&parent=10439"}],"wp:term":[{"taxonomy":"product_cat","embeddable":true,"href":"http:\/\/delikatesy.wineport.pl\/index.php?rest_route=%2Fwp%2Fv2%2Fproduct_cat&post=10439"},{"taxonomy":"product_tag","embeddable":true,"href":"http:\/\/delikatesy.wineport.pl\/index.php?rest_route=%2Fwp%2Fv2%2Fproduct_tag&post=10439"}],"curies":[{"name":"wp","href":"https:\/\/api.w.org\/{rel}","templated":true}]}}