{"id":10485,"date":"2024-03-14T13:25:14","date_gmt":"2024-03-14T12:25:14","guid":{"rendered":"http:\/\/delikatesy.wineport.pl\/?product=wino-sauvignon-blanc-firebird-legend-075l"},"modified":"2026-05-10T18:02:17","modified_gmt":"2026-05-10T16:02:17","slug":"wino-sauvignon-blanc-firebird-legend-075l","status":"publish","type":"product","link":"http:\/\/delikatesy.wineport.pl\/?product=wino-sauvignon-blanc-firebird-legend-075l","title":{"rendered":"Wino Sauvignon Blanc FIREBIRD LEGEND 0,75L"},"content":{"rendered":"<div class=\"f_naglowek_fiolet\"><span style=\"color: #ff0000;\">UWAGA!!! NIE WYSY\u0141AMY ALKOHOLU KURIEREM W PRZYPADKU ZAM\u00d3WIE\u0143 OD OS\u00d3B PRYWATNYCH, TYLKO ODBI\u00d3R OSOBISTY NA UL. \u015aW. STANIS\u0141AWA 12 W WARSZAWIE!!! W przypadku op\u0142acenia zam\u00f3wienia alkoholu z wysy\u0142k\u0105, przy zwrocie pieni\u0119dzy zostanie potr\u0105cona prowizja\u00a0<\/span><strong style=\"color: #ff0000;\">DOTPAY<\/strong><span style=\"color: #ff0000;\">!<\/span><\/div>\n<div class=\"f_naglowek_fiolet\">Sauvignon Blanc FIREBIRD LEGEND<\/div>\n<div class=\"f_fiolet\">Wy\u015bmienite wytrawne wino wyprodukowane ze szczepu Sauvignon. Ma intensywny aromat i smak odpowiadaj\u0105cy danemu szczepowi. Wino soczyste o przyjemnej kwasowo\u015bci. Podawa\u0107 w temp. 8 &#8211; 10 \u00b0C.\u00a0<\/p>\n<hr \/>\n<table width=\"100%\">\n<tbody>\n<tr>\n<td>\n<div class=\"f_fiolet\">Alc. 13% , vol. 0,75 l.<em><br \/>Producent : <br \/>DK Intertrade, Republika Mo\u0142dowy\u00a0<br \/><strong>Nr katalogowy DC21<\/strong><\/em><\/div>\n<\/td>\n<\/tr>\n<\/tbody>\n<\/table><\/div>\n","protected":false},"excerpt":{"rendered":"<p>Sauvignon Blanc FIREBIRD LEGEND Wy\u015bmienite wytrawne wino wyprodukowane ze szczepu Sauvignon. Ma intensywny aromat i smak odpowiadaj\u0105cy danemu szczepowi. Wino soczyste o przyjemnej kwasowo\u015bci. Podawa\u0107 w temp. 8 &#8211; 10 \u00b0C. Alc. 13% , vol. 0,75 l. Produce&#8230;<\/p>\n","protected":false},"featured_media":10484,"comment_status":"open","ping_status":"closed","template":"","meta":[],"product_cat":[102,80],"product_tag":[],"class_list":{"0":"post-10485","1":"product","2":"type-product","3":"status-publish","4":"has-post-thumbnail","6":"product_cat-moldawia","7":"product_cat-wina-swiata","9":"first","10":"instock","11":"shipping-taxable","12":"purchasable","13":"product-type-simple"},"_links":{"self":[{"href":"http:\/\/delikatesy.wineport.pl\/index.php?rest_route=\/wp\/v2\/product\/10485","targetHints":{"allow":["GET"]}}],"collection":[{"href":"http:\/\/delikatesy.wineport.pl\/index.php?rest_route=\/wp\/v2\/product"}],"about":[{"href":"http:\/\/delikatesy.wineport.pl\/index.php?rest_route=\/wp\/v2\/types\/product"}],"replies":[{"embeddable":true,"href":"http:\/\/delikatesy.wineport.pl\/index.php?rest_route=%2Fwp%2Fv2%2Fcomments&post=10485"}],"wp:featuredmedia":[{"embeddable":true,"href":"http:\/\/delikatesy.wineport.pl\/index.php?rest_route=\/wp\/v2\/media\/10484"}],"wp:attachment":[{"href":"http:\/\/delikatesy.wineport.pl\/index.php?rest_route=%2Fwp%2Fv2%2Fmedia&parent=10485"}],"wp:term":[{"taxonomy":"product_cat","embeddable":true,"href":"http:\/\/delikatesy.wineport.pl\/index.php?rest_route=%2Fwp%2Fv2%2Fproduct_cat&post=10485"},{"taxonomy":"product_tag","embeddable":true,"href":"http:\/\/delikatesy.wineport.pl\/index.php?rest_route=%2Fwp%2Fv2%2Fproduct_tag&post=10485"}],"curies":[{"name":"wp","href":"https:\/\/api.w.org\/{rel}","templated":true}]}}