{"id":10515,"date":"2024-03-14T13:25:18","date_gmt":"2024-03-14T12:25:18","guid":{"rendered":"http:\/\/delikatesy.wineport.pl\/?product=wino-aoc-languedoc-075l"},"modified":"2026-05-17T20:15:00","modified_gmt":"2026-05-17T18:15:00","slug":"wino-aoc-languedoc-075l","status":"publish","type":"product","link":"http:\/\/delikatesy.wineport.pl\/?product=wino-aoc-languedoc-075l","title":{"rendered":"Wino AOC LANGUEDOC 0,75L"},"content":{"rendered":"<p><span style=\"color: #ff0000;\">UWAGA!!! NIE WYSY\u0141AMY ALKOHOLU KURIEREM W PRZYPADKU ZAM\u00d3WIE\u0143 OD OS\u00d3B PRYWATNYCH, TYLKO ODBI\u00d3R OSOBISTY NA UL. \u015aW. STANIS\u0141AWA 12 W WARSZAWIE!!! W p<\/span><span style=\"color: #ff0000;\">rzypadku op\u0142acenia zam\u00f3wienia alkoholu z wysy\u0142k\u0105, przy zwrocie pieni\u0119dzy zostanie potr\u0105cona prowizja\u00a0<\/span><strong style=\"color: #ff0000;\">DOTPAY<\/strong><span style=\"color: #ff0000;\">!<\/span><\/p>\n<p>Czerwone wino wytrawne z regionu Minervois. Produkowane ze szczep\u00f3w Grenache, Syrah i Carignan. Posiada intensywn\u0105 rubinow\u0105 barw\u0119 oraz wyczuwalny aromat suszonych owoc\u00f3w z nut\u0105 kakao i cynamonu. Znakomite wino na ka\u017cd\u0105 okazj\u0119 o ka\u017cdej porze roku, doskonale nadaj\u0105ce si\u0119 do mi\u0119s czerwonych, kaczki i dziczyzny.\u00a0<\/p>\n<p>Serwowa\u0107 w temperaturze 16-18\u00b0C.<br \/>\u00a0<\/p>\n<hr \/>\n<table width=\"100%\">\n<tbody>\n<tr>\n<td>\n<div class=\"f_fiolet\"><em>Alc. 12,5%, vol. 0,75 l <br \/>Producent : <br \/><\/em>Les Vignerons de la Mediterranee \u2013 Francja<em><br \/><\/em><\/div>\n<\/td>\n<\/tr>\n<\/tbody>\n<\/table>\n","protected":false},"excerpt":{"rendered":"<p>Czerwone wino wytrawne z regionu Minervois. Produkowane ze szczep\u00f3w Grenache, Syrah i Carignan. Posiada intensywn\u0105 rubinow\u0105 barw\u0119 oraz wyczuwalny aromat suszonych owoc\u00f3w z nut\u0105 kakao i cynamonu. Znakomite wino na ka\u017cd\u0105 okazj\u0119 o ka\u017cdej porze roku, dos&#8230;<\/p>\n","protected":false},"featured_media":10514,"comment_status":"open","ping_status":"closed","template":"","meta":[],"product_cat":[83,88,80],"product_tag":[],"class_list":{"0":"post-10515","1":"product","2":"type-product","3":"status-publish","4":"has-post-thumbnail","6":"product_cat-francja","7":"product_cat-francja-langwedocja-roussillion","8":"product_cat-wina-swiata","10":"first","11":"instock","12":"shipping-taxable","13":"purchasable","14":"product-type-simple"},"_links":{"self":[{"href":"http:\/\/delikatesy.wineport.pl\/index.php?rest_route=\/wp\/v2\/product\/10515","targetHints":{"allow":["GET"]}}],"collection":[{"href":"http:\/\/delikatesy.wineport.pl\/index.php?rest_route=\/wp\/v2\/product"}],"about":[{"href":"http:\/\/delikatesy.wineport.pl\/index.php?rest_route=\/wp\/v2\/types\/product"}],"replies":[{"embeddable":true,"href":"http:\/\/delikatesy.wineport.pl\/index.php?rest_route=%2Fwp%2Fv2%2Fcomments&post=10515"}],"wp:featuredmedia":[{"embeddable":true,"href":"http:\/\/delikatesy.wineport.pl\/index.php?rest_route=\/wp\/v2\/media\/10514"}],"wp:attachment":[{"href":"http:\/\/delikatesy.wineport.pl\/index.php?rest_route=%2Fwp%2Fv2%2Fmedia&parent=10515"}],"wp:term":[{"taxonomy":"product_cat","embeddable":true,"href":"http:\/\/delikatesy.wineport.pl\/index.php?rest_route=%2Fwp%2Fv2%2Fproduct_cat&post=10515"},{"taxonomy":"product_tag","embeddable":true,"href":"http:\/\/delikatesy.wineport.pl\/index.php?rest_route=%2Fwp%2Fv2%2Fproduct_tag&post=10515"}],"curies":[{"name":"wp","href":"https:\/\/api.w.org\/{rel}","templated":true}]}}