{"id":10519,"date":"2024-03-14T13:25:18","date_gmt":"2024-03-14T12:25:18","guid":{"rendered":"http:\/\/delikatesy.wineport.pl\/?product=wino-kenga-colombard-chardonnay-australia-075l"},"modified":"2026-05-10T18:03:07","modified_gmt":"2026-05-10T16:03:07","slug":"wino-kenga-colombard-chardonnay-australia-075l","status":"publish","type":"product","link":"http:\/\/delikatesy.wineport.pl\/?product=wino-kenga-colombard-chardonnay-australia-075l","title":{"rendered":"Wino Kenga Colombard Chardonnay- AUSTRALIA 0,75L"},"content":{"rendered":"<p><span style=\"color: #ff0000; font-size: 16px; font-family: arial, helvetica, sans-serif;\">UWAGA!!! NIE WYSY\u0141AMY ALKOHOLU KURIEREM W PRZYPADKU ZAM\u00d3WIE\u0143 OD OS\u00d3B PRYWATNYCH, TYLKO ODBI\u00d3R OSOBISTY NA UL. \u015aW. STANIS\u0141AWA 12 W WARSZAWIE!!! W przypadku op\u0142acenia zam\u00f3wienia alkoholu z wysy\u0142k\u0105, przy zwrocie pieni\u0119dzy zostanie potr\u0105cona prowizja dotpay!<\/span><\/p>\n<p>Bia\u0142e wino wytrawne o krystalicznie czystej z\u0142oto-bursztynowej barwie, cytrusowy aromat charakterystyczny dla szczepu Chardonnay cechuje wyczuwalna obecno\u015b\u0107 mango, brzoskwi\u0144 a tak\u017ce zielonych jab\u0142ek. Podawa\u0107 w temp. 8 &#8211; 10 \u00b0C<br \/>\u00a0<\/p>\n<hr \/>\n<table width=\"100%\">\n<tbody>\n<tr>\n<td>\n<div class=\"f_fiolet\"><em>Alc. 12,5 %, vol. 0,75 l <br \/>Producent:<br \/>\u00a0Crestview Pty Ltd, Australia <\/em><\/div>\n<\/td>\n<\/tr>\n<\/tbody>\n<\/table>\n","protected":false},"excerpt":{"rendered":"<p>Bia\u0142e wino wytrawne o krystalicznie czystej z\u0142oto-bursztynowej barwie, cytrusowy aromat charakterystyczny dla szczepu Chardonnay cechuje wyczuwalna obecno\u015b\u0107 mango, brzoskwi\u0144 a tak\u017ce zielonych jab\u0142ek. Podawa\u0107 w temp. 8 &#8211; 10 \u00b0C Alc. 12,5 %, vol. 0,75 l&#8230;<\/p>\n","protected":false},"featured_media":10518,"comment_status":"open","ping_status":"closed","template":"","meta":[],"product_cat":[112,80],"product_tag":[],"class_list":{"0":"post-10519","1":"product","2":"type-product","3":"status-publish","4":"has-post-thumbnail","6":"product_cat-australia","7":"product_cat-wina-swiata","9":"first","10":"instock","11":"shipping-taxable","12":"purchasable","13":"product-type-simple"},"_links":{"self":[{"href":"http:\/\/delikatesy.wineport.pl\/index.php?rest_route=\/wp\/v2\/product\/10519","targetHints":{"allow":["GET"]}}],"collection":[{"href":"http:\/\/delikatesy.wineport.pl\/index.php?rest_route=\/wp\/v2\/product"}],"about":[{"href":"http:\/\/delikatesy.wineport.pl\/index.php?rest_route=\/wp\/v2\/types\/product"}],"replies":[{"embeddable":true,"href":"http:\/\/delikatesy.wineport.pl\/index.php?rest_route=%2Fwp%2Fv2%2Fcomments&post=10519"}],"wp:featuredmedia":[{"embeddable":true,"href":"http:\/\/delikatesy.wineport.pl\/index.php?rest_route=\/wp\/v2\/media\/10518"}],"wp:attachment":[{"href":"http:\/\/delikatesy.wineport.pl\/index.php?rest_route=%2Fwp%2Fv2%2Fmedia&parent=10519"}],"wp:term":[{"taxonomy":"product_cat","embeddable":true,"href":"http:\/\/delikatesy.wineport.pl\/index.php?rest_route=%2Fwp%2Fv2%2Fproduct_cat&post=10519"},{"taxonomy":"product_tag","embeddable":true,"href":"http:\/\/delikatesy.wineport.pl\/index.php?rest_route=%2Fwp%2Fv2%2Fproduct_tag&post=10519"}],"curies":[{"name":"wp","href":"https:\/\/api.w.org\/{rel}","templated":true}]}}