{"id":10591,"date":"2024-03-14T13:25:31","date_gmt":"2024-03-14T12:25:31","guid":{"rendered":"http:\/\/delikatesy.wineport.pl\/?product=wino-segu-sauvignon-blanc-d-o-maule-075l"},"modified":"2026-05-10T18:04:20","modified_gmt":"2026-05-10T16:04:20","slug":"wino-segu-sauvignon-blanc-d-o-maule-075l","status":"publish","type":"product","link":"http:\/\/delikatesy.wineport.pl\/?product=wino-segu-sauvignon-blanc-d-o-maule-075l","title":{"rendered":"Wino SEGU Sauvignon Blanc D.O. Maule 0,75L"},"content":{"rendered":"<p><span style=\"color: #ff0000;\">UWAGA!!! NIE WYSY\u0141AMY ALKOHOLU KURIEREM W PRZYPADKU ZAM\u00d3WIE\u0143 OD OS\u00d3B PRYWATNYCH, TYLKO ODBI\u00d3R OSOBISTY NA UL. \u015aW. STANIS\u0141AWA 12 W WARSZAWIE!!! W przypadku op\u0142acenia zam\u00f3wienia alkoholu z wysy\u0142k\u0105, przy zwrocie pieni\u0119dzy zostanie potr\u0105cona prowizja\u00a0<\/span><strong style=\"color: #ff0000;\">DOTPAY<\/strong><span style=\"color: #ff0000;\">!<\/span><\/p>\n<p>\u00a0<span style=\"font-weight: bold;\">SEG\u00da Sauvignon Blanc D.O. Maule<\/span><br \/> <span style=\"font-style: italic;\">producent: Vi\u0144a Seg\u00fa<\/span><br \/> 100% Sauvignon Blanc<br \/> Wino bia\u0142e, wytrawne, o jasno\u017c\u00f3\u0142tej, intensywnej, po\u0142yskuj\u0105cej barwie z zielonkawymi refleksami.<br \/> Niezwykle aromatyczne, wybornie owocowe. Wyczuwalny w nim jest grejpfrut, jab\u0142ko i pigwa oraz delikatne nuty suszonych zi\u00f3\u0142.<br \/> W ustach owocowe, \u015bwie\u017ce, przyjemne dla podniebienia, o wywa\u017conej kwasowo\u015bci, jeszcze bardziej uwydatniaj\u0105cej jego \u015bwie\u017co\u015b\u0107. Ponownie wyczuwalny jest w nim grejpfrut i jab\u0142ko.<br \/> Podawa\u0107 ch\u0142odzone do temperatury 12\u00b0C jako aperitif, a tak\u017ce z ostrygami, gotowanym \u0142ososiem, surowymi skorupiakami, serem kozim, potrawami przygotowanymi na bazie duszonych warzyw i serami w\u0119dzonymi.<\/p>\n","protected":false},"excerpt":{"rendered":"<p>SEG\u00da Sauvignon Blanc D.O. Maule producent: Vi\u0144a Seg\u00fa 100% Sauvignon Blanc Wino bia\u0142e, wytrawne, o jasno\u017c\u00f3\u0142tej, intensywnej, po\u0142yskuj\u0105cej barwie z zielonkawymi refleksami. Niezwykle aromatyczne, wybornie owocowe. Wyczuwalny w nim jest grejpfrut, jab\u0142k&#8230;<\/p>\n","protected":false},"featured_media":10590,"comment_status":"open","ping_status":"closed","template":"","meta":[],"product_cat":[82,80],"product_tag":[],"class_list":{"0":"post-10591","1":"product","2":"type-product","3":"status-publish","4":"has-post-thumbnail","6":"product_cat-chile","7":"product_cat-wina-swiata","9":"first","10":"instock","11":"shipping-taxable","12":"purchasable","13":"product-type-simple"},"_links":{"self":[{"href":"http:\/\/delikatesy.wineport.pl\/index.php?rest_route=\/wp\/v2\/product\/10591","targetHints":{"allow":["GET"]}}],"collection":[{"href":"http:\/\/delikatesy.wineport.pl\/index.php?rest_route=\/wp\/v2\/product"}],"about":[{"href":"http:\/\/delikatesy.wineport.pl\/index.php?rest_route=\/wp\/v2\/types\/product"}],"replies":[{"embeddable":true,"href":"http:\/\/delikatesy.wineport.pl\/index.php?rest_route=%2Fwp%2Fv2%2Fcomments&post=10591"}],"wp:featuredmedia":[{"embeddable":true,"href":"http:\/\/delikatesy.wineport.pl\/index.php?rest_route=\/wp\/v2\/media\/10590"}],"wp:attachment":[{"href":"http:\/\/delikatesy.wineport.pl\/index.php?rest_route=%2Fwp%2Fv2%2Fmedia&parent=10591"}],"wp:term":[{"taxonomy":"product_cat","embeddable":true,"href":"http:\/\/delikatesy.wineport.pl\/index.php?rest_route=%2Fwp%2Fv2%2Fproduct_cat&post=10591"},{"taxonomy":"product_tag","embeddable":true,"href":"http:\/\/delikatesy.wineport.pl\/index.php?rest_route=%2Fwp%2Fv2%2Fproduct_tag&post=10591"}],"curies":[{"name":"wp","href":"https:\/\/api.w.org\/{rel}","templated":true}]}}