{"id":10603,"date":"2024-03-14T13:25:32","date_gmt":"2024-03-14T12:25:32","guid":{"rendered":"http:\/\/delikatesy.wineport.pl\/?product=wino-segu-merlot-d-o-maule-075l"},"modified":"2026-05-10T18:04:23","modified_gmt":"2026-05-10T16:04:23","slug":"wino-segu-merlot-d-o-maule-075l","status":"publish","type":"product","link":"http:\/\/delikatesy.wineport.pl\/?product=wino-segu-merlot-d-o-maule-075l","title":{"rendered":"Wino SEGU Merlot D.O. Maule 0,75L"},"content":{"rendered":"<p><span style=\"font-weight: bold;\"><span style=\"color: #ff0000;\">UWAGA!!! NIE WYSY\u0141AMY ALKOHOLU KURIEREM W PRZYPADKU ZAM\u00d3WIE\u0143 OD OS\u00d3B PRYWATNYCH, TYLKO ODBI\u00d3R OSOBISTY NA UL. \u015aW. STANIS\u0141AWA 12 W WARSZAWIE!!! W przypadku op\u0142acenia zam\u00f3wienia alkoholu z wysy\u0142k\u0105, przy zwrocie pieni\u0119dzy zostanie potr\u0105cona prowizja\u00a0<\/span><strong style=\"color: #ff0000;\">DOTPAY<\/strong><span style=\"color: #ff0000;\">!<\/span><\/span><\/p>\n<p><span style=\"font-weight: bold;\">SEG\u00da Merlot D.O. Maule<\/span><br \/> <span style=\"font-style: italic;\">producent: Vi\u0144a Seg\u00fa<\/span><br \/> 90% Merlot, 10% Cabernet Sauvignon<br \/> Wino czerwone, wytrawne, o g\u0142\u0119bokiej, intensywnej, ciemnoczerwonej barwie, z fioletowymi refleksami. Nos owocowy, o wyczuwalnym aromacie \u015bliwek, d\u017cemu truskawkowego, bor\u00f3wki ameryka\u0144skiej, malin, z nutami fio\u0142k\u00f3w i przypraw (go\u017adzik\u00f3w).<br \/> W ustach nuty dojrza\u0142ych truskawek i czekolady. Wino d\u0142ugie, dobrze zbudowane, o przyjemnym finiszu.<br \/> Najlepiej smakuje, gdy osi\u0105gnie temperatur\u0119 18\u00b0C, przede wszystkim z indykiem z roso\u0142u, duszonymi przepi\u00f3rkami, potrawami z duszonych warzyw, tak\u017ce z dodatkiem mi\u0119sa, kotletami mielonymi, makaronami z dodatkiem sosu pomidorowego, paell\u0105, pizz\u0105 i serem gruy\u00e9re. Mo\u017ce by\u0107 przechowywane przez oko\u0142o 5 lat.<\/p>\n<p>a tyle zaplacisz za wino to wino u konkurencji:<br \/>http:\/\/www.cellier.pl\/seg%C4%82%C5%9F-merlot-do-maule-p-31.html?osCsid=3c88821c7021f9f89dbedb0f24736541<\/p>\n","protected":false},"excerpt":{"rendered":"<p>SEG\u00da Merlot D.O. Maule producent: Vi\u0144a Seg\u00fa 90% Merlot, 10% Cabernet Sauvignon Wino czerwone, wytrawne, o g\u0142\u0119bokiej, intensywnej, ciemnoczerwonej barwie, z fioletowymi refleksami. Nos owocowy, o wyczuwalnym aromacie \u015bliwek, d\u017cemu truskawkowego, bor\u00f3w&#8230;<\/p>\n","protected":false},"featured_media":10602,"comment_status":"open","ping_status":"closed","template":"","meta":[],"product_cat":[82,80],"product_tag":[],"class_list":{"0":"post-10603","1":"product","2":"type-product","3":"status-publish","4":"has-post-thumbnail","6":"product_cat-chile","7":"product_cat-wina-swiata","9":"first","10":"instock","11":"shipping-taxable","12":"purchasable","13":"product-type-simple"},"_links":{"self":[{"href":"http:\/\/delikatesy.wineport.pl\/index.php?rest_route=\/wp\/v2\/product\/10603","targetHints":{"allow":["GET"]}}],"collection":[{"href":"http:\/\/delikatesy.wineport.pl\/index.php?rest_route=\/wp\/v2\/product"}],"about":[{"href":"http:\/\/delikatesy.wineport.pl\/index.php?rest_route=\/wp\/v2\/types\/product"}],"replies":[{"embeddable":true,"href":"http:\/\/delikatesy.wineport.pl\/index.php?rest_route=%2Fwp%2Fv2%2Fcomments&post=10603"}],"wp:featuredmedia":[{"embeddable":true,"href":"http:\/\/delikatesy.wineport.pl\/index.php?rest_route=\/wp\/v2\/media\/10602"}],"wp:attachment":[{"href":"http:\/\/delikatesy.wineport.pl\/index.php?rest_route=%2Fwp%2Fv2%2Fmedia&parent=10603"}],"wp:term":[{"taxonomy":"product_cat","embeddable":true,"href":"http:\/\/delikatesy.wineport.pl\/index.php?rest_route=%2Fwp%2Fv2%2Fproduct_cat&post=10603"},{"taxonomy":"product_tag","embeddable":true,"href":"http:\/\/delikatesy.wineport.pl\/index.php?rest_route=%2Fwp%2Fv2%2Fproduct_tag&post=10603"}],"curies":[{"name":"wp","href":"https:\/\/api.w.org\/{rel}","templated":true}]}}