{"id":10611,"date":"2024-03-14T13:25:34","date_gmt":"2024-03-14T12:25:34","guid":{"rendered":"http:\/\/delikatesy.wineport.pl\/?product=wino-segu-reserva-carmenere-d-o-maule-075l"},"modified":"2026-05-10T18:04:25","modified_gmt":"2026-05-10T16:04:25","slug":"wino-segu-reserva-carmenere-d-o-maule-075l","status":"publish","type":"product","link":"http:\/\/delikatesy.wineport.pl\/?product=wino-segu-reserva-carmenere-d-o-maule-075l","title":{"rendered":"Wino SEGU RESERVA Carm\u00e9n\u00e8re D.O. Maule 0,75L"},"content":{"rendered":"<p><span style=\"font-weight: bold;\"><span style=\"color: #ff0000;\">UWAGA!!! NIE WYSY\u0141AMY ALKOHOLU KURIEREM W PRZYPADKU ZAM\u00d3WIE\u0143 OD OS\u00d3B PRYWATNYCH, TYLKO ODBI\u00d3R OSOBISTY NA UL. \u015aW. STANIS\u0141AWA 12 W WARSZAWIE!!! W przypadku op\u0142acenia zam\u00f3wienia alkoholu z wysy\u0142k\u0105, przy zwrocie pieni\u0119dzy zostanie potr\u0105cona prowizja\u00a0<\/span><strong style=\"color: #ff0000;\">DOTPAY<\/strong><span style=\"color: #ff0000;\">!<\/span><\/span><\/p>\n<p><span style=\"font-weight: bold;\">SEG\u00da RESERVA Carm\u00e9n\u00e8re D.O. Maule<\/span><br \/> <span style=\"font-style: italic;\">producent: Vi\u0144a Seg\u00fa<\/span><br \/> 85% Carm\u00e9n\u00e8re, 15% Cabernet Sauvignon<br \/> Wino czerwone, wytrawne, niefiltrowane, o intensywnej, ciemnoczerwonej barwie, z fioletowymi refleksami, dojrzewaj\u0105ce przez 8 miesi\u0119cy w nowych beczkach z d\u0119bu ameryka\u0144skiego.<br \/> Nos z\u0142o\u017cony, z wyczuwalnymi aromatami tostu, ziemi, czekolady i wanilii, kt\u00f3ra przeplata si\u0119 z wybornym zapachem owoc\u00f3w takich jak je\u017cyny, wi\u015bnie i rodzynki oraz delikatnymi nutami mi\u0119tu i herbaty. W ustach eleganckie, smaczne, intensywne, wywa\u017cone, skoncentrowane i bogate. Ponownie pojawiaj\u0105 si\u0119 w nim nuty wanilii, owoc\u00f3w, ziemi, przypraw korzennych i drewna. Przyjemny, czekoladowy finisz.<br \/> Najlepiej smakuje gdy osi\u0105gnie temperatur\u0119 18\u00b0C, z baranimi \u017ceberkami, bia\u0142ym mi\u0119sem, dobrze przyprawionymi rybami, klopsami, potrawami kuchni chi\u0144skiej, serem gruy\u00e9re i parmezanem. Mo\u017ce by\u0107 przechowywane przez 6-8 lat.<\/p>\n","protected":false},"excerpt":{"rendered":"<p>SEG\u00da RESERVA Carm\u00e9n\u00e8re D.O. Maule producent: Vi\u0144a Seg\u00fa 85% Carm\u00e9n\u00e8re, 15% Cabernet Sauvignon Wino czerwone, wytrawne, niefiltrowane, o intensywnej, ciemnoczerwonej barwie, z fioletowymi refleksami, dojrzewaj\u0105ce przez 8 miesi\u0119cy w nowych beczkach z d\u0119&#8230;<\/p>\n","protected":false},"featured_media":10610,"comment_status":"open","ping_status":"closed","template":"","meta":[],"product_cat":[82,80],"product_tag":[],"class_list":{"0":"post-10611","1":"product","2":"type-product","3":"status-publish","4":"has-post-thumbnail","6":"product_cat-chile","7":"product_cat-wina-swiata","9":"first","10":"instock","11":"shipping-taxable","12":"purchasable","13":"product-type-simple"},"_links":{"self":[{"href":"http:\/\/delikatesy.wineport.pl\/index.php?rest_route=\/wp\/v2\/product\/10611","targetHints":{"allow":["GET"]}}],"collection":[{"href":"http:\/\/delikatesy.wineport.pl\/index.php?rest_route=\/wp\/v2\/product"}],"about":[{"href":"http:\/\/delikatesy.wineport.pl\/index.php?rest_route=\/wp\/v2\/types\/product"}],"replies":[{"embeddable":true,"href":"http:\/\/delikatesy.wineport.pl\/index.php?rest_route=%2Fwp%2Fv2%2Fcomments&post=10611"}],"wp:featuredmedia":[{"embeddable":true,"href":"http:\/\/delikatesy.wineport.pl\/index.php?rest_route=\/wp\/v2\/media\/10610"}],"wp:attachment":[{"href":"http:\/\/delikatesy.wineport.pl\/index.php?rest_route=%2Fwp%2Fv2%2Fmedia&parent=10611"}],"wp:term":[{"taxonomy":"product_cat","embeddable":true,"href":"http:\/\/delikatesy.wineport.pl\/index.php?rest_route=%2Fwp%2Fv2%2Fproduct_cat&post=10611"},{"taxonomy":"product_tag","embeddable":true,"href":"http:\/\/delikatesy.wineport.pl\/index.php?rest_route=%2Fwp%2Fv2%2Fproduct_tag&post=10611"}],"curies":[{"name":"wp","href":"https:\/\/api.w.org\/{rel}","templated":true}]}}