{"id":10639,"date":"2024-03-14T13:25:38","date_gmt":"2024-03-14T12:25:38","guid":{"rendered":"http:\/\/delikatesy.wineport.pl\/?product=wino-val-dei-molini-corvina-garda-doc-075l"},"modified":"2026-05-10T18:05:07","modified_gmt":"2026-05-10T16:05:07","slug":"wino-val-dei-molini-corvina-garda-doc-075l","status":"publish","type":"product","link":"http:\/\/delikatesy.wineport.pl\/?product=wino-val-dei-molini-corvina-garda-doc-075l","title":{"rendered":"Wino Val dei Molini &#8211; Corvina Garda DOC 0,75L"},"content":{"rendered":"<p><span style=\"font-weight: bold;\"><span style=\"color: #ff0000;\">UWAGA!!! NIE WYSY\u0141AMY ALKOHOLU KURIEREM W PRZYPADKU ZAM\u00d3WIE\u0143 OD OS\u00d3B PRYWATNYCH, TYLKO ODBI\u00d3R OSOBISTY NA UL. \u015aW. STANIS\u0141AWA 12 W WARSZAWIE!!! W przypadku op\u0142acenia zam\u00f3wienia alkoholu z wysy\u0142k\u0105, przy zwrocie pieni\u0119dzy zostanie potr\u0105cona prowizja\u00a0<\/span><strong style=\"color: #ff0000;\">DOTPAY<\/strong><span style=\"color: #ff0000;\">!<\/span><\/span><\/p>\n<p><span style=\"font-weight: bold;\">CORVINA Val dei Molini &#8211; Corvina Garda DOC<\/span><br \/> <span style=\"font-style: italic;\">producent: Cantina di Custoza<\/span><br \/> Corvina<br \/> Wino czerwone, wytrawne, o intensywnie rubinowej barwie z fioletowymi refleksami, dojrzewaj\u0105ce najpierw przez 12 miesi\u0119cy w beczkach typu barrique, potem przez 6 miesi\u0119cy w beczkach o poj. 50 hl, a nast\u0119pnie przez 3 miesi\u0105ce w butelce. W ustach pe\u0142ne, mi\u0119kkie, eleganckie, z nutami wanilii i czekolady, typowymi dla win dojrzewaj\u0105cych w beczkach. Wino o d\u0142ugim, pe\u0142nym \u015bwie\u017co\u015bci finiszu. Podawa\u0107, gdy osi\u0105gnie temperatur\u0119 18-20 \u00b0C do delikatnych ser\u00f3w, lekkich zup, w\u0119dzonych w\u0119dlin oraz mi\u0119sa z grilla.<\/p>\n","protected":false},"excerpt":{"rendered":"<p>CORVINA Val dei Molini &#8211; Corvina Garda DOC producent: Cantina di Custoza Corvina Wino czerwone, wytrawne, o intensywnie rubinowej barwie z fioletowymi refleksami, dojrzewaj\u0105ce najpierw przez 12 miesi\u0119cy w beczkach typu barrique, potem przez 6 miesi\u0119c&#8230;<\/p>\n","protected":false},"featured_media":10638,"comment_status":"open","ping_status":"closed","template":"","meta":[],"product_cat":[80,95,97],"product_tag":[],"class_list":{"0":"post-10639","1":"product","2":"type-product","3":"status-publish","4":"has-post-thumbnail","6":"product_cat-wina-swiata","7":"product_cat-wlochy","8":"product_cat-wlochy-veneto","10":"first","11":"instock","12":"shipping-taxable","13":"purchasable","14":"product-type-simple"},"_links":{"self":[{"href":"http:\/\/delikatesy.wineport.pl\/index.php?rest_route=\/wp\/v2\/product\/10639","targetHints":{"allow":["GET"]}}],"collection":[{"href":"http:\/\/delikatesy.wineport.pl\/index.php?rest_route=\/wp\/v2\/product"}],"about":[{"href":"http:\/\/delikatesy.wineport.pl\/index.php?rest_route=\/wp\/v2\/types\/product"}],"replies":[{"embeddable":true,"href":"http:\/\/delikatesy.wineport.pl\/index.php?rest_route=%2Fwp%2Fv2%2Fcomments&post=10639"}],"wp:featuredmedia":[{"embeddable":true,"href":"http:\/\/delikatesy.wineport.pl\/index.php?rest_route=\/wp\/v2\/media\/10638"}],"wp:attachment":[{"href":"http:\/\/delikatesy.wineport.pl\/index.php?rest_route=%2Fwp%2Fv2%2Fmedia&parent=10639"}],"wp:term":[{"taxonomy":"product_cat","embeddable":true,"href":"http:\/\/delikatesy.wineport.pl\/index.php?rest_route=%2Fwp%2Fv2%2Fproduct_cat&post=10639"},{"taxonomy":"product_tag","embeddable":true,"href":"http:\/\/delikatesy.wineport.pl\/index.php?rest_route=%2Fwp%2Fv2%2Fproduct_tag&post=10639"}],"curies":[{"name":"wp","href":"https:\/\/api.w.org\/{rel}","templated":true}]}}