{"id":10641,"date":"2024-03-14T13:25:38","date_gmt":"2024-03-14T12:25:38","guid":{"rendered":"http:\/\/delikatesy.wineport.pl\/?product=custoza-val-dei-molini-custoza-doc"},"modified":"2026-05-10T18:05:08","modified_gmt":"2026-05-10T16:05:08","slug":"custoza-val-dei-molini-custoza-doc","status":"publish","type":"product","link":"http:\/\/delikatesy.wineport.pl\/?product=custoza-val-dei-molini-custoza-doc","title":{"rendered":"CUSTOZA Val dei Molini &#8211; Custoza DOC"},"content":{"rendered":"<p><span style=\"font-weight: bold;\"><span style=\"color: #ff0000;\">UWAGA!!! NIE WYSY\u0141AMY ALKOHOLU KURIEREM W PRZYPADKU ZAM\u00d3WIE\u0143 OD OS\u00d3B PRYWATNYCH, TYLKO ODBI\u00d3R OSOBISTY NA UL. \u015aW. STANIS\u0141AWA 12 W WARSZAWIE!!! W przypadku op\u0142acenia zam\u00f3wienia alkoholu z wysy\u0142k\u0105, przy zwrocie pieni\u0119dzy zostanie potr\u0105cona prowizja\u00a0<\/span><strong style=\"color: #ff0000;\">DOTPAY<\/strong><span style=\"color: #ff0000;\">!<\/span><\/span><\/p>\n<p><span style=\"font-weight: bold;\">CUSTOZA Val dei Molini &#8211; Custoza DOC<\/span><br \/> <span style=\"font-style: italic;\">producent: Cantina di Custoza<\/span><br \/> Tocai Friulano, Garganega, Riesling Italico, Chardonnay, Trebbiano Toscano<br \/> Wino bia\u0142e, wytrawne, o delikatnej, s\u0142omkowej barwie z zielonkawymi refleksami, produkowane z winogron pochodz\u0105cych z 15-20-letnich winoro\u015bli, dojrzewaj\u0105ce w 90% przez 5 miesi\u0119cy w kadziach ze stali nierdzewnej, a potem jeszcze przez 1 miesi\u0105c w butelce. W nosie intensywne, aromatyczne, przywodz\u0105ce na my\u015bl egzotyczne owoce i cytrusy. W ustach smaczne, wywa\u017cone, dobrze zbudowane, delikatne na podniebieniu, odrobin\u0119 \u015bci\u0105gaj\u0105ce i mineralne. Idealne jako aperitif, do mi\u0119czak\u00f3w, skorupiak\u00f3w, pierog\u00f3w, lekkich zup i delikatnych ryb. Podawa\u0107 sch\u0142odzone do temperatury 8\u00b0C.<\/p>\n","protected":false},"excerpt":{"rendered":"<p>CUSTOZA Val dei Molini &#8211; Custoza DOC producent: Cantina di Custoza Tocai Friulano, Garganega, Riesling Italico, Chardonnay, Trebbiano Toscano Wino bia\u0142e, wytrawne, o delikatnej, s\u0142omkowej barwie z zielonkawymi refleksami, produkowane z winogron pocho&#8230;<\/p>\n","protected":false},"featured_media":10640,"comment_status":"open","ping_status":"closed","template":"","meta":[],"product_cat":[80,95,97],"product_tag":[],"class_list":{"0":"post-10641","1":"product","2":"type-product","3":"status-publish","4":"has-post-thumbnail","6":"product_cat-wina-swiata","7":"product_cat-wlochy","8":"product_cat-wlochy-veneto","10":"first","11":"instock","12":"shipping-taxable","13":"purchasable","14":"product-type-simple"},"_links":{"self":[{"href":"http:\/\/delikatesy.wineport.pl\/index.php?rest_route=\/wp\/v2\/product\/10641","targetHints":{"allow":["GET"]}}],"collection":[{"href":"http:\/\/delikatesy.wineport.pl\/index.php?rest_route=\/wp\/v2\/product"}],"about":[{"href":"http:\/\/delikatesy.wineport.pl\/index.php?rest_route=\/wp\/v2\/types\/product"}],"replies":[{"embeddable":true,"href":"http:\/\/delikatesy.wineport.pl\/index.php?rest_route=%2Fwp%2Fv2%2Fcomments&post=10641"}],"wp:featuredmedia":[{"embeddable":true,"href":"http:\/\/delikatesy.wineport.pl\/index.php?rest_route=\/wp\/v2\/media\/10640"}],"wp:attachment":[{"href":"http:\/\/delikatesy.wineport.pl\/index.php?rest_route=%2Fwp%2Fv2%2Fmedia&parent=10641"}],"wp:term":[{"taxonomy":"product_cat","embeddable":true,"href":"http:\/\/delikatesy.wineport.pl\/index.php?rest_route=%2Fwp%2Fv2%2Fproduct_cat&post=10641"},{"taxonomy":"product_tag","embeddable":true,"href":"http:\/\/delikatesy.wineport.pl\/index.php?rest_route=%2Fwp%2Fv2%2Fproduct_tag&post=10641"}],"curies":[{"name":"wp","href":"https:\/\/api.w.org\/{rel}","templated":true}]}}