{"id":10643,"date":"2024-03-14T13:25:38","date_gmt":"2024-03-14T12:25:38","guid":{"rendered":"http:\/\/delikatesy.wineport.pl\/?product=le-noci-custodia-custoza-doc-superiore"},"modified":"2026-05-10T18:05:08","modified_gmt":"2026-05-10T16:05:08","slug":"le-noci-custodia-custoza-doc-superiore","status":"publish","type":"product","link":"http:\/\/delikatesy.wineport.pl\/?product=le-noci-custodia-custoza-doc-superiore","title":{"rendered":"LE NOCI Custodia &#8211; Custoza DOC Superiore"},"content":{"rendered":"<p><span style=\"font-weight: bold;\"><span style=\"color: #ff0000;\">UWAGA!!! NIE WYSY\u0141AMY ALKOHOLU KURIEREM W PRZYPADKU ZAM\u00d3WIE\u0143 OD OS\u00d3B PRYWATNYCH, TYLKO ODBI\u00d3R OSOBISTY NA UL. \u015aW. STANIS\u0141AWA 12 W WARSZAWIE!!! W przypadku op\u0142acenia zam\u00f3wienia alkoholu z wysy\u0142k\u0105, przy zwrocie pieni\u0119dzy zostanie potr\u0105cona prowizja\u00a0<\/span><strong style=\"color: #ff0000;\">DOTPAY<\/strong><span style=\"color: #ff0000;\">!<\/span><\/span><\/p>\n<p><span style=\"font-weight: bold;\">LE NOCI Custodia &#8211; Custoza DOC Superiore<\/span><br \/> <span style=\"font-style: italic;\">producent: Cantina di Custoza<\/span><br \/> Garganega, Trebbiano Toscano, Tocai Friulano, Chardonnay<br \/> Wino bia\u0142e, wytrawne, o intensywnej, s\u0142omkowej barwie, produkowane z winogron pochodz\u0105cych z 15-letnich winoro\u015bli, dojrzewaj\u0105ce przez 7-8 miesi\u0119cy w d\u0119bowych beczkach, a potem przez 3 miesi\u0105ce w butelkach. Charakteryzuje si\u0119 mocnym, pe\u0142nym aromatem jab\u0142ek, gruszek, ananasa i sk\u00f3rki pomara\u0144czowej. W tle przyprawy korzenne, grejpfrut i wanilia. D\u0142ugi, intensywny finisz. Podawa\u0107 sch\u0142odzone do temperatury 8\u00b0-10\u00b0C do lekkich, delikatnych da\u0144 przygotowanych na bazie warzyw, pieczonych lub przyrz\u0105dzonych na parze ryb, makaron\u00f3w z bia\u0142ymi sosami, grzyb\u00f3w, czarnych trufli, kremowych sos\u00f3w (nie podawa\u0107 do sos\u00f3w pomidorowych). Mo\u017ce by\u0107 przechowywane przez 3-4 lata.<\/p>\n","protected":false},"excerpt":{"rendered":"<p>LE NOCI Custodia &#8211; Custoza DOC Superiore producent: Cantina di Custoza Garganega, Trebbiano Toscano, Tocai Friulano, Chardonnay Wino bia\u0142e, wytrawne, o intensywnej, s\u0142omkowej barwie, produkowane z winogron pochodz\u0105cych z 15-letnich winoro\u015bli, dojrzew&#8230;<\/p>\n","protected":false},"featured_media":10642,"comment_status":"open","ping_status":"closed","template":"","meta":[],"product_cat":[80,95,97],"product_tag":[],"class_list":{"0":"post-10643","1":"product","2":"type-product","3":"status-publish","4":"has-post-thumbnail","6":"product_cat-wina-swiata","7":"product_cat-wlochy","8":"product_cat-wlochy-veneto","10":"first","11":"instock","12":"shipping-taxable","13":"purchasable","14":"product-type-simple"},"_links":{"self":[{"href":"http:\/\/delikatesy.wineport.pl\/index.php?rest_route=\/wp\/v2\/product\/10643","targetHints":{"allow":["GET"]}}],"collection":[{"href":"http:\/\/delikatesy.wineport.pl\/index.php?rest_route=\/wp\/v2\/product"}],"about":[{"href":"http:\/\/delikatesy.wineport.pl\/index.php?rest_route=\/wp\/v2\/types\/product"}],"replies":[{"embeddable":true,"href":"http:\/\/delikatesy.wineport.pl\/index.php?rest_route=%2Fwp%2Fv2%2Fcomments&post=10643"}],"wp:featuredmedia":[{"embeddable":true,"href":"http:\/\/delikatesy.wineport.pl\/index.php?rest_route=\/wp\/v2\/media\/10642"}],"wp:attachment":[{"href":"http:\/\/delikatesy.wineport.pl\/index.php?rest_route=%2Fwp%2Fv2%2Fmedia&parent=10643"}],"wp:term":[{"taxonomy":"product_cat","embeddable":true,"href":"http:\/\/delikatesy.wineport.pl\/index.php?rest_route=%2Fwp%2Fv2%2Fproduct_cat&post=10643"},{"taxonomy":"product_tag","embeddable":true,"href":"http:\/\/delikatesy.wineport.pl\/index.php?rest_route=%2Fwp%2Fv2%2Fproduct_tag&post=10643"}],"curies":[{"name":"wp","href":"https:\/\/api.w.org\/{rel}","templated":true}]}}