{"id":10688,"date":"2024-03-14T13:25:57","date_gmt":"2024-03-14T12:25:57","guid":{"rendered":"http:\/\/delikatesy.wineport.pl\/?product=wino-amarone-della-valpolicella-due-torri-doc-075l"},"modified":"2026-05-10T18:05:20","modified_gmt":"2026-05-10T16:05:20","slug":"wino-amarone-della-valpolicella-due-torri-doc-075l","status":"publish","type":"product","link":"http:\/\/delikatesy.wineport.pl\/?product=wino-amarone-della-valpolicella-due-torri-doc-075l","title":{"rendered":"Wino Amarone della Valpolicella DUE TORRI doc 0,75L"},"content":{"rendered":"<p><span style=\"color: #ff0000;\">UWAGA!!! NIE WYSY\u0141AMY ALKOHOLU KURIEREM W PRZYPADKU ZAM\u00d3WIE\u0143 OD OS\u00d3B PRYWATNYCH, TYLKO ODBI\u00d3R OSOBISTY NA UL. \u015aW. STANIS\u0141AWA 12 W WARSZAWIE!!! W przypadku op\u0142acenia zam\u00f3wienia alkoholu z wysy\u0142k\u0105, przy zwrocie pieni\u0119dzy zostanie potr\u0105cona prowizja\u00a0<\/span><strong style=\"color: #ff0000;\">DOTPAY<\/strong><span style=\"color: #ff0000;\">!<\/span><\/p>\n<p>Flagowe wino z regionu VENETO, wino wyprodukowane klasyczn\u0105 dla Amarone metod\u0105 z podsuszaniem gron do utraty 40% wilgotno\u015bci. Charakteryzuje sie intensywnym bukietem z nutami ciemnych owoc\u00f3w i korzennych przypraw. W ustach bogate, jedwabiste i aromatyczne. Pasuje do pieczeni, dziczyzny, dojrza\u0142ych ser\u00f3w. Por\u00f3wnaj nasze ceny na twenga.pl http:\/\/www.twenga.pl\/search.php?hx=1&amp;s=5&amp;cm=1&amp;c=11add&amp;start=20.<\/p>\n","protected":false},"excerpt":{"rendered":"<p>Flagowe wino z regionu VENETO, wino wyprodukowane klasyczn\u0105 dla Amarone metod\u0105 z podsuszaniem gron do utraty 40% wilgotno\u015bci. Charakteryzuje sie intensywnym bukietem z nutami ciemnych owoc\u00f3w i korzennych przypraw. W ustach bogate, jedwabiste i aromat&#8230;<\/p>\n","protected":false},"featured_media":10687,"comment_status":"open","ping_status":"closed","template":"","meta":[],"product_cat":[80,95,97],"product_tag":[],"class_list":{"0":"post-10688","1":"product","2":"type-product","3":"status-publish","4":"has-post-thumbnail","6":"product_cat-wina-swiata","7":"product_cat-wlochy","8":"product_cat-wlochy-veneto","10":"first","11":"instock","12":"shipping-taxable","13":"purchasable","14":"product-type-simple"},"_links":{"self":[{"href":"http:\/\/delikatesy.wineport.pl\/index.php?rest_route=\/wp\/v2\/product\/10688","targetHints":{"allow":["GET"]}}],"collection":[{"href":"http:\/\/delikatesy.wineport.pl\/index.php?rest_route=\/wp\/v2\/product"}],"about":[{"href":"http:\/\/delikatesy.wineport.pl\/index.php?rest_route=\/wp\/v2\/types\/product"}],"replies":[{"embeddable":true,"href":"http:\/\/delikatesy.wineport.pl\/index.php?rest_route=%2Fwp%2Fv2%2Fcomments&post=10688"}],"wp:featuredmedia":[{"embeddable":true,"href":"http:\/\/delikatesy.wineport.pl\/index.php?rest_route=\/wp\/v2\/media\/10687"}],"wp:attachment":[{"href":"http:\/\/delikatesy.wineport.pl\/index.php?rest_route=%2Fwp%2Fv2%2Fmedia&parent=10688"}],"wp:term":[{"taxonomy":"product_cat","embeddable":true,"href":"http:\/\/delikatesy.wineport.pl\/index.php?rest_route=%2Fwp%2Fv2%2Fproduct_cat&post=10688"},{"taxonomy":"product_tag","embeddable":true,"href":"http:\/\/delikatesy.wineport.pl\/index.php?rest_route=%2Fwp%2Fv2%2Fproduct_tag&post=10688"}],"curies":[{"name":"wp","href":"https:\/\/api.w.org\/{rel}","templated":true}]}}