{"id":10692,"date":"2024-03-14T13:26:03","date_gmt":"2024-03-14T12:26:03","guid":{"rendered":"http:\/\/delikatesy.wineport.pl\/?product=wino-valpolicella-classico-doc-valperga-075l"},"modified":"2026-05-10T18:05:21","modified_gmt":"2026-05-10T16:05:21","slug":"wino-valpolicella-classico-doc-valperga-075l","status":"publish","type":"product","link":"http:\/\/delikatesy.wineport.pl\/?product=wino-valpolicella-classico-doc-valperga-075l","title":{"rendered":"Wino Valpolicella classico doc VALPERGA 0,75L"},"content":{"rendered":"<p><span style=\"color: #ff0000;\">UWAGA!!! NIE WYSY\u0141AMY ALKOHOLU KURIEREM W PRZYPADKU ZAM\u00d3WIE\u0143 OD OS\u00d3B PRYWATNYCH, TYLKO ODBI\u00d3R OSOBISTY NA UL. \u015aW. STANIS\u0141AWA 12 W WARSZAWIE!!! W przypadku op\u0142acenia zam\u00f3wienia alkoholu z wysy\u0142k\u0105, przy zwrocie pieni\u0119dzy zostanie potr\u0105cona prowizja\u00a0<\/span><strong style=\"color: #ff0000;\">DOTPAY<\/strong><span style=\"color: #ff0000;\">!<\/span><\/p>\n<p>Delikatnie wytrawne, owocowe oraz mi\u0119kkie w smaku, o bogatej ciep\u0142ej barwie rubinowej czerwieni. Bukiet migda\u0142owy, przywo\u0142uj\u0105cy te\u017c owoce le\u015bne. Gdy jest m\u0142ode mo\u017cna je zestawia\u0107 z r\u00f3\u017cnymi potrawami. Kiedy dojrzeje, po oko\u0142o 3 latach najlepiej podawa\u0107 je do da\u0144 mi\u0119snych i ser\u00f3w. Temp. serw. 16 stopni C. Grona: Corvina, Rondinella i Molinara.<\/p>\n","protected":false},"excerpt":{"rendered":"<p>Delikatnie wytrawne, owocowe oraz mi\u0119kkie w smaku, o bogatej ciep\u0142ej barwie rubinowej czerwieni. Bukiet migda\u0142owy, przywo\u0142uj\u0105cy te\u017c owoce le\u015bne. Gdy jest m\u0142ode mo\u017cna je zestawia\u0107 z r\u00f3\u017cnymi potrawami. Kiedy dojrzeje, po oko\u0142o 3 latach najlepiej podawa&#8230;<\/p>\n","protected":false},"featured_media":10691,"comment_status":"open","ping_status":"closed","template":"","meta":[],"product_cat":[80,95,97],"product_tag":[],"class_list":{"0":"post-10692","1":"product","2":"type-product","3":"status-publish","4":"has-post-thumbnail","6":"product_cat-wina-swiata","7":"product_cat-wlochy","8":"product_cat-wlochy-veneto","10":"first","11":"instock","12":"shipping-taxable","13":"purchasable","14":"product-type-simple"},"_links":{"self":[{"href":"http:\/\/delikatesy.wineport.pl\/index.php?rest_route=\/wp\/v2\/product\/10692","targetHints":{"allow":["GET"]}}],"collection":[{"href":"http:\/\/delikatesy.wineport.pl\/index.php?rest_route=\/wp\/v2\/product"}],"about":[{"href":"http:\/\/delikatesy.wineport.pl\/index.php?rest_route=\/wp\/v2\/types\/product"}],"replies":[{"embeddable":true,"href":"http:\/\/delikatesy.wineport.pl\/index.php?rest_route=%2Fwp%2Fv2%2Fcomments&post=10692"}],"wp:featuredmedia":[{"embeddable":true,"href":"http:\/\/delikatesy.wineport.pl\/index.php?rest_route=\/wp\/v2\/media\/10691"}],"wp:attachment":[{"href":"http:\/\/delikatesy.wineport.pl\/index.php?rest_route=%2Fwp%2Fv2%2Fmedia&parent=10692"}],"wp:term":[{"taxonomy":"product_cat","embeddable":true,"href":"http:\/\/delikatesy.wineport.pl\/index.php?rest_route=%2Fwp%2Fv2%2Fproduct_cat&post=10692"},{"taxonomy":"product_tag","embeddable":true,"href":"http:\/\/delikatesy.wineport.pl\/index.php?rest_route=%2Fwp%2Fv2%2Fproduct_tag&post=10692"}],"curies":[{"name":"wp","href":"https:\/\/api.w.org\/{rel}","templated":true}]}}