{"id":10694,"date":"2024-03-14T13:26:05","date_gmt":"2024-03-14T12:26:05","guid":{"rendered":"http:\/\/delikatesy.wineport.pl\/?product=wino-bardolino-classico-doc-valperga"},"modified":"2026-05-10T18:06:08","modified_gmt":"2026-05-10T16:06:08","slug":"wino-bardolino-classico-doc-valperga","status":"publish","type":"product","link":"http:\/\/delikatesy.wineport.pl\/?product=wino-bardolino-classico-doc-valperga","title":{"rendered":"Wino Bardolino classico doc VALPERGA"},"content":{"rendered":"<p><span style=\"color: #ff0000;\">UWAGA!!! NIE WYSY\u0141AMY ALKOHOLU KURIEREM W PRZYPADKU ZAM\u00d3WIE\u0143 OD OS\u00d3B PRYWATNYCH, TYLKO ODBI\u00d3R OSOBISTY NA UL. \u015aW. STANIS\u0141AWA 12 W WARSZAWIE!!! W przypadku op\u0142acenia zam\u00f3wienia alkoholu z wysy\u0142k\u0105, przy zwrocie pieni\u0119dzy zostanie potr\u0105cona prowizja\u00a0<\/span><strong style=\"color: #ff0000;\">DOTPAY<\/strong><span style=\"color: #ff0000;\">!<\/span><\/p>\n<p>Apelacja: <span style=\"font-weight: bold;\">DOC Bardolino<\/span><br \/>Kraj: W\u0142ochy<br \/>Kolor: czerwone<br \/>producent: CESARI<\/p>\n<p>Popularne, lekkie, typowe wino znad Gardy. Produkowane z wykorzystaniem kr\u00f3tkiej, 6-dniowej maceracji i fermentacji w kontrolowanej temperaturze 22 &#8211; 28 stopni. Charakteryzuje si\u0119 jasn\u0105 wi\u015bniow\u0105 barw\u0105 i \u015bwie\u017cym aroamtem czerwonych owoc\u00f3w. W smaku lekkie, owocowe, z delikatnymi garbnikami i lekko zaznaczon\u0105 kwasowo\u015bci\u0105. Pasuje do <span style=\"font-weight: bold;\">pizzy<\/span>, <span style=\"font-weight: bold;\">makaron\u00f3w<\/span>, ewentualnie potraw z <span style=\"font-weight: bold;\">drobiu<\/span> i <span style=\"font-weight: bold;\">ciel\u0119ciny<\/span>.<\/p>\n","protected":false},"excerpt":{"rendered":"<p>Apelacja: DOC Bardolino Kraj: W\u0142ochy Kolor: czerwone producent: CESARI Popularne, lekkie, typowe wino znad Gardy. Produkowane z wykorzystaniem kr\u00f3tkiej, 6-dniowej maceracji i fermentacji w kontrolowanej temperaturze 22 &#8211; 28 stopni. Charakteryzuje si\u0119&#8230;<\/p>\n","protected":false},"featured_media":10693,"comment_status":"open","ping_status":"closed","template":"","meta":[],"product_cat":[80,95,97],"product_tag":[],"class_list":{"0":"post-10694","1":"product","2":"type-product","3":"status-publish","4":"has-post-thumbnail","6":"product_cat-wina-swiata","7":"product_cat-wlochy","8":"product_cat-wlochy-veneto","10":"first","11":"instock","12":"shipping-taxable","13":"purchasable","14":"product-type-simple"},"_links":{"self":[{"href":"http:\/\/delikatesy.wineport.pl\/index.php?rest_route=\/wp\/v2\/product\/10694","targetHints":{"allow":["GET"]}}],"collection":[{"href":"http:\/\/delikatesy.wineport.pl\/index.php?rest_route=\/wp\/v2\/product"}],"about":[{"href":"http:\/\/delikatesy.wineport.pl\/index.php?rest_route=\/wp\/v2\/types\/product"}],"replies":[{"embeddable":true,"href":"http:\/\/delikatesy.wineport.pl\/index.php?rest_route=%2Fwp%2Fv2%2Fcomments&post=10694"}],"wp:featuredmedia":[{"embeddable":true,"href":"http:\/\/delikatesy.wineport.pl\/index.php?rest_route=\/wp\/v2\/media\/10693"}],"wp:attachment":[{"href":"http:\/\/delikatesy.wineport.pl\/index.php?rest_route=%2Fwp%2Fv2%2Fmedia&parent=10694"}],"wp:term":[{"taxonomy":"product_cat","embeddable":true,"href":"http:\/\/delikatesy.wineport.pl\/index.php?rest_route=%2Fwp%2Fv2%2Fproduct_cat&post=10694"},{"taxonomy":"product_tag","embeddable":true,"href":"http:\/\/delikatesy.wineport.pl\/index.php?rest_route=%2Fwp%2Fv2%2Fproduct_tag&post=10694"}],"curies":[{"name":"wp","href":"https:\/\/api.w.org\/{rel}","templated":true}]}}