{"id":10702,"date":"2024-03-14T13:26:17","date_gmt":"2024-03-14T12:26:17","guid":{"rendered":"http:\/\/delikatesy.wineport.pl\/?product=pinot-grigio-igt-sensi-biale-wytrawne"},"modified":"2026-05-10T18:06:09","modified_gmt":"2026-05-10T16:06:09","slug":"pinot-grigio-igt-sensi-biale-wytrawne","status":"publish","type":"product","link":"http:\/\/delikatesy.wineport.pl\/?product=pinot-grigio-igt-sensi-biale-wytrawne","title":{"rendered":"Pinot Grigio IGT SENSI &#8211; Bia\u0142e Wytrawne"},"content":{"rendered":"<p><span style=\"color: #ff0000;\">UWAGA!!! NIE WYSY\u0141AMY ALKOHOLU KURIEREM W PRZYPADKU ZAM\u00d3WIE\u0143 OD OS\u00d3B PRYWATNYCH, TYLKO ODBI\u00d3R OSOBISTY NA UL. \u015aW. STANIS\u0141AWA 12 W WARSZAWIE!!! W przypadku op\u0142acenia zam\u00f3wienia alkoholu z wysy\u0142k\u0105, przy zwrocie pieni\u0119dzy zostanie potr\u0105cona prowizja\u00a0<\/span><strong style=\"color: #ff0000;\">DOTPAY<\/strong><span style=\"color: #ff0000;\">!<\/span><\/p>\n<p>Szary Pinot to bardzo presti\u017cowy szczep, z kt\u00f3rego powstaje jedno z najwa\u017cniejszych i najbardziej znanych win na \u015bwiecie. W wykonaniu firmy Valentino Paladin jest winem charakterystycznym z ekscytuj\u0105c\u0105, lekko s\u0142onaw\u0105 nut\u0105 jak i w\u0142a\u015bciwie zaznaczonym poziomem kwasowo\u015bci. Barwa jasno-\u017c\u00f3\u0142ta z dymnymi odcieniami. Bukiet \u015bwie\u017cy, intensywny, z przebijaj\u0105cymi si\u0119 nutami kwiatu akacji i ga\u0142ki muszkato\u0142owej. Doskona\u0142e wino, polecane do szerokiej gamy da\u0144 morza: eleganckich potraw ze skorupiak\u00f3w, sma\u017conej lub grilowanej ryby, smacznie przyrz\u0105dzonych owoc\u00f3w morza, zup rybnych. Wy\u015bmienite tak\u017ce z bia\u0142ym mi\u0119sem. Temp. serw. 8-10 stopni Celsjusza.<\/p>\n","protected":false},"excerpt":{"rendered":"<p>Szary Pinot to bardzo presti\u017cowy szczep, z kt\u00f3rego powstaje jedno z najwa\u017cniejszych i najbardziej znanych win na \u015bwiecie. W wykonaniu firmy Valentino Paladin jest winem charakterystycznym z ekscytuj\u0105c\u0105, lekko s\u0142onaw\u0105 nut\u0105 jak i w\u0142a\u015bciwie zaznaczonym &#8230;<\/p>\n","protected":false},"featured_media":10701,"comment_status":"open","ping_status":"closed","template":"","meta":[],"product_cat":[80,95,97],"product_tag":[],"class_list":{"0":"post-10702","1":"product","2":"type-product","3":"status-publish","4":"has-post-thumbnail","6":"product_cat-wina-swiata","7":"product_cat-wlochy","8":"product_cat-wlochy-veneto","10":"first","11":"instock","12":"shipping-taxable","13":"purchasable","14":"product-type-simple"},"_links":{"self":[{"href":"http:\/\/delikatesy.wineport.pl\/index.php?rest_route=\/wp\/v2\/product\/10702","targetHints":{"allow":["GET"]}}],"collection":[{"href":"http:\/\/delikatesy.wineport.pl\/index.php?rest_route=\/wp\/v2\/product"}],"about":[{"href":"http:\/\/delikatesy.wineport.pl\/index.php?rest_route=\/wp\/v2\/types\/product"}],"replies":[{"embeddable":true,"href":"http:\/\/delikatesy.wineport.pl\/index.php?rest_route=%2Fwp%2Fv2%2Fcomments&post=10702"}],"wp:featuredmedia":[{"embeddable":true,"href":"http:\/\/delikatesy.wineport.pl\/index.php?rest_route=\/wp\/v2\/media\/10701"}],"wp:attachment":[{"href":"http:\/\/delikatesy.wineport.pl\/index.php?rest_route=%2Fwp%2Fv2%2Fmedia&parent=10702"}],"wp:term":[{"taxonomy":"product_cat","embeddable":true,"href":"http:\/\/delikatesy.wineport.pl\/index.php?rest_route=%2Fwp%2Fv2%2Fproduct_cat&post=10702"},{"taxonomy":"product_tag","embeddable":true,"href":"http:\/\/delikatesy.wineport.pl\/index.php?rest_route=%2Fwp%2Fv2%2Fproduct_tag&post=10702"}],"curies":[{"name":"wp","href":"https:\/\/api.w.org\/{rel}","templated":true}]}}