{"id":10712,"date":"2024-03-14T13:26:19","date_gmt":"2024-03-14T12:26:19","guid":{"rendered":"http:\/\/delikatesy.wineport.pl\/?product=wino-solebello-nero-davola-sicilia-igt-075l"},"modified":"2026-05-10T18:06:12","modified_gmt":"2026-05-10T16:06:12","slug":"wino-solebello-nero-davola-sicilia-igt-075l","status":"publish","type":"product","link":"http:\/\/delikatesy.wineport.pl\/?product=wino-solebello-nero-davola-sicilia-igt-075l","title":{"rendered":"Wino SOLEBELLO NERO D\u2019AVOLA SICILIA IGT 0,75L"},"content":{"rendered":"<p><span style=\"color: #ff0000;\">UWAGA!!! NIE WYSY\u0141AMY ALKOHOLU KURIEREM W PRZYPADKU ZAM\u00d3WIE\u0143 OD OS\u00d3B PRYWATNYCH, TYLKO ODBI\u00d3R OSOBISTY NA UL. \u015aW. STANIS\u0141AWA 12 W WARSZAWIE!!! W przypadku op\u0142acenia zam\u00f3wienia alkoholu z wysy\u0142k\u0105, przy zwrocie pieni\u0119dzy zostanie potr\u0105cona prowizja\u00a0<\/span><strong style=\"color: #ff0000;\">DOTPAY<\/strong><span style=\"color: #ff0000;\">!<\/span><\/p>\n<p>Wino wytrawne, czerwone wytworzone w 100% z rdzennie sycylijskich gron Nero d&#8217;Avola. Barwa rubinowa, intensywnie l\u015bni\u0105ca. Bukiet \u015bwie\u017cy, winny, przywo\u0142uj\u0105cy na my\u015bl dojrza\u0142e owoce, z zauwa\u017caln\u0105 nut\u0105 przypraw korzennych. W smaku pe\u0142ne, harmonijne, delikatne z wyczuwalnymi s\u0142odkimi taninami. Polecane do przystawek, mi\u0119s czerwonych, pieczonych lub grillowanych, baraniny oraz kr\u00f3lik\u00f3w.Zalecana temperatura serwowania to 16-20 stopni Celsjusza.<\/p>\n","protected":false},"excerpt":{"rendered":"<p>Wino wytrawne, czerwone wytworzone w 100% z rdzennie sycylijskich gron Nero d&#8217;Avola. Barwa rubinowa, intensywnie l\u015bni\u0105ca. Bukiet \u015bwie\u017cy, winny, przywo\u0142uj\u0105cy na my\u015bl dojrza\u0142e owoce, z zauwa\u017caln\u0105 nut\u0105 przypraw korzennych. W smaku pe\u0142ne, harmonijne, del&#8230;<\/p>\n","protected":false},"featured_media":10711,"comment_status":"open","ping_status":"closed","template":"","meta":[],"product_cat":[80,95,120],"product_tag":[],"class_list":{"0":"post-10712","1":"product","2":"type-product","3":"status-publish","4":"has-post-thumbnail","6":"product_cat-wina-swiata","7":"product_cat-wlochy","8":"product_cat-wlochy-sicilia","10":"first","11":"instock","12":"shipping-taxable","13":"purchasable","14":"product-type-simple"},"_links":{"self":[{"href":"http:\/\/delikatesy.wineport.pl\/index.php?rest_route=\/wp\/v2\/product\/10712","targetHints":{"allow":["GET"]}}],"collection":[{"href":"http:\/\/delikatesy.wineport.pl\/index.php?rest_route=\/wp\/v2\/product"}],"about":[{"href":"http:\/\/delikatesy.wineport.pl\/index.php?rest_route=\/wp\/v2\/types\/product"}],"replies":[{"embeddable":true,"href":"http:\/\/delikatesy.wineport.pl\/index.php?rest_route=%2Fwp%2Fv2%2Fcomments&post=10712"}],"wp:featuredmedia":[{"embeddable":true,"href":"http:\/\/delikatesy.wineport.pl\/index.php?rest_route=\/wp\/v2\/media\/10711"}],"wp:attachment":[{"href":"http:\/\/delikatesy.wineport.pl\/index.php?rest_route=%2Fwp%2Fv2%2Fmedia&parent=10712"}],"wp:term":[{"taxonomy":"product_cat","embeddable":true,"href":"http:\/\/delikatesy.wineport.pl\/index.php?rest_route=%2Fwp%2Fv2%2Fproduct_cat&post=10712"},{"taxonomy":"product_tag","embeddable":true,"href":"http:\/\/delikatesy.wineport.pl\/index.php?rest_route=%2Fwp%2Fv2%2Fproduct_tag&post=10712"}],"curies":[{"name":"wp","href":"https:\/\/api.w.org\/{rel}","templated":true}]}}