{"id":10716,"date":"2024-03-14T13:26:22","date_gmt":"2024-03-14T12:26:22","guid":{"rendered":"http:\/\/delikatesy.wineport.pl\/?product=wino-nobile-di-montepulciano-doc-mossiere-075l"},"modified":"2026-05-10T18:06:13","modified_gmt":"2026-05-10T16:06:13","slug":"wino-nobile-di-montepulciano-doc-mossiere-075l","status":"publish","type":"product","link":"http:\/\/delikatesy.wineport.pl\/?product=wino-nobile-di-montepulciano-doc-mossiere-075l","title":{"rendered":"Wino NOBILE DI MONTEPULCIANO DOC MOSSIERE 0,75L"},"content":{"rendered":"<p><span style=\"color: #ff0000;\">UWAGA!!! NIE WYSY\u0141AMY ALKOHOLU KURIEREM W PRZYPADKU ZAM\u00d3WIE\u0143 OD OS\u00d3B PRYWATNYCH, TYLKO ODBI\u00d3R OSOBISTY NA UL. \u015aW. STANIS\u0141AWA 12 W WARSZAWIE!!! W przypadku op\u0142acenia zam\u00f3wienia alkoholu z wysy\u0142k\u0105, przy zwrocie pieni\u0119dzy zostanie potr\u0105cona prowizja\u00a0<\/span><strong style=\"color: #ff0000;\">DOTPAY<\/strong><span style=\"color: #ff0000;\">!<\/span><\/p>\n<p>Wino czerwone, wytrawne, pochodz\u0105ce z samego sercu Toskanii. Po dwuletnim dojrzewaniu w d\u0119bowych beczkach przelewane jest do butelek, w kt\u00f3rych pozostaje przez przynajmniej sze\u015b\u0107 miesi\u0119cy. Barwa intensywnie czerwona wpadaj\u0105ca z pomara\u0144czowymi refleksami. Grono Mammola nadaje winu delikatny i intensywny zapach, kt\u00f3ry przeplata si\u0119 z przyjemn\u0105 woni\u0105 dojrza\u0142ej \u015bliwki i r\u00f3\u017cnorodnych przypraw. Pe\u0142ny, intensywny i bogaty smak. Najlepsze ze sma\u017conym mi\u0119sem, czerwonym jak i bia\u0142ym, doskonale nadaje si\u0119 tak\u017ce do wykwintnego drobiu. Grona: Prugnolo Gentile, Canaiolo Nero i Mammolo.<\/p>\n<div>\u00a0<\/div>\n","protected":false},"excerpt":{"rendered":"<p>Wino czerwone, wytrawne, pochodz\u0105ce z samego sercu Toskanii. Po dwuletnim dojrzewaniu w d\u0119bowych beczkach przelewane jest do butelek, w kt\u00f3rych pozostaje przez przynajmniej sze\u015b\u0107 miesi\u0119cy. Barwa intensywnie czerwona wpadaj\u0105ca z pomara\u0144czowymi refleks&#8230;<\/p>\n<div>por\u00f3wnaj nasze ceny\u00a0<\/div>\n<div>http:\/\/www.sklep-ballantines.pl\/Mossiere_Nobile_di_Montepulciano_DOCG-3696.html<\/div>\n","protected":false},"featured_media":10715,"comment_status":"open","ping_status":"closed","template":"","meta":[],"product_cat":[80,95,96],"product_tag":[],"class_list":{"0":"post-10716","1":"product","2":"type-product","3":"status-publish","4":"has-post-thumbnail","6":"product_cat-wina-swiata","7":"product_cat-wlochy","8":"product_cat-wlochy-toscania","10":"first","11":"instock","12":"shipping-taxable","13":"purchasable","14":"product-type-simple"},"_links":{"self":[{"href":"http:\/\/delikatesy.wineport.pl\/index.php?rest_route=\/wp\/v2\/product\/10716","targetHints":{"allow":["GET"]}}],"collection":[{"href":"http:\/\/delikatesy.wineport.pl\/index.php?rest_route=\/wp\/v2\/product"}],"about":[{"href":"http:\/\/delikatesy.wineport.pl\/index.php?rest_route=\/wp\/v2\/types\/product"}],"replies":[{"embeddable":true,"href":"http:\/\/delikatesy.wineport.pl\/index.php?rest_route=%2Fwp%2Fv2%2Fcomments&post=10716"}],"wp:featuredmedia":[{"embeddable":true,"href":"http:\/\/delikatesy.wineport.pl\/index.php?rest_route=\/wp\/v2\/media\/10715"}],"wp:attachment":[{"href":"http:\/\/delikatesy.wineport.pl\/index.php?rest_route=%2Fwp%2Fv2%2Fmedia&parent=10716"}],"wp:term":[{"taxonomy":"product_cat","embeddable":true,"href":"http:\/\/delikatesy.wineport.pl\/index.php?rest_route=%2Fwp%2Fv2%2Fproduct_cat&post=10716"},{"taxonomy":"product_tag","embeddable":true,"href":"http:\/\/delikatesy.wineport.pl\/index.php?rest_route=%2Fwp%2Fv2%2Fproduct_tag&post=10716"}],"curies":[{"name":"wp","href":"https:\/\/api.w.org\/{rel}","templated":true}]}}