{"id":10762,"date":"2024-03-14T13:26:33","date_gmt":"2024-03-14T12:26:33","guid":{"rendered":"http:\/\/delikatesy.wineport.pl\/?product=wino-torley-fortuna-musujace-b-sl-075l"},"modified":"2026-05-10T18:06:56","modified_gmt":"2026-05-10T16:06:56","slug":"wino-torley-fortuna-musujace-b-sl-075l","status":"publish","type":"product","link":"http:\/\/delikatesy.wineport.pl\/?product=wino-torley-fortuna-musujace-b-sl-075l","title":{"rendered":"Wino TORLEY FORTUNA musuj\u0105ce b\/s\u0142 0,75L"},"content":{"rendered":"<p><span style=\"color: #ff0000;\">UWAGA!!! NIE WYSY\u0141AMY ALKOHOLU KURIEREM W PRZYPADKU ZAM\u00d3WIE\u0143 OD OS\u00d3B PRYWATNYCH, TYLKO ODBI\u00d3R OSOBISTY NA UL. \u015aW. STANIS\u0141AWA 12 W WARSZAWIE!!! W przypadku op\u0142acenia zam\u00f3wienia alkoholu z wysy\u0142k\u0105, przy zwrocie pieni\u0119dzy zostanie potr\u0105cona prowizja\u00a0<\/span><strong style=\"color: #ff0000;\">DOTPAY<\/strong><span style=\"color: #ff0000;\">!<\/span><\/p>\n<p>W\u0119gierskie wino musujace jako\u015bciowe bia\u0142e p\u00f3\u0142s\u0142odkie, marka Torley istnieje od 1882!<\/p>\n<p>http:\/\/www.torley.hu\/english\/torley\/pezsgocsalad.html#<\/p>\n","protected":false},"excerpt":{"rendered":"<p>W\u0119gierskie wino musujace jako\u015bciowe bia\u0142e p\u00f3\u0142s\u0142odkie, marka Torley istnieje od 1882! http:\/\/www.torley.hu\/english\/torley\/pezsgocsalad.html#<\/p>\n","protected":false},"featured_media":10761,"comment_status":"open","ping_status":"closed","template":"","meta":[],"product_cat":[122,80],"product_tag":[],"class_list":{"0":"post-10762","1":"product","2":"type-product","3":"status-publish","4":"has-post-thumbnail","6":"product_cat-wegry","7":"product_cat-wina-swiata","9":"first","10":"instock","11":"shipping-taxable","12":"purchasable","13":"product-type-simple"},"_links":{"self":[{"href":"http:\/\/delikatesy.wineport.pl\/index.php?rest_route=\/wp\/v2\/product\/10762","targetHints":{"allow":["GET"]}}],"collection":[{"href":"http:\/\/delikatesy.wineport.pl\/index.php?rest_route=\/wp\/v2\/product"}],"about":[{"href":"http:\/\/delikatesy.wineport.pl\/index.php?rest_route=\/wp\/v2\/types\/product"}],"replies":[{"embeddable":true,"href":"http:\/\/delikatesy.wineport.pl\/index.php?rest_route=%2Fwp%2Fv2%2Fcomments&post=10762"}],"wp:featuredmedia":[{"embeddable":true,"href":"http:\/\/delikatesy.wineport.pl\/index.php?rest_route=\/wp\/v2\/media\/10761"}],"wp:attachment":[{"href":"http:\/\/delikatesy.wineport.pl\/index.php?rest_route=%2Fwp%2Fv2%2Fmedia&parent=10762"}],"wp:term":[{"taxonomy":"product_cat","embeddable":true,"href":"http:\/\/delikatesy.wineport.pl\/index.php?rest_route=%2Fwp%2Fv2%2Fproduct_cat&post=10762"},{"taxonomy":"product_tag","embeddable":true,"href":"http:\/\/delikatesy.wineport.pl\/index.php?rest_route=%2Fwp%2Fv2%2Fproduct_tag&post=10762"}],"curies":[{"name":"wp","href":"https:\/\/api.w.org\/{rel}","templated":true}]}}