{"id":10772,"date":"2024-03-14T13:26:37","date_gmt":"2024-03-14T12:26:37","guid":{"rendered":"http:\/\/delikatesy.wineport.pl\/?product=wino-damizade-portugalia-do-reserva-estremadura-075l"},"modified":"2026-05-10T18:06:59","modified_gmt":"2026-05-10T16:06:59","slug":"wino-damizade-portugalia-do-reserva-estremadura-075l","status":"publish","type":"product","link":"http:\/\/delikatesy.wineport.pl\/?product=wino-damizade-portugalia-do-reserva-estremadura-075l","title":{"rendered":"Wino D&#8217;Amizade &#8211; Portugalia DO Reserva ESTREMADURA 0,75L"},"content":{"rendered":"<p><span style=\"color: #ff0000;\">UWAGA!!! NIE WYSY\u0141AMY ALKOHOLU KURIEREM W PRZYPADKU ZAM\u00d3WIE\u0143 OD OS\u00d3B PRYWATNYCH, TYLKO ODBI\u00d3R OSOBISTY NA UL. \u015aW. STANIS\u0141AWA 12 W WARSZAWIE!!! W przypadku op\u0142acenia zam\u00f3wienia alkoholu z wysy\u0142k\u0105, przy zwrocie pieni\u0119dzy zostanie potr\u0105cona prowizja\u00a0<\/span><strong style=\"color: #ff0000;\">DOTPAY<\/strong><span style=\"color: #ff0000;\">!<\/span><\/p>\n<p>Wino Czerwone wytrawne klasy Reserva z wy\u015bmienitych winnic regionu Estremadury. R\u0119czny zbi\u00f3r winogron. Wino posiada fioletowo rubinow\u0105 barw\u0119, aromat dzikich jag\u00f3d i przypraw z delikatnym akcentem czekolady. Wino dobrze zbalansowane, pe\u0142ne harmonii o delikatnych taninach i przyjemnym dlugim zako\u0144czeniu.<\/p>\n<p>alk: 13,5%<\/p>\n","protected":false},"excerpt":{"rendered":"<p>Wino Czerwone wytrawne klasy Reserva z wy\u015bmienitych winnic regionu Estremadury. R\u0119czny zbi\u00f3r winogron. Wino posiada fioletowo rubinow\u0105 barw\u0119, aromat dzikich jag\u00f3d i przypraw z delikatnym akcentem czekolady. Wino dobrze zbalansowane, pe\u0142ne harmonii o &#8230;<\/p>\n","protected":false},"featured_media":10771,"comment_status":"open","ping_status":"closed","template":"","meta":[],"product_cat":[94,80],"product_tag":[],"class_list":{"0":"post-10772","1":"product","2":"type-product","3":"status-publish","4":"has-post-thumbnail","6":"product_cat-portugalia","7":"product_cat-wina-swiata","9":"first","10":"instock","11":"shipping-taxable","12":"purchasable","13":"product-type-simple"},"_links":{"self":[{"href":"http:\/\/delikatesy.wineport.pl\/index.php?rest_route=\/wp\/v2\/product\/10772","targetHints":{"allow":["GET"]}}],"collection":[{"href":"http:\/\/delikatesy.wineport.pl\/index.php?rest_route=\/wp\/v2\/product"}],"about":[{"href":"http:\/\/delikatesy.wineport.pl\/index.php?rest_route=\/wp\/v2\/types\/product"}],"replies":[{"embeddable":true,"href":"http:\/\/delikatesy.wineport.pl\/index.php?rest_route=%2Fwp%2Fv2%2Fcomments&post=10772"}],"wp:featuredmedia":[{"embeddable":true,"href":"http:\/\/delikatesy.wineport.pl\/index.php?rest_route=\/wp\/v2\/media\/10771"}],"wp:attachment":[{"href":"http:\/\/delikatesy.wineport.pl\/index.php?rest_route=%2Fwp%2Fv2%2Fmedia&parent=10772"}],"wp:term":[{"taxonomy":"product_cat","embeddable":true,"href":"http:\/\/delikatesy.wineport.pl\/index.php?rest_route=%2Fwp%2Fv2%2Fproduct_cat&post=10772"},{"taxonomy":"product_tag","embeddable":true,"href":"http:\/\/delikatesy.wineport.pl\/index.php?rest_route=%2Fwp%2Fv2%2Fproduct_tag&post=10772"}],"curies":[{"name":"wp","href":"https:\/\/api.w.org\/{rel}","templated":true}]}}