{"id":10818,"date":"2024-03-14T13:26:54","date_gmt":"2024-03-14T12:26:54","guid":{"rendered":"http:\/\/delikatesy.wineport.pl\/?product=wino-piuquenes-chardonnay-075l"},"modified":"2026-05-10T18:08:08","modified_gmt":"2026-05-10T16:08:08","slug":"wino-piuquenes-chardonnay-075l","status":"publish","type":"product","link":"http:\/\/delikatesy.wineport.pl\/?product=wino-piuquenes-chardonnay-075l","title":{"rendered":"Wino Piuquenes Chardonnay 0,75L"},"content":{"rendered":"<p><span style=\"color: #ff0000; font-size: 16px; font-family: arial, helvetica, sans-serif;\">UWAGA!!! NIE WYSY\u0141AMY ALKOHOLU KURIEREM W PRZYPADKU ZAM\u00d3WIE\u0143 OD OS\u00d3B PRYWATNYCH, TYLKO ODBI\u00d3R OSOBISTY NA UL. \u015aW. STANIS\u0141AWA 12 W WARSZAWIE!!! W przypadku op\u0142acenia zam\u00f3wienia alkoholu z wysy\u0142k\u0105, przy zwrocie pieni\u0119dzy zostanie potr\u0105cona prowizja dotpay!<\/span><\/p>\n<p>kraj pochodzenia: <span style=\"font-weight: bold;\">Argentyna<\/span><br \/>Region: <span style=\"font-weight: bold;\">Mendoza<\/span><br \/> pojemno\u015b\u0107: 0,75 l.<br \/> zawarto\u015b\u0107 alk. 13%<\/p>\n","protected":false},"excerpt":{"rendered":"<p>kraj pochodzenia: Argentyna Region: Mendoza pojemno\u015b\u0107: 0,75 l. zawarto\u015b\u0107 alk. 13%<\/p>\n","protected":false},"featured_media":10817,"comment_status":"open","ping_status":"closed","template":"","meta":[],"product_cat":[81,80],"product_tag":[],"class_list":{"0":"post-10818","1":"product","2":"type-product","3":"status-publish","4":"has-post-thumbnail","6":"product_cat-argentyna","7":"product_cat-wina-swiata","9":"first","10":"instock","11":"shipping-taxable","12":"purchasable","13":"product-type-simple"},"_links":{"self":[{"href":"http:\/\/delikatesy.wineport.pl\/index.php?rest_route=\/wp\/v2\/product\/10818","targetHints":{"allow":["GET"]}}],"collection":[{"href":"http:\/\/delikatesy.wineport.pl\/index.php?rest_route=\/wp\/v2\/product"}],"about":[{"href":"http:\/\/delikatesy.wineport.pl\/index.php?rest_route=\/wp\/v2\/types\/product"}],"replies":[{"embeddable":true,"href":"http:\/\/delikatesy.wineport.pl\/index.php?rest_route=%2Fwp%2Fv2%2Fcomments&post=10818"}],"wp:featuredmedia":[{"embeddable":true,"href":"http:\/\/delikatesy.wineport.pl\/index.php?rest_route=\/wp\/v2\/media\/10817"}],"wp:attachment":[{"href":"http:\/\/delikatesy.wineport.pl\/index.php?rest_route=%2Fwp%2Fv2%2Fmedia&parent=10818"}],"wp:term":[{"taxonomy":"product_cat","embeddable":true,"href":"http:\/\/delikatesy.wineport.pl\/index.php?rest_route=%2Fwp%2Fv2%2Fproduct_cat&post=10818"},{"taxonomy":"product_tag","embeddable":true,"href":"http:\/\/delikatesy.wineport.pl\/index.php?rest_route=%2Fwp%2Fv2%2Fproduct_tag&post=10818"}],"curies":[{"name":"wp","href":"https:\/\/api.w.org\/{rel}","templated":true}]}}