{"id":10844,"date":"2024-03-14T13:26:58","date_gmt":"2024-03-14T12:26:58","guid":{"rendered":"http:\/\/delikatesy.wineport.pl\/?product=wino-miolo-chardonnay-reserva-075l"},"modified":"2026-05-10T18:08:13","modified_gmt":"2026-05-10T16:08:13","slug":"wino-miolo-chardonnay-reserva-075l","status":"publish","type":"product","link":"http:\/\/delikatesy.wineport.pl\/?product=wino-miolo-chardonnay-reserva-075l","title":{"rendered":"Wino Miolo Chardonnay Reserva 0,75L"},"content":{"rendered":"<p><span style=\"color: #ff0000;\">UWAGA!!! NIE WYSY\u0141AMY ALKOHOLU KURIEREM W PRZYPADKU ZAM\u00d3WIE\u0143 OD OS\u00d3B PRYWATNYCH, TYLKO ODBI\u00d3R OSOBISTY NA UL. \u015aW. STANIS\u0141AWA 12 W WARSZAWIE!!! W przypadku op\u0142acenia zam\u00f3wienia alkoholu z wysy\u0142k\u0105, przy zwrocie pieni\u0119dzy zostanie potr\u0105cona prowizja\u00a0<\/span><strong style=\"color: #ff0000;\">DOTPAY<\/strong><span style=\"color: #ff0000;\">!<\/span><\/p>\n<p>Bia\u0142e\/wytrawne<\/p>\n<p>Wino o lekko z\u0142otawo-zielonym kolorze, kr\u0105g\u0142e, eleganckie, o intensywnym i z\u0142o\u017conym aromacie. Le\u017cakowane w beczce z gron z regionu Vale de Vinhedos. Aromat zielonego jab\u0142ka, miodu, gruszek, trufli, wanilii, kokosu, karmelu. Zalecana temp. serwowania 10-12 st.C. Idealne jako aperitif, do makaron\u00f3w, risotto, ryb, sa\u0142atek, wieprzowiny, wszelkiego rodzaju ser\u00f3w.<\/p>\n<p>kraj pochodzenia: <span style=\"font-weight: bold;\">Brazylia<\/span><br \/> pojemno\u015b\u0107: 0,75 l.<br \/> zawarto\u015b\u0107 alk. 13%<\/p>\n","protected":false},"excerpt":{"rendered":"<p>Bia\u0142e\/wytrawne Wino o lekko z\u0142otawo-zielonym kolorze, kr\u0105g\u0142e, eleganckie, o intensywnym i z\u0142o\u017conym aromacie. Le\u017cakowane w beczce z gron z regionu Vale de Vinhedos. Aromat zielonego jab\u0142ka, miodu, gruszek, trufli, wanilii, kokosu, karmelu. Zalecana te&#8230;<\/p>\n","protected":false},"featured_media":10843,"comment_status":"open","ping_status":"closed","template":"","meta":[],"product_cat":[127,80],"product_tag":[],"class_list":{"0":"post-10844","1":"product","2":"type-product","3":"status-publish","4":"has-post-thumbnail","6":"product_cat-brazylia","7":"product_cat-wina-swiata","9":"first","10":"instock","11":"shipping-taxable","12":"purchasable","13":"product-type-simple"},"_links":{"self":[{"href":"http:\/\/delikatesy.wineport.pl\/index.php?rest_route=\/wp\/v2\/product\/10844","targetHints":{"allow":["GET"]}}],"collection":[{"href":"http:\/\/delikatesy.wineport.pl\/index.php?rest_route=\/wp\/v2\/product"}],"about":[{"href":"http:\/\/delikatesy.wineport.pl\/index.php?rest_route=\/wp\/v2\/types\/product"}],"replies":[{"embeddable":true,"href":"http:\/\/delikatesy.wineport.pl\/index.php?rest_route=%2Fwp%2Fv2%2Fcomments&post=10844"}],"wp:featuredmedia":[{"embeddable":true,"href":"http:\/\/delikatesy.wineport.pl\/index.php?rest_route=\/wp\/v2\/media\/10843"}],"wp:attachment":[{"href":"http:\/\/delikatesy.wineport.pl\/index.php?rest_route=%2Fwp%2Fv2%2Fmedia&parent=10844"}],"wp:term":[{"taxonomy":"product_cat","embeddable":true,"href":"http:\/\/delikatesy.wineport.pl\/index.php?rest_route=%2Fwp%2Fv2%2Fproduct_cat&post=10844"},{"taxonomy":"product_tag","embeddable":true,"href":"http:\/\/delikatesy.wineport.pl\/index.php?rest_route=%2Fwp%2Fv2%2Fproduct_tag&post=10844"}],"curies":[{"name":"wp","href":"https:\/\/api.w.org\/{rel}","templated":true}]}}