{"id":10846,"date":"2024-03-14T13:26:58","date_gmt":"2024-03-14T12:26:58","guid":{"rendered":"http:\/\/delikatesy.wineport.pl\/?product=wino-miolo-merlot-reserva-075l"},"modified":"2026-05-10T18:08:13","modified_gmt":"2026-05-10T16:08:13","slug":"wino-miolo-merlot-reserva-075l","status":"publish","type":"product","link":"http:\/\/delikatesy.wineport.pl\/?product=wino-miolo-merlot-reserva-075l","title":{"rendered":"Wino Miolo Merlot Reserva 0,75L"},"content":{"rendered":"<p><span style=\"color: #ff0000;\">UWAGA!!! NIE WYSY\u0141AMY ALKOHOLU KURIEREM W PRZYPADKU ZAM\u00d3WIE\u0143 OD OS\u00d3B PRYWATNYCH, TYLKO ODBI\u00d3R OSOBISTY NA UL. \u015aW. STANIS\u0141AWA 12 W WARSZAWIE!!! W przypadku op\u0142acenia zam\u00f3wienia alkoholu z wysy\u0142k\u0105, przy zwrocie pieni\u0119dzy zostanie potr\u0105cona prowizja\u00a0<\/span><strong style=\"color: #ff0000;\">DOTPAY<\/strong><span style=\"color: #ff0000;\">!<\/span><\/p>\n<table border=\"0\" width=\"366\" cellspacing=\"8\" cellpadding=\"2\">\n<tbody>\n<tr>\n<td colspan=\"2\">Czerwone\/wytrawne<\/p>\n<p>Dobrze zbudowane i zharmonizowane, wyczuwalny wp\u0142yw le\u017cakowania w beczce. Wino o du\u017cym potencjale starzenia. Kolor intensywny, purpurowy. Aromat sk\u00f3ry, czarnej porzeczki, tytoniu, palonej kawy, grzyb\u00f3w, maliny i kokosu. W smaku d\u0142ugie, delikatnie wyczuwalne taniny. Oko\u0142o 50% wina le\u017cakuje w beczce z ameryka\u0144skiego d\u0119bu, pozosta\u0142a cz\u0119\u015b\u0107 w stalowych tankach. Idealna temperatura serwowania 16-18 St. C., zalecane jest otwarcie wina 30 min. przed planowanym serwowaniem. Idealne do wszystkich rodzaj\u00f3w czerwonych mi\u0119s, potraw z grilla, makaron\u00f3w sosem grzybowym, pizzy. POasuje r\u00f3wnie\u017c do wszelkiego rodzaju ser\u00f3w.<\/td>\n<\/tr>\n<p>  <!-- BEGIN DYNAMIC BLOCK: additional -->  <\/p>\n<tr>\n<td colspan=\"2\">kraj pochodzenia: <span style=\"font-weight: bold;\">Brazylia<\/span><br \/> pojemno\u015b\u0107: 0,75 l.<br \/> zawarto\u015b\u0107 alk. 13%<\/td>\n<\/tr>\n<\/tbody>\n<\/table>\n<p>\u00a0<\/p>\n","protected":false},"excerpt":{"rendered":"<p>Czerwone\/wytrawne Dobrze zbudowane i zharmonizowane, wyczuwalny wp\u0142yw le\u017cakowania w beczce. Wino o du\u017cym potencjale starzenia. Kolor intensywny, purpurowy. Aromat sk\u00f3ry, czarnej porzeczki, tytoniu, palonej kawy, grzyb\u00f3w, maliny i kokosu. W smaku d\u0142ug&#8230;<\/p>\n","protected":false},"featured_media":10845,"comment_status":"open","ping_status":"closed","template":"","meta":[],"product_cat":[127,80],"product_tag":[],"class_list":{"0":"post-10846","1":"product","2":"type-product","3":"status-publish","4":"has-post-thumbnail","6":"product_cat-brazylia","7":"product_cat-wina-swiata","9":"first","10":"instock","11":"shipping-taxable","12":"purchasable","13":"product-type-simple"},"_links":{"self":[{"href":"http:\/\/delikatesy.wineport.pl\/index.php?rest_route=\/wp\/v2\/product\/10846","targetHints":{"allow":["GET"]}}],"collection":[{"href":"http:\/\/delikatesy.wineport.pl\/index.php?rest_route=\/wp\/v2\/product"}],"about":[{"href":"http:\/\/delikatesy.wineport.pl\/index.php?rest_route=\/wp\/v2\/types\/product"}],"replies":[{"embeddable":true,"href":"http:\/\/delikatesy.wineport.pl\/index.php?rest_route=%2Fwp%2Fv2%2Fcomments&post=10846"}],"wp:featuredmedia":[{"embeddable":true,"href":"http:\/\/delikatesy.wineport.pl\/index.php?rest_route=\/wp\/v2\/media\/10845"}],"wp:attachment":[{"href":"http:\/\/delikatesy.wineport.pl\/index.php?rest_route=%2Fwp%2Fv2%2Fmedia&parent=10846"}],"wp:term":[{"taxonomy":"product_cat","embeddable":true,"href":"http:\/\/delikatesy.wineport.pl\/index.php?rest_route=%2Fwp%2Fv2%2Fproduct_cat&post=10846"},{"taxonomy":"product_tag","embeddable":true,"href":"http:\/\/delikatesy.wineport.pl\/index.php?rest_route=%2Fwp%2Fv2%2Fproduct_tag&post=10846"}],"curies":[{"name":"wp","href":"https:\/\/api.w.org\/{rel}","templated":true}]}}