{"id":10848,"date":"2024-03-14T13:26:59","date_gmt":"2024-03-14T12:26:59","guid":{"rendered":"http:\/\/delikatesy.wineport.pl\/?product=wino-miolo-pinot-noir-reserva-075l"},"modified":"2026-05-10T18:08:14","modified_gmt":"2026-05-10T16:08:14","slug":"wino-miolo-pinot-noir-reserva-075l","status":"publish","type":"product","link":"http:\/\/delikatesy.wineport.pl\/?product=wino-miolo-pinot-noir-reserva-075l","title":{"rendered":"Wino Miolo Pinot Noir Reserva 0,75L"},"content":{"rendered":"<p><span style=\"color: #ff0000;\">UWAGA!!! NIE WYSY\u0141AMY ALKOHOLU KURIEREM W PRZYPADKU ZAM\u00d3WIE\u0143 OD OS\u00d3B PRYWATNYCH, TYLKO ODBI\u00d3R OSOBISTY NA UL. \u015aW. STANIS\u0141AWA 12 W WARSZAWIE!!! W przypadku op\u0142acenia zam\u00f3wienia alkoholu z wysy\u0142k\u0105, przy zwrocie pieni\u0119dzy zostanie potr\u0105cona prowizja\u00a0<\/span><strong style=\"color: #ff0000;\">DOTPAY<\/strong><span style=\"color: #ff0000;\">!<\/span><\/p>\n<p>Czerwone\/wytrawne<\/p>\n<p>Le\u017cakowane w 50 % w beczkach z ameryka\u0144skiego d\u0119bu pozosta\u0142a cz\u0119\u015b\u0107 w stalowych tankach. Kolor intensywny &#8211; rubinowy z delikatn\u0105 nut\u0105 bursztynu. Bukiet intensywny, bardzo delikatny, wyczuwalny zapach kawy, czekolady, karmelu, kokosu, truskawek i suszonych \u015bliwek. Dobrze zbudowane, na ko\u0144cu delikatne i lekko taniczne. Najlepiej serwowa\u0107 w temp. 15-16 st. C. Polecane do mi\u0119sa grillowanego, drobiu, pieczonego kurczaka, makaron\u00f3w, ser\u00f3w, pizzy, grzyb\u00f3w i fundy. Idealne jako aperitif. <\/p>\n<p>kraj pochodzenia: <span style=\"font-weight: bold;\">Brazylia<\/span><br \/> pojemno\u015b\u0107: 0,75 l.<br \/> zawarto\u015b\u0107 alk. 13%<\/p>\n<p>  <!-- BEGIN DYNAMIC BLOCK: additional --><\/p>\n","protected":false},"excerpt":{"rendered":"<p>Czerwone\/wytrawne Le\u017cakowane w 50 % w beczkach z ameryka\u0144skiego d\u0119bu pozosta\u0142a cz\u0119\u015b\u0107 w stalowych tankach. Kolor intensywny &#8211; rubinowy z delikatn\u0105 nut\u0105 bursztynu. Bukiet intensywny, bardzo delikatny, wyczuwalny zapach kawy, czekolady, karmelu, kokosu,&#8230;<\/p>\n","protected":false},"featured_media":10847,"comment_status":"open","ping_status":"closed","template":"","meta":[],"product_cat":[127,80],"product_tag":[],"class_list":{"0":"post-10848","1":"product","2":"type-product","3":"status-publish","4":"has-post-thumbnail","6":"product_cat-brazylia","7":"product_cat-wina-swiata","9":"first","10":"instock","11":"shipping-taxable","12":"purchasable","13":"product-type-simple"},"_links":{"self":[{"href":"http:\/\/delikatesy.wineport.pl\/index.php?rest_route=\/wp\/v2\/product\/10848","targetHints":{"allow":["GET"]}}],"collection":[{"href":"http:\/\/delikatesy.wineport.pl\/index.php?rest_route=\/wp\/v2\/product"}],"about":[{"href":"http:\/\/delikatesy.wineport.pl\/index.php?rest_route=\/wp\/v2\/types\/product"}],"replies":[{"embeddable":true,"href":"http:\/\/delikatesy.wineport.pl\/index.php?rest_route=%2Fwp%2Fv2%2Fcomments&post=10848"}],"wp:featuredmedia":[{"embeddable":true,"href":"http:\/\/delikatesy.wineport.pl\/index.php?rest_route=\/wp\/v2\/media\/10847"}],"wp:attachment":[{"href":"http:\/\/delikatesy.wineport.pl\/index.php?rest_route=%2Fwp%2Fv2%2Fmedia&parent=10848"}],"wp:term":[{"taxonomy":"product_cat","embeddable":true,"href":"http:\/\/delikatesy.wineport.pl\/index.php?rest_route=%2Fwp%2Fv2%2Fproduct_cat&post=10848"},{"taxonomy":"product_tag","embeddable":true,"href":"http:\/\/delikatesy.wineport.pl\/index.php?rest_route=%2Fwp%2Fv2%2Fproduct_tag&post=10848"}],"curies":[{"name":"wp","href":"https:\/\/api.w.org\/{rel}","templated":true}]}}