{"id":10850,"date":"2024-03-14T13:26:59","date_gmt":"2024-03-14T12:26:59","guid":{"rendered":"http:\/\/delikatesy.wineport.pl\/?product=wino-miolo-cabernet-sauvignon-reasrva-075l"},"modified":"2026-05-10T18:08:14","modified_gmt":"2026-05-10T16:08:14","slug":"wino-miolo-cabernet-sauvignon-reasrva-075l","status":"publish","type":"product","link":"http:\/\/delikatesy.wineport.pl\/?product=wino-miolo-cabernet-sauvignon-reasrva-075l","title":{"rendered":"Wino Miolo Cabernet Sauvignon Reasrva 0,75L"},"content":{"rendered":"<p><span style=\"color: #ff0000;\">UWAGA!!! NIE WYSY\u0141AMY ALKOHOLU KURIEREM W PRZYPADKU ZAM\u00d3WIE\u0143 OD OS\u00d3B PRYWATNYCH, TYLKO ODBI\u00d3R OSOBISTY NA UL. \u015aW. STANIS\u0141AWA 12 W WARSZAWIE!!! W przypadku op\u0142acenia zam\u00f3wienia alkoholu z wysy\u0142k\u0105, przy zwrocie pieni\u0119dzy zostanie potr\u0105cona prowizja\u00a0<\/span><strong style=\"color: #ff0000;\">DOTPAY<\/strong><span style=\"color: #ff0000;\">!<\/span><\/p>\n<p>Czerwone\/wytrawne<\/p>\n<p>Wino dobrze zbudowane, mocne, z potencja\u0142em starzenia. Barwa purpurowa, intensywne z owocowym aromatem zharmonizowanym z taninami pochodz\u0105cymi z le\u017cakowania. Aromat konfitury, czekolady, rodzynek, grzyb\u00f3w, karmelu, kawy, orzech\u00f3w i tytoniu.<br \/> W smaku przyjemne, z wyczuwalnymi taninami, dobrze zharmonizowane. Na ko\u0144cu d\u0142ugie i intensywne. Idealne do wieprzowiny, wo\u0142owiny, jagni\u0119ciny, mi\u0119sa duszonego, risotto, makaron\u00f3w, sos\u00f3w, ser\u00f3w.<br \/>kraj pochodzenia: <span style=\"font-weight: bold;\">Brazylia<\/span><br \/> pojemno\u015b\u0107: 0,75 l.<br \/> zawarto\u015b\u0107 alk. 13%<\/p>\n","protected":false},"excerpt":{"rendered":"<p>Czerwone\/wytrawne Wino dobrze zbudowane, mocne, z potencja\u0142em starzenia. Barwa purpurowa, intensywne z owocowym aromatem zharmonizowanym z taninami pochodz\u0105cymi z le\u017cakowania. Aromat konfitury, czekolady, rodzynek, grzyb\u00f3w, karmelu, kawy, orzech\u00f3w i &#8230;<\/p>\n","protected":false},"featured_media":10849,"comment_status":"open","ping_status":"closed","template":"","meta":[],"product_cat":[127,80],"product_tag":[],"class_list":{"0":"post-10850","1":"product","2":"type-product","3":"status-publish","4":"has-post-thumbnail","6":"product_cat-brazylia","7":"product_cat-wina-swiata","9":"first","10":"instock","11":"shipping-taxable","12":"purchasable","13":"product-type-simple"},"_links":{"self":[{"href":"http:\/\/delikatesy.wineport.pl\/index.php?rest_route=\/wp\/v2\/product\/10850","targetHints":{"allow":["GET"]}}],"collection":[{"href":"http:\/\/delikatesy.wineport.pl\/index.php?rest_route=\/wp\/v2\/product"}],"about":[{"href":"http:\/\/delikatesy.wineport.pl\/index.php?rest_route=\/wp\/v2\/types\/product"}],"replies":[{"embeddable":true,"href":"http:\/\/delikatesy.wineport.pl\/index.php?rest_route=%2Fwp%2Fv2%2Fcomments&post=10850"}],"wp:featuredmedia":[{"embeddable":true,"href":"http:\/\/delikatesy.wineport.pl\/index.php?rest_route=\/wp\/v2\/media\/10849"}],"wp:attachment":[{"href":"http:\/\/delikatesy.wineport.pl\/index.php?rest_route=%2Fwp%2Fv2%2Fmedia&parent=10850"}],"wp:term":[{"taxonomy":"product_cat","embeddable":true,"href":"http:\/\/delikatesy.wineport.pl\/index.php?rest_route=%2Fwp%2Fv2%2Fproduct_cat&post=10850"},{"taxonomy":"product_tag","embeddable":true,"href":"http:\/\/delikatesy.wineport.pl\/index.php?rest_route=%2Fwp%2Fv2%2Fproduct_tag&post=10850"}],"curies":[{"name":"wp","href":"https:\/\/api.w.org\/{rel}","templated":true}]}}