{"id":10874,"date":"2024-03-14T13:27:03","date_gmt":"2024-03-14T12:27:03","guid":{"rendered":"http:\/\/delikatesy.wineport.pl\/?product=chateau-de-lavagnac-bordeaux-075l"},"modified":"2026-05-10T18:09:06","modified_gmt":"2026-05-10T16:09:06","slug":"chateau-de-lavagnac-bordeaux-075l","status":"publish","type":"product","link":"http:\/\/delikatesy.wineport.pl\/?product=chateau-de-lavagnac-bordeaux-075l","title":{"rendered":"Chateau de Lavagnac Bordeaux 0,75L"},"content":{"rendered":"<p><span style=\"color: #ff0000; font-size: 16px; font-family: arial, helvetica, sans-serif;\">UWAGA!!! NIE WYSY\u0141AMY ALKOHOLU KURIEREM W PRZYPADKU ZAM\u00d3WIE\u0143 OD OS\u00d3B PRYWATNYCH, TYLKO ODBI\u00d3R OSOBISTY NA UL. \u015aW. STANIS\u0141AWA 12 W WARSZAWIE!!! W przypadku op\u0142acenia zam\u00f3wienia alkoholu z wysy\u0142k\u0105, przy zwrocie pieni\u0119dzy zostanie potr\u0105cona prowizja dotpay!<\/span><\/p>\n<p>Region: Bordeaux<\/p>\n<p>Szczepy: Merlot 75%, Cabernet Sauvignon 20%, Cabernet Franc 5%<\/p>\n<p>Pojemno\u015b\u0107: 0,75 l<\/p>\n<p>Zawarto\u015b\u0107 alkoholu: 12%<\/p>\n<p>Wino idealnie zr\u00f3wnowa\u017cone, delikatne i subtelnie owocowe. Staranna uprawa i tradycja winnic z Bordeaux pozwoli\u0142y uzyska\u0107 wino o bardzo wywa\u017conych taninach, kr\u0105g\u0142e i \u0142atwe do picia. Doskona\u0142e z czerwonym mi\u0119sem, drobiem, dziczyzn\u0105 i serami.<\/p>\n","protected":false},"excerpt":{"rendered":"<p><span style=\"color: #ff0000; font-size: 16px; font-family: arial, helvetica, sans-serif;\">UWAGA!!! NIE WYSY\u0141AMY ALKOHOLU KURIEREM W PRZYPADKU ZAM\u00d3WIE\u0143 OD OS\u00d3B PRYWATNYCH, TYLKO ODBI\u00d3R OSOBISTY NA UL. \u015aW. STANIS\u0141AWA 12 W WARSZAWIE!!! W przypadku op\u0142acenia zam\u00f3wienia alkoholu z wysy\u0142k\u0105, przy zwrocie pieni\u0119dzy zostanie potr\u0105cona prowizja dotpay!<\/span><\/p>\n<p>Region: Bordeaux<\/p>\n<p>Szczepy: Merlot 75%, Cabernet Sauvignon 20%, Cabernet Franc 5%<\/p>\n<p>Pojemno\u015b\u0107: 0,75 l<\/p>\n<p>Zawarto\u015b\u0107 alkoholu: 12%<\/p>\n<p>Wino idealnie zr\u00f3wnowa\u017cone, delikatne i subtelnie owocowe. Staranna uprawa i tradycja winnic z Bordeaux pozwoli\u0142y uzyska\u0107 wino o bardzo wywa\u017conych taninach, kr\u0105g\u0142e i \u0142atwe do picia. Doskona\u0142e z czerwonym mi\u0119sem, drobiem, dziczyzn\u0105 i serami.<\/p>\n","protected":false},"featured_media":10873,"comment_status":"open","ping_status":"closed","template":"","meta":[],"product_cat":[83,85,80],"product_tag":[],"class_list":{"0":"post-10874","1":"product","2":"type-product","3":"status-publish","4":"has-post-thumbnail","6":"product_cat-francja","7":"product_cat-francja-bordeaux","8":"product_cat-wina-swiata","10":"first","11":"instock","12":"shipping-taxable","13":"purchasable","14":"product-type-simple"},"_links":{"self":[{"href":"http:\/\/delikatesy.wineport.pl\/index.php?rest_route=\/wp\/v2\/product\/10874","targetHints":{"allow":["GET"]}}],"collection":[{"href":"http:\/\/delikatesy.wineport.pl\/index.php?rest_route=\/wp\/v2\/product"}],"about":[{"href":"http:\/\/delikatesy.wineport.pl\/index.php?rest_route=\/wp\/v2\/types\/product"}],"replies":[{"embeddable":true,"href":"http:\/\/delikatesy.wineport.pl\/index.php?rest_route=%2Fwp%2Fv2%2Fcomments&post=10874"}],"wp:featuredmedia":[{"embeddable":true,"href":"http:\/\/delikatesy.wineport.pl\/index.php?rest_route=\/wp\/v2\/media\/10873"}],"wp:attachment":[{"href":"http:\/\/delikatesy.wineport.pl\/index.php?rest_route=%2Fwp%2Fv2%2Fmedia&parent=10874"}],"wp:term":[{"taxonomy":"product_cat","embeddable":true,"href":"http:\/\/delikatesy.wineport.pl\/index.php?rest_route=%2Fwp%2Fv2%2Fproduct_cat&post=10874"},{"taxonomy":"product_tag","embeddable":true,"href":"http:\/\/delikatesy.wineport.pl\/index.php?rest_route=%2Fwp%2Fv2%2Fproduct_tag&post=10874"}],"curies":[{"name":"wp","href":"https:\/\/api.w.org\/{rel}","templated":true}]}}