{"id":10878,"date":"2024-03-14T13:27:06","date_gmt":"2024-03-14T12:27:06","guid":{"rendered":"http:\/\/delikatesy.wineport.pl\/?product=wino-chateau-robin-saint-denis-aoc-bordeaux-075l"},"modified":"2026-05-10T18:09:06","modified_gmt":"2026-05-10T16:09:06","slug":"wino-chateau-robin-saint-denis-aoc-bordeaux-075l","status":"publish","type":"product","link":"http:\/\/delikatesy.wineport.pl\/?product=wino-chateau-robin-saint-denis-aoc-bordeaux-075l","title":{"rendered":"Wino Chateau Robin Saint Denis AOC Bordeaux 0,75L"},"content":{"rendered":"<p><span style=\"color: #ff0000; font-size: 16px; font-family: arial, helvetica, sans-serif;\">UWAGA!!! NIE WYSY\u0141AMY ALKOHOLU KURIEREM W PRZYPADKU ZAM\u00d3WIE\u0143 OD OS\u00d3B PRYWATNYCH, TYLKO ODBI\u00d3R OSOBISTY NA UL. \u015aW. STANIS\u0141AWA 12 W WARSZAWIE!!! W przypadku op\u0142acenia zam\u00f3wienia alkoholu z wysy\u0142k\u0105, przy zwrocie pieni\u0119dzy zostanie potr\u0105cona prowizja dotpay!<\/span><\/p>\n<p>Region: Bordeaux<\/p>\n<p>Szczepy: Merlot 45%, Cabernet Sauvignon 55%<\/p>\n<p>Pojemno\u015b\u0107: 0,75 l<\/p>\n<p>Zawarto\u015b\u0107 alkoholu: 12,5%<\/p>\n<p>Wino o doskona\u0142ym stosunku jako\u015bci do ceny. Przyjemny rubinowy kolor, delikatny aromat owocowy. Taniny nie s\u0105 zbyt agresywne. Zachowana r\u00f3wnowaga pomi\u0119dzy kr\u0105g\u0142o\u015bci\u0105 i moc\u0105. Doskona\u0142e zar\u00f3wno do mi\u0119sa czerwonego i bia\u0142ego i sera. Degustowa\u0107 w temperaturze 16\u00b0 do 18\u00b0C.<\/p>\n","protected":false},"excerpt":{"rendered":"<p><span style=\"color: #ff0000; font-size: 16px; font-family: arial, helvetica, sans-serif;\">UWAGA!!! NIE WYSY\u0141AMY ALKOHOLU KURIEREM W PRZYPADKU ZAM\u00d3WIE\u0143 OD OS\u00d3B PRYWATNYCH, TYLKO ODBI\u00d3R OSOBISTY NA UL. \u015aW. STANIS\u0141AWA 12 W WARSZAWIE!!! W przypadku op\u0142acenia zam\u00f3wienia alkoholu z wysy\u0142k\u0105, przy zwrocie pieni\u0119dzy zostanie potr\u0105cona prowizja dotpay!<\/span><\/p>\n<p>Region: Bordeaux<\/p>\n<p>Szczepy: Merlot 45%, Cabernet Sauvignon 55%<\/p>\n<p>Pojemno\u015b\u0107: 0,75 l<\/p>\n<p>Zawarto\u015b\u0107 alkoholu: 12,5%<\/p>\n<p>Wino o doskona\u0142ym stosunku jako\u015bci do ceny. Przyjemny rubinowy kolor, delikatny aromat owocowy. Taniny nie s\u0105 zbyt agresywne. Zachowana r\u00f3wnowaga pomi\u0119dzy kr\u0105g\u0142o\u015bci\u0105 i moc\u0105. Doskona\u0142e zar\u00f3wno do mi\u0119sa czerwonego i bia\u0142ego i sera. Degustowa\u0107 w temperaturze 16\u00b0 do 18\u00b0C.<\/p>\n","protected":false},"featured_media":10877,"comment_status":"open","ping_status":"closed","template":"","meta":[],"product_cat":[83,85,80],"product_tag":[],"class_list":{"0":"post-10878","1":"product","2":"type-product","3":"status-publish","4":"has-post-thumbnail","6":"product_cat-francja","7":"product_cat-francja-bordeaux","8":"product_cat-wina-swiata","10":"first","11":"instock","12":"shipping-taxable","13":"purchasable","14":"product-type-simple"},"_links":{"self":[{"href":"http:\/\/delikatesy.wineport.pl\/index.php?rest_route=\/wp\/v2\/product\/10878","targetHints":{"allow":["GET"]}}],"collection":[{"href":"http:\/\/delikatesy.wineport.pl\/index.php?rest_route=\/wp\/v2\/product"}],"about":[{"href":"http:\/\/delikatesy.wineport.pl\/index.php?rest_route=\/wp\/v2\/types\/product"}],"replies":[{"embeddable":true,"href":"http:\/\/delikatesy.wineport.pl\/index.php?rest_route=%2Fwp%2Fv2%2Fcomments&post=10878"}],"wp:featuredmedia":[{"embeddable":true,"href":"http:\/\/delikatesy.wineport.pl\/index.php?rest_route=\/wp\/v2\/media\/10877"}],"wp:attachment":[{"href":"http:\/\/delikatesy.wineport.pl\/index.php?rest_route=%2Fwp%2Fv2%2Fmedia&parent=10878"}],"wp:term":[{"taxonomy":"product_cat","embeddable":true,"href":"http:\/\/delikatesy.wineport.pl\/index.php?rest_route=%2Fwp%2Fv2%2Fproduct_cat&post=10878"},{"taxonomy":"product_tag","embeddable":true,"href":"http:\/\/delikatesy.wineport.pl\/index.php?rest_route=%2Fwp%2Fv2%2Fproduct_tag&post=10878"}],"curies":[{"name":"wp","href":"https:\/\/api.w.org\/{rel}","templated":true}]}}