{"id":10880,"date":"2024-03-14T13:27:07","date_gmt":"2024-03-14T12:27:07","guid":{"rendered":"http:\/\/delikatesy.wineport.pl\/?product=wino-la-dame-de-gontey-moelleux-bordeaux-superieur-075l"},"modified":"2026-05-10T18:09:06","modified_gmt":"2026-05-10T16:09:06","slug":"wino-la-dame-de-gontey-moelleux-bordeaux-superieur-075l","status":"publish","type":"product","link":"http:\/\/delikatesy.wineport.pl\/?product=wino-la-dame-de-gontey-moelleux-bordeaux-superieur-075l","title":{"rendered":"Wino La Dame de Gontey Moelleux Bordeaux Superieur 0,75L"},"content":{"rendered":"<p><span style=\"color: #ff0000; font-size: 16px; font-family: arial, helvetica, sans-serif;\">UWAGA!!! NIE WYSY\u0141AMY ALKOHOLU KURIEREM W PRZYPADKU ZAM\u00d3WIE\u0143 OD OS\u00d3B PRYWATNYCH, TYLKO ODBI\u00d3R OSOBISTY NA UL. \u015aW. STANIS\u0141AWA 12 W WARSZAWIE!!! W przypadku op\u0142acenia zam\u00f3wienia alkoholu z wysy\u0142k\u0105, przy zwrocie pieni\u0119dzy zostanie potr\u0105cona prowizja dotpay!<\/span><\/p>\n<p>bia\u0142e\/s\u0142odkie<\/p>\n<p>Francja<\/p>\n<p>Region: Bordeaux<\/p>\n<p>pojemno\u015b\u0107: 0,75 l.<\/p>\n<p>zawarto\u015b\u0107 alkoholu:\u00a013%<\/p>\n<p>Mi\u0142y \u017c\u00f3\u0142ty kolor ze z\u0142otymi przeb\u0142yskami. Elegancki, kandyzowany bukiet z elementami miodu i owoc\u00f3w tropikalnych. Dobra r\u00f3wnowaga pomi\u0119dzy cukrem\/kwasowo\u015bci\u0105\/alkoholem kt\u00f3ra daje temu winu ca\u0142o\u015b\u0107 elegancji. Doskona\u0142e do przystawek, bia\u0142ego mi\u0119sa i ser\u00f3w, szczeg\u00f3lnie Roquefort ! R\u00f3wnie\u017c znakomity aperitif z bukietem orzech\u00f3w<\/p>\n","protected":false},"excerpt":{"rendered":"<p><span style=\"color: #ff0000; font-size: 16px; font-family: arial, helvetica, sans-serif;\">UWAGA!!! NIE WYSY\u0141AMY ALKOHOLU KURIEREM W PRZYPADKU ZAM\u00d3WIE\u0143 OD OS\u00d3B PRYWATNYCH, TYLKO ODBI\u00d3R OSOBISTY NA UL. \u015aW. STANIS\u0141AWA 12 W WARSZAWIE!!! W przypadku op\u0142acenia zam\u00f3wienia alkoholu z wysy\u0142k\u0105, przy zwrocie pieni\u0119dzy zostanie potr\u0105cona prowizja dotpay!<\/span><\/p>\n<p>bia\u0142e\/s\u0142odkie<\/p>\n<p>Francja<\/p>\n<p>Region: Bordeaux<\/p>\n<p>pojemno\u015b\u0107: 0,75 l.<\/p>\n<p>zawarto\u015b\u0107 alkoholu: 13%<\/p>\n<p>Mi\u0142y \u017c\u00f3\u0142ty kolor ze z\u0142otymi przeb\u0142yskami. Elegancki, kandyzowany bukiet z elementami miodu i owoc\u00f3w tropikalnych. Dobra r\u00f3wnowaga pomi\u0119dzy cukrem\/kwasowo\u015bci\u0105\/alkoholem kt\u00f3ra daje temu winu ca\u0142o\u015b\u0107 elegancji. Doskona\u0142e do przystawek, bia\u0142ego mi\u0119sa i ser\u00f3w, szczeg\u00f3lnie Roquefort ! R\u00f3wnie\u017c znakomity aperitif z bukietem orzech\u00f3w<\/p>\n","protected":false},"featured_media":10879,"comment_status":"open","ping_status":"closed","template":"","meta":[],"product_cat":[83,85,80],"product_tag":[],"class_list":{"0":"post-10880","1":"product","2":"type-product","3":"status-publish","4":"has-post-thumbnail","6":"product_cat-francja","7":"product_cat-francja-bordeaux","8":"product_cat-wina-swiata","10":"first","11":"instock","12":"shipping-taxable","13":"purchasable","14":"product-type-simple"},"_links":{"self":[{"href":"http:\/\/delikatesy.wineport.pl\/index.php?rest_route=\/wp\/v2\/product\/10880","targetHints":{"allow":["GET"]}}],"collection":[{"href":"http:\/\/delikatesy.wineport.pl\/index.php?rest_route=\/wp\/v2\/product"}],"about":[{"href":"http:\/\/delikatesy.wineport.pl\/index.php?rest_route=\/wp\/v2\/types\/product"}],"replies":[{"embeddable":true,"href":"http:\/\/delikatesy.wineport.pl\/index.php?rest_route=%2Fwp%2Fv2%2Fcomments&post=10880"}],"wp:featuredmedia":[{"embeddable":true,"href":"http:\/\/delikatesy.wineport.pl\/index.php?rest_route=\/wp\/v2\/media\/10879"}],"wp:attachment":[{"href":"http:\/\/delikatesy.wineport.pl\/index.php?rest_route=%2Fwp%2Fv2%2Fmedia&parent=10880"}],"wp:term":[{"taxonomy":"product_cat","embeddable":true,"href":"http:\/\/delikatesy.wineport.pl\/index.php?rest_route=%2Fwp%2Fv2%2Fproduct_cat&post=10880"},{"taxonomy":"product_tag","embeddable":true,"href":"http:\/\/delikatesy.wineport.pl\/index.php?rest_route=%2Fwp%2Fv2%2Fproduct_tag&post=10880"}],"curies":[{"name":"wp","href":"https:\/\/api.w.org\/{rel}","templated":true}]}}