{"id":10892,"date":"2024-03-14T13:27:12","date_gmt":"2024-03-14T12:27:12","guid":{"rendered":"http:\/\/delikatesy.wineport.pl\/?product=chateau-haut-piquat-aoc-lussac-saint-emilion-075-l"},"modified":"2026-05-10T18:09:08","modified_gmt":"2026-05-10T16:09:08","slug":"chateau-haut-piquat-aoc-lussac-saint-emilion-075-l","status":"publish","type":"product","link":"http:\/\/delikatesy.wineport.pl\/?product=chateau-haut-piquat-aoc-lussac-saint-emilion-075-l","title":{"rendered":"Chateau Haut Piquat AOC Lussac Saint Emilion 0,75 l"},"content":{"rendered":"<p><span style=\"color: #ff0000; font-size: 16px; font-family: arial, helvetica, sans-serif;\">UWAGA!!! NIE WYSY\u0141AMY ALKOHOLU KURIEREM W PRZYPADKU ZAM\u00d3WIE\u0143 OD OS\u00d3B PRYWATNYCH, TYLKO ODBI\u00d3R OSOBISTY NA UL. \u015aW. STANIS\u0141AWA 12 W WARSZAWIE!!! W przypadku op\u0142acenia zam\u00f3wienia alkoholu z wysy\u0142k\u0105, przy zwrocie pieni\u0119dzy zostanie potr\u0105cona prowizja dotpay!<\/span><\/p>\n<p>Region: Lussac Saint &#8211; Emilion<\/p>\n<p>Szczepy: Merlot 80%, Cabernet Sauvignon 15%, Cabernet Franc 5%<\/p>\n<p>Pojemno\u015b\u0107: 0,75 l<\/p>\n<p>Zawarto\u015b\u0107 alkoholu: 12,5%<\/p>\n<p>Idealnie po\u0142o\u017cona, Ch\u00e2teau PIMCAMPEAU produkuje szlachetne i bogate wino o g\u0142\u0119bokim, purpurowym kolorze i kompozycji zapach\u00f3w czerwonych owoc\u00f3w i wanilii. Posiada wywa\u017cone i harmonijne aromaty. Smak na podniebieniu potwierdza jego bukiet zapachowy. Wra\u017cenie smakowe o wy\u015bmienitej d\u0142ugo\u015bci. Pasuje doskonale do mi\u0119sa, drobiu, dziczyzny oraz ser\u00f3w.<\/p>\n","protected":false},"excerpt":{"rendered":"<p><span style=\"color: #ff0000; font-size: 16px; font-family: arial, helvetica, sans-serif;\">UWAGA!!! NIE WYSY\u0141AMY ALKOHOLU KURIEREM W PRZYPADKU ZAM\u00d3WIE\u0143 OD OS\u00d3B PRYWATNYCH, TYLKO ODBI\u00d3R OSOBISTY NA UL. \u015aW. STANIS\u0141AWA 12 W WARSZAWIE!!! W przypadku op\u0142acenia zam\u00f3wienia alkoholu z wysy\u0142k\u0105, przy zwrocie pieni\u0119dzy zostanie potr\u0105cona prowizja dotpay!<\/span><\/p>\n<p>Region: Lussac Saint &#8211; Emilion<\/p>\n<p>Szczepy: Merlot 80%, Cabernet Sauvignon 15%, Cabernet Franc 5%<\/p>\n<p>Pojemno\u015b\u0107: 0,75 l<\/p>\n<p>Zawarto\u015b\u0107 alkoholu: 12,5%<\/p>\n<p>Idealnie po\u0142o\u017cona, Ch\u00e2teau PIMCAMPEAU produkuje szlachetne i bogate wino o g\u0142\u0119bokim, purpurowym kolorze i kompozycji zapach\u00f3w czerwonych owoc\u00f3w i wanilii. Posiada wywa\u017cone i harmonijne aromaty. Smak na podniebieniu potwierdza jego bukiet zapachowy. Wra\u017cenie smakowe o wy\u015bmienitej d\u0142ugo\u015bci. Pasuje doskonale do mi\u0119sa, drobiu, dziczyzny oraz ser\u00f3w.<\/p>\n","protected":false},"featured_media":10891,"comment_status":"open","ping_status":"closed","template":"","meta":[],"product_cat":[83,85,80],"product_tag":[],"class_list":{"0":"post-10892","1":"product","2":"type-product","3":"status-publish","4":"has-post-thumbnail","6":"product_cat-francja","7":"product_cat-francja-bordeaux","8":"product_cat-wina-swiata","10":"first","11":"instock","12":"shipping-taxable","13":"purchasable","14":"product-type-simple"},"_links":{"self":[{"href":"http:\/\/delikatesy.wineport.pl\/index.php?rest_route=\/wp\/v2\/product\/10892","targetHints":{"allow":["GET"]}}],"collection":[{"href":"http:\/\/delikatesy.wineport.pl\/index.php?rest_route=\/wp\/v2\/product"}],"about":[{"href":"http:\/\/delikatesy.wineport.pl\/index.php?rest_route=\/wp\/v2\/types\/product"}],"replies":[{"embeddable":true,"href":"http:\/\/delikatesy.wineport.pl\/index.php?rest_route=%2Fwp%2Fv2%2Fcomments&post=10892"}],"wp:featuredmedia":[{"embeddable":true,"href":"http:\/\/delikatesy.wineport.pl\/index.php?rest_route=\/wp\/v2\/media\/10891"}],"wp:attachment":[{"href":"http:\/\/delikatesy.wineport.pl\/index.php?rest_route=%2Fwp%2Fv2%2Fmedia&parent=10892"}],"wp:term":[{"taxonomy":"product_cat","embeddable":true,"href":"http:\/\/delikatesy.wineport.pl\/index.php?rest_route=%2Fwp%2Fv2%2Fproduct_cat&post=10892"},{"taxonomy":"product_tag","embeddable":true,"href":"http:\/\/delikatesy.wineport.pl\/index.php?rest_route=%2Fwp%2Fv2%2Fproduct_tag&post=10892"}],"curies":[{"name":"wp","href":"https:\/\/api.w.org\/{rel}","templated":true}]}}