{"id":10906,"date":"2024-03-14T13:27:15","date_gmt":"2024-03-14T12:27:15","guid":{"rendered":"http:\/\/delikatesy.wineport.pl\/?product=wino-chateau-haute-fonrousse-aoc-monbazillac-075l"},"modified":"2026-05-10T18:09:11","modified_gmt":"2026-05-10T16:09:11","slug":"wino-chateau-haute-fonrousse-aoc-monbazillac-075l","status":"publish","type":"product","link":"http:\/\/delikatesy.wineport.pl\/?product=wino-chateau-haute-fonrousse-aoc-monbazillac-075l","title":{"rendered":"Wino Chateau Haute Fonrousse AOC Monbazillac 0,75L"},"content":{"rendered":"<p>Region: Monbazillac<\/p>\n<p>Szczepy: Semillon 60%, Muscadelle 30%, Sauvignon Blanc 10%<\/p>\n<p>Pojemno\u015b\u0107: 0,75 l<\/p>\n<p>Zawarto\u015b\u0107 alkoholu: 13,5%<\/p>\n<p>Wino niezwykle g\u0142adkie i owocowe. Kolor krystalicznie z\u0142oty. Aromat owocowy, z wyczuwalnymi zapachami suszonej moreli i miodu. Idealne do bia\u0142ych mi\u0119s i ser\u00f3w, a zw\u0142aszcza Roquefort! Doskona\u0142e jako aperitif wraz z orzechami w\u0142oskimi. Idealne do picia w temperaturze 8 do 12\u00b0C.<\/p>\n<p><span style=\"color: #ff0000;\">UWAGA!!! NIE WYSY\u0141AMY ALKOHOLU KURIEREM W PRZYPADKU ZAM\u00d3WIE\u0143 OD OS\u00d3B PRYWATNYCH, TYLKO ODBI\u00d3R OSOBISTY NA UL. \u015aW. STANIS\u0141AWA 12 W WARSZAWIE!!! W przypadku op\u0142acenia zam\u00f3wienia alkoholu z wysy\u0142k\u0105, przy zwrocie pieni\u0119dzy zostanie potr\u0105cona prowizja DOTPAY!<\/p>\n","protected":false},"excerpt":{"rendered":"<p>Region: Monbazillac<\/p>\n<p>Szczepy: Semillon 60%, Muscadelle 30%, Sauvignon Blanc 10%<\/p>\n<p>Pojemno\u015b\u0107: 0,75 l<\/p>\n<p>Zawarto\u015b\u0107 alkoholu: 13,5%<\/p>\n<p>Wino niezwykle g\u0142adkie i owocowe. Kolor krystalicznie z\u0142oty. Aromat owocowy, z wyczuwalnymi zapachami suszonej moreli i miodu. Idealne do bia\u0142ych mi\u0119s i ser\u00f3w, a zw\u0142aszcza Roquefort! Doskona\u0142e jako aperitif wraz z orzechami w\u0142oskimi. Idealne do picia w temperaturze 8 do 12\u00b0C.<\/p>\n","protected":false},"featured_media":10905,"comment_status":"open","ping_status":"closed","template":"","meta":[],"product_cat":[83,85,80],"product_tag":[],"class_list":{"0":"post-10906","1":"product","2":"type-product","3":"status-publish","4":"has-post-thumbnail","6":"product_cat-francja","7":"product_cat-francja-bordeaux","8":"product_cat-wina-swiata","10":"first","11":"instock","12":"shipping-taxable","13":"purchasable","14":"product-type-simple"},"_links":{"self":[{"href":"http:\/\/delikatesy.wineport.pl\/index.php?rest_route=\/wp\/v2\/product\/10906","targetHints":{"allow":["GET"]}}],"collection":[{"href":"http:\/\/delikatesy.wineport.pl\/index.php?rest_route=\/wp\/v2\/product"}],"about":[{"href":"http:\/\/delikatesy.wineport.pl\/index.php?rest_route=\/wp\/v2\/types\/product"}],"replies":[{"embeddable":true,"href":"http:\/\/delikatesy.wineport.pl\/index.php?rest_route=%2Fwp%2Fv2%2Fcomments&post=10906"}],"wp:featuredmedia":[{"embeddable":true,"href":"http:\/\/delikatesy.wineport.pl\/index.php?rest_route=\/wp\/v2\/media\/10905"}],"wp:attachment":[{"href":"http:\/\/delikatesy.wineport.pl\/index.php?rest_route=%2Fwp%2Fv2%2Fmedia&parent=10906"}],"wp:term":[{"taxonomy":"product_cat","embeddable":true,"href":"http:\/\/delikatesy.wineport.pl\/index.php?rest_route=%2Fwp%2Fv2%2Fproduct_cat&post=10906"},{"taxonomy":"product_tag","embeddable":true,"href":"http:\/\/delikatesy.wineport.pl\/index.php?rest_route=%2Fwp%2Fv2%2Fproduct_tag&post=10906"}],"curies":[{"name":"wp","href":"https:\/\/api.w.org\/{rel}","templated":true}]}}