{"id":10916,"date":"2024-03-14T13:27:19","date_gmt":"2024-03-14T12:27:19","guid":{"rendered":"http:\/\/delikatesy.wineport.pl\/?product=wino-chateauneuf-du-pape-philippe-bouchard-075l"},"modified":"2026-05-10T18:09:12","modified_gmt":"2026-05-10T16:09:12","slug":"wino-chateauneuf-du-pape-philippe-bouchard-075l","status":"publish","type":"product","link":"http:\/\/delikatesy.wineport.pl\/?product=wino-chateauneuf-du-pape-philippe-bouchard-075l","title":{"rendered":"Wino Chateauneuf du Pape Philippe Bouchard 0,75L"},"content":{"rendered":"<p>Region: Cotes du Rhone<\/p>\n<p>Szczep: Mourvedre, Grenache, Syrah<\/p>\n<p>Pojemno\u015b\u0107: 0,75 l<\/p>\n<p>Zawarto\u015b\u0107 alkoholu: 14%<\/p>\n<p>Ch\u00e2teauneuf-du-Pape jest \u015bwie\u017cym, wytrawnym winem, typowym dla regionu. Przyjemne po\u0142\u0105czenie winogron Mourvedre, Grenache oraz Syrah o dobrej strukturze i mo\u017cliwo\u015bci dojrzewania. Pikantne, pe\u0142ne o przyjemnym wyko\u0144czeniu. Mo\u017ce by\u0107 le\u017cakowane przez minimum 10 lat. Idealne do grillowanego mi\u0119sa, dziczyzny. Doskonale do potraw z bogatymi, dobrze przyprawionymi rozmarynem, ja\u0142owcem i tymiankiem sosami.<\/p>\n<p><span style=\"color: #ff0000;\">UWAGA!!! NIE WYSY\u0141AMY ALKOHOLU KURIEREM W PRZYPADKU ZAM\u00d3WIE\u0143 OD OS\u00d3B PRYWATNYCH, TYLKO ODBI\u00d3R OSOBISTY NA UL. \u015aW. STANIS\u0141AWA 12 W WARSZAWIE!!! W przypadku op\u0142acenia zam\u00f3wienia alkoholu z wysy\u0142k\u0105, przy zwrocie pieni\u0119dzy zostanie potr\u0105cona prowizja DOTPAY!<\/p>\n","protected":false},"excerpt":{"rendered":"<p>Region: Cotes du Rhone<\/p>\n<p>Szczep: Mourvedre, Grenache, Syrah<\/p>\n<p>Pojemno\u015b\u0107: 0,75 l<\/p>\n<p>Zawarto\u015b\u0107 alkoholu: 14%<\/p>\n<p>Ch\u00e2teauneuf-du-Pape jest \u015bwie\u017cym, wytrawnym winem, typowym dla regionu. Przyjemne po\u0142\u0105czenie winogron Mourvedre, Grenache oraz Syrah o dobrej strukturze i mo\u017cliwo\u015bci dojrzewania. Pikantne, pe\u0142ne o przyjemnym wyko\u0144czeniu. Mo\u017ce by\u0107 le\u017cakowane przez minimum 10 lat. Idealne do grillowanego mi\u0119sa, dziczyzny. Doskonale do potraw z bogatymi, dobrze przyprawionymi rozmarynem, ja\u0142owcem i tymiankiem sosami.<\/p>\n","protected":false},"featured_media":10915,"comment_status":"open","ping_status":"closed","template":"","meta":[],"product_cat":[83,86,80],"product_tag":[],"class_list":{"0":"post-10916","1":"product","2":"type-product","3":"status-publish","4":"has-post-thumbnail","6":"product_cat-francja","7":"product_cat-francja-cotes-du-rhone","8":"product_cat-wina-swiata","10":"first","11":"instock","12":"shipping-taxable","13":"purchasable","14":"product-type-simple"},"_links":{"self":[{"href":"http:\/\/delikatesy.wineport.pl\/index.php?rest_route=\/wp\/v2\/product\/10916","targetHints":{"allow":["GET"]}}],"collection":[{"href":"http:\/\/delikatesy.wineport.pl\/index.php?rest_route=\/wp\/v2\/product"}],"about":[{"href":"http:\/\/delikatesy.wineport.pl\/index.php?rest_route=\/wp\/v2\/types\/product"}],"replies":[{"embeddable":true,"href":"http:\/\/delikatesy.wineport.pl\/index.php?rest_route=%2Fwp%2Fv2%2Fcomments&post=10916"}],"wp:featuredmedia":[{"embeddable":true,"href":"http:\/\/delikatesy.wineport.pl\/index.php?rest_route=\/wp\/v2\/media\/10915"}],"wp:attachment":[{"href":"http:\/\/delikatesy.wineport.pl\/index.php?rest_route=%2Fwp%2Fv2%2Fmedia&parent=10916"}],"wp:term":[{"taxonomy":"product_cat","embeddable":true,"href":"http:\/\/delikatesy.wineport.pl\/index.php?rest_route=%2Fwp%2Fv2%2Fproduct_cat&post=10916"},{"taxonomy":"product_tag","embeddable":true,"href":"http:\/\/delikatesy.wineport.pl\/index.php?rest_route=%2Fwp%2Fv2%2Fproduct_tag&post=10916"}],"curies":[{"name":"wp","href":"https:\/\/api.w.org\/{rel}","templated":true}]}}