{"id":10940,"date":"2024-03-14T13:27:23","date_gmt":"2024-03-14T12:27:23","guid":{"rendered":"http:\/\/delikatesy.wineport.pl\/?product=wino-klostor-liebfraumilch-qba-nahe-075l"},"modified":"2026-05-10T18:10:13","modified_gmt":"2026-05-10T16:10:13","slug":"wino-klostor-liebfraumilch-qba-nahe-075l","status":"publish","type":"product","link":"http:\/\/delikatesy.wineport.pl\/?product=wino-klostor-liebfraumilch-qba-nahe-075l","title":{"rendered":"Wino Klostor Liebfraumilch QbA Nahe 0,75L"},"content":{"rendered":"<p><span style=\"color: #ff0000;\">UWAGA!!! NIE WYSY\u0141AMY ALKOHOLU KURIEREM W PRZYPADKU ZAM\u00d3WIE\u0143 OD OS\u00d3B PRYWATNYCH, TYLKO ODBI\u00d3R OSOBISTY NA UL. \u015aW. STANIS\u0141AWA 12 W WARSZAWIE!!! W przypadku op\u0142acenia zam\u00f3wienia alkoholu z wysy\u0142k\u0105, przy zwrocie pieni\u0119dzy zostanie potr\u0105cona prowizja\u00a0<\/span><strong style=\"color: #ff0000;\">DOTPAY<\/strong><span style=\"color: #ff0000;\">!<\/span><\/p>\n<p>\u00a0<\/p>\n<p>  <!-- [if gte mso 9]><xml>   <w:WordDocument>    <w:View>Normal<\/w:View>    <w:Zoom>0<\/w:Zoom>    <w:HyphenationZone>21<\/w:HyphenationZone>    <w:PunctuationKerning\/>    <w:ValidateAgainstSchemas\/>    <w:SaveIfXMLInvalid>false<\/w:SaveIfXMLInvalid>    <w:IgnoreMixedContent>false<\/w:IgnoreMixedContent>    <w:AlwaysShowPlaceholderText>false<\/w:AlwaysShowPlaceholderText>    <w:Compatibility>     <w:BreakWrappedTables\/>     <w:SnapToGridInCell\/>     <w:WrapTextWithPunct\/>     <w:UseAsianBreakRules\/>     <w:DontGrowAutofit\/>    <\/w:Compatibility>    <w:BrowserLevel>MicrosoftInternetExplorer4<\/w:BrowserLevel>   <\/w:WordDocument>  <\/xml><![endif]--><!-- [if gte mso 9]><xml>   <w:LatentStyles DefLockedState=\"false\" LatentStyleCount=\"156\">   <\/w:LatentStyles>  <\/xml><![endif]--><!-- [if gte mso 10]>  \n\n<style>   \/* Style Definitions *\/   table.MsoNormalTable  \t{mso-style-name:Standardowy;  \tmso-tstyle-rowband-size:0;  \tmso-tstyle-colband-size:0;  \tmso-style-noshow:yes;  \tmso-style-parent:\"\";  \tmso-padding-alt:0cm 5.4pt 0cm 5.4pt;  \tmso-para-margin:0cm;  \tmso-para-margin-bottom:.0001pt;  \tmso-pagination:widow-orphan;  \tfont-size:10.0pt;  \tfont-family:\"Times New Roman\";  \tmso-ansi-language:#0400;  \tmso-fareast-language:#0400;  \tmso-bidi-language:#0400;}  <\/style>\n\n  <![endif]-->  <\/p>\n<p class=\"MsoNormal\"><span style=\"font-family: Tahoma; color: black;\">Bia\u0142e\/p\u00f3\u0142wytrawne<\/span><\/p>\n<p>Bia\u0142e wino powsta\u0142e z gron Riesling, Muller Thurgau i Silvaner. Wino na ka\u017cd\u0105 okazj\u0119, pasuj\u0105ce do wi\u0119kszo\u015bci lekkich potraw. \u0141adnie \u0142\u0105czy delikatn\u0105 s\u0142odycz z nutami kwasowo\u015bci, co w po\u0142\u0105czeniu z kwiatowym bukietem daje bardzo przyjemne doznania. Wino to w swojej kategorii nale\u017cy do czo\u0142\u00f3wki niemieckiej.<br \/><span style=\"font-weight: bold;\">Niemcy<\/span><br \/>Region: <span style=\"font-weight: bold;\">Rheinhessen<\/span><br \/> pojemno\u015b\u0107: 0,75 l.<br \/> zawarto\u015b\u0107 alk. 9%<\/p>\n","protected":false},"excerpt":{"rendered":"<p>Bia\u0142e\/p\u00f3\u0142wytrawne Bia\u0142e wino powsta\u0142e z gron Riesling, Muller Thurgau i Silvaner. Wino na ka\u017cd\u0105 okazj\u0119, pasuj\u0105ce do wi\u0119kszo\u015bci lekkich potraw. \u0141adnie \u0142\u0105czy delikatn\u0105 s\u0142odycz z nutami kwasowo\u015bci, co w po\u0142\u0105czeniu z kwiatowym bukietem daje bardzo przyje&#8230;<\/p>\n","protected":false},"featured_media":10939,"comment_status":"open","ping_status":"closed","template":"","meta":[],"product_cat":[121,80],"product_tag":[],"class_list":{"0":"post-10940","1":"product","2":"type-product","3":"status-publish","4":"has-post-thumbnail","6":"product_cat-niemcy","7":"product_cat-wina-swiata","9":"first","10":"instock","11":"shipping-taxable","12":"purchasable","13":"product-type-simple"},"_links":{"self":[{"href":"http:\/\/delikatesy.wineport.pl\/index.php?rest_route=\/wp\/v2\/product\/10940","targetHints":{"allow":["GET"]}}],"collection":[{"href":"http:\/\/delikatesy.wineport.pl\/index.php?rest_route=\/wp\/v2\/product"}],"about":[{"href":"http:\/\/delikatesy.wineport.pl\/index.php?rest_route=\/wp\/v2\/types\/product"}],"replies":[{"embeddable":true,"href":"http:\/\/delikatesy.wineport.pl\/index.php?rest_route=%2Fwp%2Fv2%2Fcomments&post=10940"}],"wp:featuredmedia":[{"embeddable":true,"href":"http:\/\/delikatesy.wineport.pl\/index.php?rest_route=\/wp\/v2\/media\/10939"}],"wp:attachment":[{"href":"http:\/\/delikatesy.wineport.pl\/index.php?rest_route=%2Fwp%2Fv2%2Fmedia&parent=10940"}],"wp:term":[{"taxonomy":"product_cat","embeddable":true,"href":"http:\/\/delikatesy.wineport.pl\/index.php?rest_route=%2Fwp%2Fv2%2Fproduct_cat&post=10940"},{"taxonomy":"product_tag","embeddable":true,"href":"http:\/\/delikatesy.wineport.pl\/index.php?rest_route=%2Fwp%2Fv2%2Fproduct_tag&post=10940"}],"curies":[{"name":"wp","href":"https:\/\/api.w.org\/{rel}","templated":true}]}}